{"id":624,"date":"2024-01-05T13:54:03","date_gmt":"2024-01-05T13:54:03","guid":{"rendered":"https:\/\/romano-palace.ms2.decms.eu\/sale-meeting\/"},"modified":"2026-04-03T14:01:05","modified_gmt":"2026-04-03T14:01:05","slug":"versammlungsraeume","status":"publish","type":"page","link":"https:\/\/www.romanopalace.it\/de\/kongresse-events\/versammlungsraeume\/","title":{"rendered":"Versammlungsr\u00e4ume"},"content":{"rendered":"<p><strong>4 multifunktionale S\u00e4ale<\/strong>,<strong>mit Ihren atemberaubendem Ausblick,<\/strong> moderner Technologie und eleganten Stil stehen f\u00fcr verschiedene anl\u00e4sse zur verf\u00fcgung, wie <em>Briefing, Gespr\u00e4che, kleine Konferenzen und Austellungen.<\/em><\/p>\n<p>&nbsp;<\/p>\n","protected":false},"excerpt":{"rendered":"<p>4 multifunktionale S\u00e4ale,mit Ihren atemberaubendem Ausblick, moderner Technologie und eleganten Stil stehen f\u00fcr verschiedene anl\u00e4sse zur verf\u00fcgung, wie Briefing, Gespr\u00e4che, kleine Konferenzen und Austellungen. &nbsp;<\/p>\n","protected":false},"author":12,"featured_media":0,"parent":630,"menu_order":120,"comment_status":"closed","ping_status":"closed","template":"template-meeting.php","meta":{"footnotes":""},"yoast_head":"<!-- This site is optimized with the Yoast SEO plugin v22.3 - https:\/\/yoast.com\/wordpress\/plugins\/seo\/ -->\n<title>Versammlungsr\u00e4ume - Romano Palace Hotel<\/title>\n<meta name=\"description\" content=\"4 multifunktionale S\u00e4ale,mit Ihren atemberaubendem Ausblick, moderner Technologie und eleganten Stil stehen f\u00fcr verschiedene anl\u00e4sse zur verf\u00fcgung, wie Briefing, Gespr\u00e4che, kleine Konferenzen und Austellungen.  &nbsp;.\" \/>\n<meta name=\"robots\" content=\"index, follow, max-snippet:-1, max-image-preview:large, max-video-preview:-1\" \/>\n<link rel=\"canonical\" href=\"https:\/\/www.romanopalace.it\/de\/kongresse-events\/versammlungsraeume\/\" \/>\n<meta property=\"og:locale\" content=\"de_DE\" \/>\n<meta property=\"og:type\" content=\"article\" \/>\n<meta property=\"og:title\" content=\"Versammlungsr\u00e4ume - Romano Palace Hotel\" \/>\n<meta property=\"og:description\" content=\"4 multifunktionale S\u00e4ale,mit Ihren atemberaubendem Ausblick, moderner Technologie und eleganten Stil stehen f\u00fcr verschiedene anl\u00e4sse zur verf\u00fcgung, wie Briefing, Gespr\u00e4che, kleine Konferenzen und Austellungen.  &nbsp;.\" \/>\n<meta property=\"og:url\" content=\"https:\/\/www.romanopalace.it\/de\/kongresse-events\/versammlungsraeume\/\" \/>\n<meta property=\"og:site_name\" content=\"Romano Palace Hotel\" \/>\n<meta property=\"article:modified_time\" content=\"2026-04-03T14:01:05+00:00\" \/>\n<meta name=\"twitter:card\" content=\"summary_large_image\" \/>\n<meta name=\"twitter:label1\" content=\"Gesch\u00e4tzte Lesezeit\" \/>\n\t<meta name=\"twitter:data1\" content=\"1 Minute\" \/>\n<script type=\"application\/ld+json\" class=\"yoast-schema-graph\">{\"@context\":\"https:\/\/schema.org\",\"@graph\":[{\"@type\":\"WebPage\",\"@id\":\"https:\/\/www.romanopalace.it\/de\/kongresse-events\/versammlungsraeume\/\",\"url\":\"https:\/\/www.romanopalace.it\/de\/kongresse-events\/versammlungsraeume\/\",\"name\":\"Versammlungsr\u00e4ume - Romano Palace Hotel\",\"isPartOf\":{\"@id\":\"https:\/\/www.romanopalace.it\/de\/#website\"},\"datePublished\":\"2024-01-05T13:54:03+00:00\",\"dateModified\":\"2026-04-03T14:01:05+00:00\",\"description\":\"4 multifunktionale S\u00e4ale,mit Ihren atemberaubendem Ausblick, moderner Technologie und eleganten Stil stehen f\u00fcr verschiedene anl\u00e4sse zur verf\u00fcgung, wie Briefing, Gespr\u00e4che, kleine Konferenzen und Austellungen. &nbsp;.\",\"breadcrumb\":{\"@id\":\"https:\/\/www.romanopalace.it\/de\/kongresse-events\/versammlungsraeume\/#breadcrumb\"},\"inLanguage\":\"de-DE\",\"potentialAction\":[{\"@type\":\"ReadAction\",\"target\":[\"https:\/\/www.romanopalace.it\/de\/kongresse-events\/versammlungsraeume\/\"]}]},{\"@type\":\"BreadcrumbList\",\"@id\":\"https:\/\/www.romanopalace.it\/de\/kongresse-events\/versammlungsraeume\/#breadcrumb\",\"itemListElement\":[{\"@type\":\"ListItem\",\"position\":1,\"name\":\"Home\",\"item\":\"https:\/\/www.romanopalace.it\/de\/\"},{\"@type\":\"ListItem\",\"position\":2,\"name\":\"Kongresse und Events\",\"item\":\"https:\/\/www.romanopalace.it\/de\/kongresse-events\/\"},{\"@type\":\"ListItem\",\"position\":3,\"name\":\"Versammlungsr\u00e4ume\"}]},{\"@type\":\"WebSite\",\"@id\":\"https:\/\/www.romanopalace.it\/de\/#website\",\"url\":\"https:\/\/www.romanopalace.it\/de\/\",\"name\":\"Romano Palace Hotel\",\"description\":\"\",\"publisher\":{\"@id\":\"https:\/\/www.romanopalace.it\/de\/#organization\"},\"potentialAction\":[{\"@type\":\"SearchAction\",\"target\":{\"@type\":\"EntryPoint\",\"urlTemplate\":\"https:\/\/www.romanopalace.it\/de\/?s={search_term_string}\"},\"query-input\":\"required name=search_term_string\"}],\"inLanguage\":\"de-DE\"},{\"@type\":\"Organization\",\"@id\":\"https:\/\/www.romanopalace.it\/de\/#organization\",\"name\":\"Romano Palace Hotel\",\"url\":\"https:\/\/www.romanopalace.it\/de\/\",\"logo\":{\"@type\":\"ImageObject\",\"inLanguage\":\"de-DE\",\"@id\":\"https:\/\/www.romanopalace.it\/de\/#\/schema\/logo\/image\/\",\"url\":\"https:\/\/www.romanopalace.it\/wp-content\/uploads\/sites\/91\/2023\/12\/Romano-Palace-logo-OKKK.png\",\"contentUrl\":\"https:\/\/www.romanopalace.it\/wp-content\/uploads\/sites\/91\/2023\/12\/Romano-Palace-logo-OKKK.png\",\"width\":475,\"height\":497,\"caption\":\"Romano Palace Hotel\"},\"image\":{\"@id\":\"https:\/\/www.romanopalace.it\/de\/#\/schema\/logo\/image\/\"}}]}<\/script>\n<!-- \/ Yoast SEO plugin. -->","yoast_head_json":{"title":"Versammlungsr\u00e4ume - Romano Palace Hotel","description":"4 multifunktionale S\u00e4ale,mit Ihren atemberaubendem Ausblick, moderner Technologie und eleganten Stil stehen f\u00fcr verschiedene anl\u00e4sse zur verf\u00fcgung, wie Briefing, Gespr\u00e4che, kleine Konferenzen und Austellungen.  &nbsp;.","robots":{"index":"index","follow":"follow","max-snippet":"max-snippet:-1","max-image-preview":"max-image-preview:large","max-video-preview":"max-video-preview:-1"},"canonical":"https:\/\/www.romanopalace.it\/de\/kongresse-events\/versammlungsraeume\/","og_locale":"de_DE","og_type":"article","og_title":"Versammlungsr\u00e4ume - Romano Palace Hotel","og_description":"4 multifunktionale S\u00e4ale,mit Ihren atemberaubendem Ausblick, moderner Technologie und eleganten Stil stehen f\u00fcr verschiedene anl\u00e4sse zur verf\u00fcgung, wie Briefing, Gespr\u00e4che, kleine Konferenzen und Austellungen.  &nbsp;.","og_url":"https:\/\/www.romanopalace.it\/de\/kongresse-events\/versammlungsraeume\/","og_site_name":"Romano Palace Hotel","article_modified_time":"2026-04-03T14:01:05+00:00","twitter_card":"summary_large_image","twitter_misc":{"Gesch\u00e4tzte Lesezeit":"1 Minute"},"schema":{"@context":"https:\/\/schema.org","@graph":[{"@type":"WebPage","@id":"https:\/\/www.romanopalace.it\/de\/kongresse-events\/versammlungsraeume\/","url":"https:\/\/www.romanopalace.it\/de\/kongresse-events\/versammlungsraeume\/","name":"Versammlungsr\u00e4ume - Romano Palace Hotel","isPartOf":{"@id":"https:\/\/www.romanopalace.it\/de\/#website"},"datePublished":"2024-01-05T13:54:03+00:00","dateModified":"2026-04-03T14:01:05+00:00","description":"4 multifunktionale S\u00e4ale,mit Ihren atemberaubendem Ausblick, moderner Technologie und eleganten Stil stehen f\u00fcr verschiedene anl\u00e4sse zur verf\u00fcgung, wie Briefing, Gespr\u00e4che, kleine Konferenzen und Austellungen. &nbsp;.","breadcrumb":{"@id":"https:\/\/www.romanopalace.it\/de\/kongresse-events\/versammlungsraeume\/#breadcrumb"},"inLanguage":"de-DE","potentialAction":[{"@type":"ReadAction","target":["https:\/\/www.romanopalace.it\/de\/kongresse-events\/versammlungsraeume\/"]}]},{"@type":"BreadcrumbList","@id":"https:\/\/www.romanopalace.it\/de\/kongresse-events\/versammlungsraeume\/#breadcrumb","itemListElement":[{"@type":"ListItem","position":1,"name":"Home","item":"https:\/\/www.romanopalace.it\/de\/"},{"@type":"ListItem","position":2,"name":"Kongresse und Events","item":"https:\/\/www.romanopalace.it\/de\/kongresse-events\/"},{"@type":"ListItem","position":3,"name":"Versammlungsr\u00e4ume"}]},{"@type":"WebSite","@id":"https:\/\/www.romanopalace.it\/de\/#website","url":"https:\/\/www.romanopalace.it\/de\/","name":"Romano Palace Hotel","description":"","publisher":{"@id":"https:\/\/www.romanopalace.it\/de\/#organization"},"potentialAction":[{"@type":"SearchAction","target":{"@type":"EntryPoint","urlTemplate":"https:\/\/www.romanopalace.it\/de\/?s={search_term_string}"},"query-input":"required name=search_term_string"}],"inLanguage":"de-DE"},{"@type":"Organization","@id":"https:\/\/www.romanopalace.it\/de\/#organization","name":"Romano Palace Hotel","url":"https:\/\/www.romanopalace.it\/de\/","logo":{"@type":"ImageObject","inLanguage":"de-DE","@id":"https:\/\/www.romanopalace.it\/de\/#\/schema\/logo\/image\/","url":"https:\/\/www.romanopalace.it\/wp-content\/uploads\/sites\/91\/2023\/12\/Romano-Palace-logo-OKKK.png","contentUrl":"https:\/\/www.romanopalace.it\/wp-content\/uploads\/sites\/91\/2023\/12\/Romano-Palace-logo-OKKK.png","width":475,"height":497,"caption":"Romano Palace Hotel"},"image":{"@id":"https:\/\/www.romanopalace.it\/de\/#\/schema\/logo\/image\/"}}]}},"acf":[],"_links":{"self":[{"href":"https:\/\/www.romanopalace.it\/de\/wp-json\/wp\/v2\/pages\/624"}],"collection":[{"href":"https:\/\/www.romanopalace.it\/de\/wp-json\/wp\/v2\/pages"}],"about":[{"href":"https:\/\/www.romanopalace.it\/de\/wp-json\/wp\/v2\/types\/page"}],"author":[{"embeddable":true,"href":"https:\/\/www.romanopalace.it\/de\/wp-json\/wp\/v2\/users\/12"}],"replies":[{"embeddable":true,"href":"https:\/\/www.romanopalace.it\/de\/wp-json\/wp\/v2\/comments?post=624"}],"version-history":[{"count":0,"href":"https:\/\/www.romanopalace.it\/de\/wp-json\/wp\/v2\/pages\/624\/revisions"}],"up":[{"embeddable":true,"href":"https:\/\/www.romanopalace.it\/de\/wp-json\/wp\/v2\/pages\/630"}],"wp:attachment":[{"href":"https:\/\/www.romanopalace.it\/de\/wp-json\/wp\/v2\/media?parent=624"}],"curies":[{"name":"wp","href":"https:\/\/api.w.org\/{rel}","templated":true}]}}