{"id":706,"date":"2023-12-22T16:51:55","date_gmt":"2023-12-22T16:51:55","guid":{"rendered":"https:\/\/romano-palace.ms2.decms.eu\/restaurants-bars\/lounge-bar\/"},"modified":"2024-01-31T16:35:08","modified_gmt":"2024-01-31T16:35:08","slug":"lounge-bar","status":"publish","type":"page","link":"https:\/\/www.romanopalace.it\/de\/restaurants-bars\/lounge-bar\/","title":{"rendered":"Lounge Bar"},"content":{"rendered":"<p>Die warme Umarmung von <strong>\u00e4gyptischem Marmor und orientalischen Mosaiken<\/strong> vergangener Zeiten, die Weitl\u00e4ufigkeit der G\u00e4rten des <strong>Romano Palace<\/strong>, die durch die gro\u00dfen Fenster fast in die eleganten R\u00e4ume der <strong>Lounge Bar<\/strong> eindringen.<\/p>\n<p>Vom Morgen bis zum sp\u00e4ten Abend stehen den G\u00e4sten schnelle Mittagessen und Snacks, r<em>eichhaltiges Fr\u00fchst\u00fcck, internationale Cocktails und eine erlesene Auswahl an Weinen<\/em>, Tees und k\u00f6stliche Desserts, die vom Patissiere des Hotels meisterhaft zubereitet werden, zur Verf\u00fcgung.<\/p>\n","protected":false},"excerpt":{"rendered":"<p>Die warme Umarmung von \u00e4gyptischem Marmor und orientalischen Mosaiken vergangener Zeiten, die Weitl\u00e4ufigkeit der G\u00e4rten des Romano Palace, die durch die gro\u00dfen Fenster fast in die eleganten R\u00e4ume der Lounge Bar eindringen. Vom Morgen bis zum sp\u00e4ten Abend stehen den G\u00e4sten schnelle Mittagessen und Snacks, reichhaltiges Fr\u00fchst\u00fcck, internationale Cocktails und eine erlesene Auswahl an Weinen, [&hellip;]<\/p>\n","protected":false},"author":12,"featured_media":0,"parent":691,"menu_order":25,"comment_status":"closed","ping_status":"closed","template":"template-single-restaurant.php","meta":{"footnotes":""},"yoast_head":"<!-- This site is optimized with the Yoast SEO plugin v22.3 - https:\/\/yoast.com\/wordpress\/plugins\/seo\/ -->\n<title>Lounge Bar - Romano Palace Hotel<\/title>\n<meta name=\"description\" content=\"Die warme Umarmung von \u00e4gyptischem Marmor und orientalischen Mosaiken vergangener Zeiten, die Weitl\u00e4ufigkeit der G\u00e4rten des Romano Palace, die durch die gro\u00dfen Fenster fast in die eleganten R\u00e4ume der Lounge Bar eindringen.  Vom Morgen bis zum sp\u00e4ten Abend stehen den G\u00e4sten schnelle Mittagessen und Snacks, reichhaltiges Fr\u00fchst\u00fcck, internationale Cocktails und eine erlesene Auswahl an Weinen, Tees und k\u00f6stliche Desserts, die vom Patissiere des Hotels meisterhaft zubereitet werden, zur Verf\u00fcgung..\" \/>\n<meta name=\"robots\" content=\"index, follow, max-snippet:-1, max-image-preview:large, max-video-preview:-1\" \/>\n<link rel=\"canonical\" href=\"https:\/\/www.romanopalace.it\/de\/restaurants-bars\/lounge-bar\/\" \/>\n<meta property=\"og:locale\" content=\"de_DE\" \/>\n<meta property=\"og:type\" content=\"article\" \/>\n<meta property=\"og:title\" content=\"Lounge Bar - Romano Palace Hotel\" \/>\n<meta property=\"og:description\" content=\"Die warme Umarmung von \u00e4gyptischem Marmor und orientalischen Mosaiken vergangener Zeiten, die Weitl\u00e4ufigkeit der G\u00e4rten des Romano Palace, die durch die gro\u00dfen Fenster fast in die eleganten R\u00e4ume der Lounge Bar eindringen.  Vom Morgen bis zum sp\u00e4ten Abend stehen den G\u00e4sten schnelle Mittagessen und Snacks, reichhaltiges Fr\u00fchst\u00fcck, internationale Cocktails und eine erlesene Auswahl an Weinen, Tees und k\u00f6stliche Desserts, die vom Patissiere des Hotels meisterhaft zubereitet werden, zur Verf\u00fcgung..\" \/>\n<meta property=\"og:url\" content=\"https:\/\/www.romanopalace.it\/de\/restaurants-bars\/lounge-bar\/\" \/>\n<meta property=\"og:site_name\" content=\"Romano Palace Hotel\" \/>\n<meta property=\"article:modified_time\" content=\"2024-01-31T16:35:08+00:00\" \/>\n<meta name=\"twitter:card\" content=\"summary_large_image\" \/>\n<script type=\"application\/ld+json\" class=\"yoast-schema-graph\">{\"@context\":\"https:\/\/schema.org\",\"@graph\":[{\"@type\":\"WebPage\",\"@id\":\"https:\/\/www.romanopalace.it\/de\/restaurants-bars\/lounge-bar\/\",\"url\":\"https:\/\/www.romanopalace.it\/de\/restaurants-bars\/lounge-bar\/\",\"name\":\"Lounge Bar - Romano Palace Hotel\",\"isPartOf\":{\"@id\":\"https:\/\/www.romanopalace.it\/de\/#website\"},\"datePublished\":\"2023-12-22T16:51:55+00:00\",\"dateModified\":\"2024-01-31T16:35:08+00:00\",\"description\":\"Die warme Umarmung von \u00e4gyptischem Marmor und orientalischen Mosaiken vergangener Zeiten, die Weitl\u00e4ufigkeit der G\u00e4rten des Romano Palace, die durch die gro\u00dfen Fenster fast in die eleganten R\u00e4ume der Lounge Bar eindringen. Vom Morgen bis zum sp\u00e4ten Abend stehen den G\u00e4sten schnelle Mittagessen und Snacks, reichhaltiges Fr\u00fchst\u00fcck, internationale Cocktails und eine erlesene Auswahl an Weinen, Tees und k\u00f6stliche Desserts, die vom Patissiere des Hotels meisterhaft zubereitet werden, zur Verf\u00fcgung..\",\"breadcrumb\":{\"@id\":\"https:\/\/www.romanopalace.it\/de\/restaurants-bars\/lounge-bar\/#breadcrumb\"},\"inLanguage\":\"de-DE\",\"potentialAction\":[{\"@type\":\"ReadAction\",\"target\":[\"https:\/\/www.romanopalace.it\/de\/restaurants-bars\/lounge-bar\/\"]}]},{\"@type\":\"BreadcrumbList\",\"@id\":\"https:\/\/www.romanopalace.it\/de\/restaurants-bars\/lounge-bar\/#breadcrumb\",\"itemListElement\":[{\"@type\":\"ListItem\",\"position\":1,\"name\":\"Home\",\"item\":\"https:\/\/www.romanopalace.it\/de\/\"},{\"@type\":\"ListItem\",\"position\":2,\"name\":\"Restaurants &#038; Bars\",\"item\":\"https:\/\/www.romanopalace.it\/de\/restaurants-bars\/\"},{\"@type\":\"ListItem\",\"position\":3,\"name\":\"Lounge Bar\"}]},{\"@type\":\"WebSite\",\"@id\":\"https:\/\/www.romanopalace.it\/de\/#website\",\"url\":\"https:\/\/www.romanopalace.it\/de\/\",\"name\":\"Romano Palace Hotel\",\"description\":\"\",\"publisher\":{\"@id\":\"https:\/\/www.romanopalace.it\/de\/#organization\"},\"potentialAction\":[{\"@type\":\"SearchAction\",\"target\":{\"@type\":\"EntryPoint\",\"urlTemplate\":\"https:\/\/www.romanopalace.it\/de\/?s={search_term_string}\"},\"query-input\":\"required name=search_term_string\"}],\"inLanguage\":\"de-DE\"},{\"@type\":\"Organization\",\"@id\":\"https:\/\/www.romanopalace.it\/de\/#organization\",\"name\":\"Romano Palace Hotel\",\"url\":\"https:\/\/www.romanopalace.it\/de\/\",\"logo\":{\"@type\":\"ImageObject\",\"inLanguage\":\"de-DE\",\"@id\":\"https:\/\/www.romanopalace.it\/de\/#\/schema\/logo\/image\/\",\"url\":\"https:\/\/www.romanopalace.it\/wp-content\/uploads\/sites\/91\/2023\/12\/Romano-Palace-logo-OKKK.png\",\"contentUrl\":\"https:\/\/www.romanopalace.it\/wp-content\/uploads\/sites\/91\/2023\/12\/Romano-Palace-logo-OKKK.png\",\"width\":475,\"height\":497,\"caption\":\"Romano Palace Hotel\"},\"image\":{\"@id\":\"https:\/\/www.romanopalace.it\/de\/#\/schema\/logo\/image\/\"}}]}<\/script>\n<!-- \/ Yoast SEO plugin. -->","yoast_head_json":{"title":"Lounge Bar - Romano Palace Hotel","description":"Die warme Umarmung von \u00e4gyptischem Marmor und orientalischen Mosaiken vergangener Zeiten, die Weitl\u00e4ufigkeit der G\u00e4rten des Romano Palace, die durch die gro\u00dfen Fenster fast in die eleganten R\u00e4ume der Lounge Bar eindringen.  Vom Morgen bis zum sp\u00e4ten Abend stehen den G\u00e4sten schnelle Mittagessen und Snacks, reichhaltiges Fr\u00fchst\u00fcck, internationale Cocktails und eine erlesene Auswahl an Weinen, Tees und k\u00f6stliche Desserts, die vom Patissiere des Hotels meisterhaft zubereitet werden, zur Verf\u00fcgung..","robots":{"index":"index","follow":"follow","max-snippet":"max-snippet:-1","max-image-preview":"max-image-preview:large","max-video-preview":"max-video-preview:-1"},"canonical":"https:\/\/www.romanopalace.it\/de\/restaurants-bars\/lounge-bar\/","og_locale":"de_DE","og_type":"article","og_title":"Lounge Bar - Romano Palace Hotel","og_description":"Die warme Umarmung von \u00e4gyptischem Marmor und orientalischen Mosaiken vergangener Zeiten, die Weitl\u00e4ufigkeit der G\u00e4rten des Romano Palace, die durch die gro\u00dfen Fenster fast in die eleganten R\u00e4ume der Lounge Bar eindringen.  Vom Morgen bis zum sp\u00e4ten Abend stehen den G\u00e4sten schnelle Mittagessen und Snacks, reichhaltiges Fr\u00fchst\u00fcck, internationale Cocktails und eine erlesene Auswahl an Weinen, Tees und k\u00f6stliche Desserts, die vom Patissiere des Hotels meisterhaft zubereitet werden, zur Verf\u00fcgung..","og_url":"https:\/\/www.romanopalace.it\/de\/restaurants-bars\/lounge-bar\/","og_site_name":"Romano Palace Hotel","article_modified_time":"2024-01-31T16:35:08+00:00","twitter_card":"summary_large_image","schema":{"@context":"https:\/\/schema.org","@graph":[{"@type":"WebPage","@id":"https:\/\/www.romanopalace.it\/de\/restaurants-bars\/lounge-bar\/","url":"https:\/\/www.romanopalace.it\/de\/restaurants-bars\/lounge-bar\/","name":"Lounge Bar - Romano Palace Hotel","isPartOf":{"@id":"https:\/\/www.romanopalace.it\/de\/#website"},"datePublished":"2023-12-22T16:51:55+00:00","dateModified":"2024-01-31T16:35:08+00:00","description":"Die warme Umarmung von \u00e4gyptischem Marmor und orientalischen Mosaiken vergangener Zeiten, die Weitl\u00e4ufigkeit der G\u00e4rten des Romano Palace, die durch die gro\u00dfen Fenster fast in die eleganten R\u00e4ume der Lounge Bar eindringen. Vom Morgen bis zum sp\u00e4ten Abend stehen den G\u00e4sten schnelle Mittagessen und Snacks, reichhaltiges Fr\u00fchst\u00fcck, internationale Cocktails und eine erlesene Auswahl an Weinen, Tees und k\u00f6stliche Desserts, die vom Patissiere des Hotels meisterhaft zubereitet werden, zur Verf\u00fcgung..","breadcrumb":{"@id":"https:\/\/www.romanopalace.it\/de\/restaurants-bars\/lounge-bar\/#breadcrumb"},"inLanguage":"de-DE","potentialAction":[{"@type":"ReadAction","target":["https:\/\/www.romanopalace.it\/de\/restaurants-bars\/lounge-bar\/"]}]},{"@type":"BreadcrumbList","@id":"https:\/\/www.romanopalace.it\/de\/restaurants-bars\/lounge-bar\/#breadcrumb","itemListElement":[{"@type":"ListItem","position":1,"name":"Home","item":"https:\/\/www.romanopalace.it\/de\/"},{"@type":"ListItem","position":2,"name":"Restaurants &#038; Bars","item":"https:\/\/www.romanopalace.it\/de\/restaurants-bars\/"},{"@type":"ListItem","position":3,"name":"Lounge Bar"}]},{"@type":"WebSite","@id":"https:\/\/www.romanopalace.it\/de\/#website","url":"https:\/\/www.romanopalace.it\/de\/","name":"Romano Palace Hotel","description":"","publisher":{"@id":"https:\/\/www.romanopalace.it\/de\/#organization"},"potentialAction":[{"@type":"SearchAction","target":{"@type":"EntryPoint","urlTemplate":"https:\/\/www.romanopalace.it\/de\/?s={search_term_string}"},"query-input":"required name=search_term_string"}],"inLanguage":"de-DE"},{"@type":"Organization","@id":"https:\/\/www.romanopalace.it\/de\/#organization","name":"Romano Palace Hotel","url":"https:\/\/www.romanopalace.it\/de\/","logo":{"@type":"ImageObject","inLanguage":"de-DE","@id":"https:\/\/www.romanopalace.it\/de\/#\/schema\/logo\/image\/","url":"https:\/\/www.romanopalace.it\/wp-content\/uploads\/sites\/91\/2023\/12\/Romano-Palace-logo-OKKK.png","contentUrl":"https:\/\/www.romanopalace.it\/wp-content\/uploads\/sites\/91\/2023\/12\/Romano-Palace-logo-OKKK.png","width":475,"height":497,"caption":"Romano Palace Hotel"},"image":{"@id":"https:\/\/www.romanopalace.it\/de\/#\/schema\/logo\/image\/"}}]}},"acf":[],"_links":{"self":[{"href":"https:\/\/www.romanopalace.it\/de\/wp-json\/wp\/v2\/pages\/706"}],"collection":[{"href":"https:\/\/www.romanopalace.it\/de\/wp-json\/wp\/v2\/pages"}],"about":[{"href":"https:\/\/www.romanopalace.it\/de\/wp-json\/wp\/v2\/types\/page"}],"author":[{"embeddable":true,"href":"https:\/\/www.romanopalace.it\/de\/wp-json\/wp\/v2\/users\/12"}],"replies":[{"embeddable":true,"href":"https:\/\/www.romanopalace.it\/de\/wp-json\/wp\/v2\/comments?post=706"}],"version-history":[{"count":0,"href":"https:\/\/www.romanopalace.it\/de\/wp-json\/wp\/v2\/pages\/706\/revisions"}],"up":[{"embeddable":true,"href":"https:\/\/www.romanopalace.it\/de\/wp-json\/wp\/v2\/pages\/691"}],"wp:attachment":[{"href":"https:\/\/www.romanopalace.it\/de\/wp-json\/wp\/v2\/media?parent=706"}],"curies":[{"name":"wp","href":"https:\/\/api.w.org\/{rel}","templated":true}]}}