{"id":712,"date":"2024-01-09T11:59:53","date_gmt":"2024-01-09T11:59:53","guid":{"rendered":"https:\/\/romano-palace.ms2.decms.eu\/restaurants-bars\/mudd\/"},"modified":"2024-01-31T16:45:01","modified_gmt":"2024-01-31T16:45:01","slug":"mudd","status":"publish","type":"page","link":"https:\/\/www.romanopalace.it\/de\/restaurants-bars\/mudd\/","title":{"rendered":"Mudd"},"content":{"rendered":"<p><strong><img loading=\"lazy\" decoding=\"async\" class=\"wp-image-347 aligncenter\" src=\"https:\/\/romano-palace.ms2.decms.eu\/wp-content\/uploads\/sites\/91\/2024\/01\/305837544_583069030184642_5918079406728244946_n-300x300.jpg\" alt=\"\" width=\"220\" height=\"220\" srcset=\"https:\/\/www.romanopalace.it\/wp-content\/uploads\/sites\/91\/2024\/01\/305837544_583069030184642_5918079406728244946_n-300x300.jpg 300w, https:\/\/www.romanopalace.it\/wp-content\/uploads\/sites\/91\/2024\/01\/305837544_583069030184642_5918079406728244946_n-150x150.jpg 150w, https:\/\/www.romanopalace.it\/wp-content\/uploads\/sites\/91\/2024\/01\/305837544_583069030184642_5918079406728244946_n-200x200.jpg 200w, https:\/\/www.romanopalace.it\/wp-content\/uploads\/sites\/91\/2024\/01\/305837544_583069030184642_5918079406728244946_n.jpg 500w\" sizes=\"(max-width: 220px) 100vw, 220px\" \/><\/strong><\/p>\n<p><strong>Mudd ist eine Mixology-Bar, in der Tradition und Innovation zusammenkommen, um einzigartige Cocktails in spektakul\u00e4rer Weise zu pr\u00e4sentieren.<\/strong><\/p>\n<p>Mixology ist die Weiterentwicklung des Barkeepings, die Kunst, Getr\u00e4nke zu mischen, um traditionelle Cocktails zu studieren und neu zu erfinden. F\u00fcr eine Reise in die Vergangenheit bietet die &#8222;speakeasy&#8220;-Ecke Getr\u00e4nke, die w\u00e4hrend der Goldenen \u00c4ra der Cocktails in den 1920er Jahren entstanden sind.<\/p>\n<p><strong>In einer einladenden und zauberhaften Atmosph\u00e4re verbringen Sie Abende inmitten von Raffinesse.<\/strong><\/p>\n","protected":false},"excerpt":{"rendered":"<p>Mudd ist eine Mixology-Bar, in der Tradition und Innovation zusammenkommen, um einzigartige Cocktails in spektakul\u00e4rer Weise zu pr\u00e4sentieren. Mixology ist die Weiterentwicklung des Barkeepings, die Kunst, Getr\u00e4nke zu mischen, um traditionelle Cocktails zu studieren und neu zu erfinden. F\u00fcr eine Reise in die Vergangenheit bietet die &#8222;speakeasy&#8220;-Ecke Getr\u00e4nke, die w\u00e4hrend der Goldenen \u00c4ra der Cocktails [&hellip;]<\/p>\n","protected":false},"author":12,"featured_media":0,"parent":691,"menu_order":26,"comment_status":"closed","ping_status":"closed","template":"template-single-restaurant.php","meta":{"footnotes":""},"yoast_head":"<!-- This site is optimized with the Yoast SEO plugin v22.3 - https:\/\/yoast.com\/wordpress\/plugins\/seo\/ -->\n<title>Mudd - Romano Palace Hotel<\/title>\n<meta name=\"description\" content=\"Mudd ist eine Mixology-Bar, in der Tradition und Innovation zusammenkommen, um einzigartige Cocktails in spektakul\u00e4rer Weise zu pr\u00e4sentieren.  Mixology ist die Weiterentwicklung des Barkeepings, die Kunst, Getr\u00e4nke zu mischen, um traditionelle Cocktails zu studieren und neu zu erfinden. F\u00fcr eine Reise in die Vergangenheit bietet die &quot;speakeasy&quot;-Ecke Getr\u00e4nke, die w\u00e4hrend der Goldenen \u00c4ra der Cocktails in den 1920er Jahren entstanden sind.  In einer einladenden und zauberhaften Atmosph\u00e4re verbringen Sie Abende inmitten von Raffinesse.\" \/>\n<meta name=\"robots\" content=\"index, follow, max-snippet:-1, max-image-preview:large, max-video-preview:-1\" \/>\n<link rel=\"canonical\" href=\"https:\/\/www.romanopalace.it\/de\/restaurants-bars\/mudd\/\" \/>\n<meta property=\"og:locale\" content=\"de_DE\" \/>\n<meta property=\"og:type\" content=\"article\" \/>\n<meta property=\"og:title\" content=\"Mudd - Romano Palace Hotel\" \/>\n<meta property=\"og:description\" content=\"Mudd ist eine Mixology-Bar, in der Tradition und Innovation zusammenkommen, um einzigartige Cocktails in spektakul\u00e4rer Weise zu pr\u00e4sentieren.  Mixology ist die Weiterentwicklung des Barkeepings, die Kunst, Getr\u00e4nke zu mischen, um traditionelle Cocktails zu studieren und neu zu erfinden. F\u00fcr eine Reise in die Vergangenheit bietet die &quot;speakeasy&quot;-Ecke Getr\u00e4nke, die w\u00e4hrend der Goldenen \u00c4ra der Cocktails in den 1920er Jahren entstanden sind.  In einer einladenden und zauberhaften Atmosph\u00e4re verbringen Sie Abende inmitten von Raffinesse.\" \/>\n<meta property=\"og:url\" content=\"https:\/\/www.romanopalace.it\/de\/restaurants-bars\/mudd\/\" \/>\n<meta property=\"og:site_name\" content=\"Romano Palace Hotel\" \/>\n<meta property=\"article:modified_time\" content=\"2024-01-31T16:45:01+00:00\" \/>\n<meta property=\"og:image\" content=\"https:\/\/romano-palace.ms2.decms.eu\/wp-content\/uploads\/sites\/91\/2024\/01\/305837544_583069030184642_5918079406728244946_n-300x300.jpg\" \/>\n<meta name=\"twitter:card\" content=\"summary_large_image\" \/>\n<script type=\"application\/ld+json\" class=\"yoast-schema-graph\">{\"@context\":\"https:\/\/schema.org\",\"@graph\":[{\"@type\":\"WebPage\",\"@id\":\"https:\/\/www.romanopalace.it\/de\/restaurants-bars\/mudd\/\",\"url\":\"https:\/\/www.romanopalace.it\/de\/restaurants-bars\/mudd\/\",\"name\":\"Mudd - Romano Palace Hotel\",\"isPartOf\":{\"@id\":\"https:\/\/www.romanopalace.it\/de\/#website\"},\"primaryImageOfPage\":{\"@id\":\"https:\/\/www.romanopalace.it\/de\/restaurants-bars\/mudd\/#primaryimage\"},\"image\":{\"@id\":\"https:\/\/www.romanopalace.it\/de\/restaurants-bars\/mudd\/#primaryimage\"},\"thumbnailUrl\":\"https:\/\/romano-palace.ms2.decms.eu\/wp-content\/uploads\/sites\/91\/2024\/01\/305837544_583069030184642_5918079406728244946_n-300x300.jpg\",\"datePublished\":\"2024-01-09T11:59:53+00:00\",\"dateModified\":\"2024-01-31T16:45:01+00:00\",\"description\":\"Mudd ist eine Mixology-Bar, in der Tradition und Innovation zusammenkommen, um einzigartige Cocktails in spektakul\u00e4rer Weise zu pr\u00e4sentieren. Mixology ist die Weiterentwicklung des Barkeepings, die Kunst, Getr\u00e4nke zu mischen, um traditionelle Cocktails zu studieren und neu zu erfinden. F\u00fcr eine Reise in die Vergangenheit bietet die \\\"speakeasy\\\"-Ecke Getr\u00e4nke, die w\u00e4hrend der Goldenen \u00c4ra der Cocktails in den 1920er Jahren entstanden sind. In einer einladenden und zauberhaften Atmosph\u00e4re verbringen Sie Abende inmitten von Raffinesse.\",\"breadcrumb\":{\"@id\":\"https:\/\/www.romanopalace.it\/de\/restaurants-bars\/mudd\/#breadcrumb\"},\"inLanguage\":\"de-DE\",\"potentialAction\":[{\"@type\":\"ReadAction\",\"target\":[\"https:\/\/www.romanopalace.it\/de\/restaurants-bars\/mudd\/\"]}]},{\"@type\":\"ImageObject\",\"inLanguage\":\"de-DE\",\"@id\":\"https:\/\/www.romanopalace.it\/de\/restaurants-bars\/mudd\/#primaryimage\",\"url\":\"https:\/\/romano-palace.ms2.decms.eu\/wp-content\/uploads\/sites\/91\/2024\/01\/305837544_583069030184642_5918079406728244946_n-300x300.jpg\",\"contentUrl\":\"https:\/\/romano-palace.ms2.decms.eu\/wp-content\/uploads\/sites\/91\/2024\/01\/305837544_583069030184642_5918079406728244946_n-300x300.jpg\"},{\"@type\":\"BreadcrumbList\",\"@id\":\"https:\/\/www.romanopalace.it\/de\/restaurants-bars\/mudd\/#breadcrumb\",\"itemListElement\":[{\"@type\":\"ListItem\",\"position\":1,\"name\":\"Home\",\"item\":\"https:\/\/www.romanopalace.it\/de\/\"},{\"@type\":\"ListItem\",\"position\":2,\"name\":\"Restaurants &#038; Bars\",\"item\":\"https:\/\/www.romanopalace.it\/de\/restaurants-bars\/\"},{\"@type\":\"ListItem\",\"position\":3,\"name\":\"Mudd\"}]},{\"@type\":\"WebSite\",\"@id\":\"https:\/\/www.romanopalace.it\/de\/#website\",\"url\":\"https:\/\/www.romanopalace.it\/de\/\",\"name\":\"Romano Palace Hotel\",\"description\":\"\",\"publisher\":{\"@id\":\"https:\/\/www.romanopalace.it\/de\/#organization\"},\"potentialAction\":[{\"@type\":\"SearchAction\",\"target\":{\"@type\":\"EntryPoint\",\"urlTemplate\":\"https:\/\/www.romanopalace.it\/de\/?s={search_term_string}\"},\"query-input\":\"required name=search_term_string\"}],\"inLanguage\":\"de-DE\"},{\"@type\":\"Organization\",\"@id\":\"https:\/\/www.romanopalace.it\/de\/#organization\",\"name\":\"Romano Palace Hotel\",\"url\":\"https:\/\/www.romanopalace.it\/de\/\",\"logo\":{\"@type\":\"ImageObject\",\"inLanguage\":\"de-DE\",\"@id\":\"https:\/\/www.romanopalace.it\/de\/#\/schema\/logo\/image\/\",\"url\":\"https:\/\/www.romanopalace.it\/wp-content\/uploads\/sites\/91\/2023\/12\/Romano-Palace-logo-OKKK.png\",\"contentUrl\":\"https:\/\/www.romanopalace.it\/wp-content\/uploads\/sites\/91\/2023\/12\/Romano-Palace-logo-OKKK.png\",\"width\":475,\"height\":497,\"caption\":\"Romano Palace Hotel\"},\"image\":{\"@id\":\"https:\/\/www.romanopalace.it\/de\/#\/schema\/logo\/image\/\"}}]}<\/script>\n<!-- \/ Yoast SEO plugin. -->","yoast_head_json":{"title":"Mudd - Romano Palace Hotel","description":"Mudd ist eine Mixology-Bar, in der Tradition und Innovation zusammenkommen, um einzigartige Cocktails in spektakul\u00e4rer Weise zu pr\u00e4sentieren.  Mixology ist die Weiterentwicklung des Barkeepings, die Kunst, Getr\u00e4nke zu mischen, um traditionelle Cocktails zu studieren und neu zu erfinden. F\u00fcr eine Reise in die Vergangenheit bietet die \"speakeasy\"-Ecke Getr\u00e4nke, die w\u00e4hrend der Goldenen \u00c4ra der Cocktails in den 1920er Jahren entstanden sind.  In einer einladenden und zauberhaften Atmosph\u00e4re verbringen Sie Abende inmitten von Raffinesse.","robots":{"index":"index","follow":"follow","max-snippet":"max-snippet:-1","max-image-preview":"max-image-preview:large","max-video-preview":"max-video-preview:-1"},"canonical":"https:\/\/www.romanopalace.it\/de\/restaurants-bars\/mudd\/","og_locale":"de_DE","og_type":"article","og_title":"Mudd - Romano Palace Hotel","og_description":"Mudd ist eine Mixology-Bar, in der Tradition und Innovation zusammenkommen, um einzigartige Cocktails in spektakul\u00e4rer Weise zu pr\u00e4sentieren.  Mixology ist die Weiterentwicklung des Barkeepings, die Kunst, Getr\u00e4nke zu mischen, um traditionelle Cocktails zu studieren und neu zu erfinden. F\u00fcr eine Reise in die Vergangenheit bietet die \"speakeasy\"-Ecke Getr\u00e4nke, die w\u00e4hrend der Goldenen \u00c4ra der Cocktails in den 1920er Jahren entstanden sind.  In einer einladenden und zauberhaften Atmosph\u00e4re verbringen Sie Abende inmitten von Raffinesse.","og_url":"https:\/\/www.romanopalace.it\/de\/restaurants-bars\/mudd\/","og_site_name":"Romano Palace Hotel","article_modified_time":"2024-01-31T16:45:01+00:00","og_image":[{"url":"https:\/\/romano-palace.ms2.decms.eu\/wp-content\/uploads\/sites\/91\/2024\/01\/305837544_583069030184642_5918079406728244946_n-300x300.jpg"}],"twitter_card":"summary_large_image","schema":{"@context":"https:\/\/schema.org","@graph":[{"@type":"WebPage","@id":"https:\/\/www.romanopalace.it\/de\/restaurants-bars\/mudd\/","url":"https:\/\/www.romanopalace.it\/de\/restaurants-bars\/mudd\/","name":"Mudd - Romano Palace Hotel","isPartOf":{"@id":"https:\/\/www.romanopalace.it\/de\/#website"},"primaryImageOfPage":{"@id":"https:\/\/www.romanopalace.it\/de\/restaurants-bars\/mudd\/#primaryimage"},"image":{"@id":"https:\/\/www.romanopalace.it\/de\/restaurants-bars\/mudd\/#primaryimage"},"thumbnailUrl":"https:\/\/romano-palace.ms2.decms.eu\/wp-content\/uploads\/sites\/91\/2024\/01\/305837544_583069030184642_5918079406728244946_n-300x300.jpg","datePublished":"2024-01-09T11:59:53+00:00","dateModified":"2024-01-31T16:45:01+00:00","description":"Mudd ist eine Mixology-Bar, in der Tradition und Innovation zusammenkommen, um einzigartige Cocktails in spektakul\u00e4rer Weise zu pr\u00e4sentieren. Mixology ist die Weiterentwicklung des Barkeepings, die Kunst, Getr\u00e4nke zu mischen, um traditionelle Cocktails zu studieren und neu zu erfinden. F\u00fcr eine Reise in die Vergangenheit bietet die \"speakeasy\"-Ecke Getr\u00e4nke, die w\u00e4hrend der Goldenen \u00c4ra der Cocktails in den 1920er Jahren entstanden sind. In einer einladenden und zauberhaften Atmosph\u00e4re verbringen Sie Abende inmitten von Raffinesse.","breadcrumb":{"@id":"https:\/\/www.romanopalace.it\/de\/restaurants-bars\/mudd\/#breadcrumb"},"inLanguage":"de-DE","potentialAction":[{"@type":"ReadAction","target":["https:\/\/www.romanopalace.it\/de\/restaurants-bars\/mudd\/"]}]},{"@type":"ImageObject","inLanguage":"de-DE","@id":"https:\/\/www.romanopalace.it\/de\/restaurants-bars\/mudd\/#primaryimage","url":"https:\/\/romano-palace.ms2.decms.eu\/wp-content\/uploads\/sites\/91\/2024\/01\/305837544_583069030184642_5918079406728244946_n-300x300.jpg","contentUrl":"https:\/\/romano-palace.ms2.decms.eu\/wp-content\/uploads\/sites\/91\/2024\/01\/305837544_583069030184642_5918079406728244946_n-300x300.jpg"},{"@type":"BreadcrumbList","@id":"https:\/\/www.romanopalace.it\/de\/restaurants-bars\/mudd\/#breadcrumb","itemListElement":[{"@type":"ListItem","position":1,"name":"Home","item":"https:\/\/www.romanopalace.it\/de\/"},{"@type":"ListItem","position":2,"name":"Restaurants &#038; Bars","item":"https:\/\/www.romanopalace.it\/de\/restaurants-bars\/"},{"@type":"ListItem","position":3,"name":"Mudd"}]},{"@type":"WebSite","@id":"https:\/\/www.romanopalace.it\/de\/#website","url":"https:\/\/www.romanopalace.it\/de\/","name":"Romano Palace Hotel","description":"","publisher":{"@id":"https:\/\/www.romanopalace.it\/de\/#organization"},"potentialAction":[{"@type":"SearchAction","target":{"@type":"EntryPoint","urlTemplate":"https:\/\/www.romanopalace.it\/de\/?s={search_term_string}"},"query-input":"required name=search_term_string"}],"inLanguage":"de-DE"},{"@type":"Organization","@id":"https:\/\/www.romanopalace.it\/de\/#organization","name":"Romano Palace Hotel","url":"https:\/\/www.romanopalace.it\/de\/","logo":{"@type":"ImageObject","inLanguage":"de-DE","@id":"https:\/\/www.romanopalace.it\/de\/#\/schema\/logo\/image\/","url":"https:\/\/www.romanopalace.it\/wp-content\/uploads\/sites\/91\/2023\/12\/Romano-Palace-logo-OKKK.png","contentUrl":"https:\/\/www.romanopalace.it\/wp-content\/uploads\/sites\/91\/2023\/12\/Romano-Palace-logo-OKKK.png","width":475,"height":497,"caption":"Romano Palace Hotel"},"image":{"@id":"https:\/\/www.romanopalace.it\/de\/#\/schema\/logo\/image\/"}}]}},"acf":[],"_links":{"self":[{"href":"https:\/\/www.romanopalace.it\/de\/wp-json\/wp\/v2\/pages\/712"}],"collection":[{"href":"https:\/\/www.romanopalace.it\/de\/wp-json\/wp\/v2\/pages"}],"about":[{"href":"https:\/\/www.romanopalace.it\/de\/wp-json\/wp\/v2\/types\/page"}],"author":[{"embeddable":true,"href":"https:\/\/www.romanopalace.it\/de\/wp-json\/wp\/v2\/users\/12"}],"replies":[{"embeddable":true,"href":"https:\/\/www.romanopalace.it\/de\/wp-json\/wp\/v2\/comments?post=712"}],"version-history":[{"count":0,"href":"https:\/\/www.romanopalace.it\/de\/wp-json\/wp\/v2\/pages\/712\/revisions"}],"up":[{"embeddable":true,"href":"https:\/\/www.romanopalace.it\/de\/wp-json\/wp\/v2\/pages\/691"}],"wp:attachment":[{"href":"https:\/\/www.romanopalace.it\/de\/wp-json\/wp\/v2\/media?parent=712"}],"curies":[{"name":"wp","href":"https:\/\/api.w.org\/{rel}","templated":true}]}}