{"id":722,"date":"2023-12-22T11:25:39","date_gmt":"2023-12-22T11:25:39","guid":{"rendered":"https:\/\/romano-palace.ms2.decms.eu\/zimmer-suiten\/camera-classic\/"},"modified":"2024-01-31T18:17:25","modified_gmt":"2024-01-31T18:17:25","slug":"classic-zimmer","status":"publish","type":"page","link":"https:\/\/www.romanopalace.it\/de\/zimmer-suiten\/classic-zimmer\/","title":{"rendered":"Classic Zimmer"},"content":{"rendered":"<p>&nbsp;<\/p>\n<p>Die &#8218;<strong>Classic<\/strong>&#8218;-Zimmer sind mit einem <em>Doppelbett oder zwei Einzelbetten<\/em> ausgestattet.<\/p>\n<p>Die Dekoration ist modern, und die M\u00f6bel sind im traditionellen mediterranen Stil gehalten. Einige Zimmer verf\u00fcgen \u00fcber einen privaten Au\u00dfenbalkon, andere \u00fcber ein gro\u00dfes Fenster. Die meisten Zimmer dieser Art befinden sich im Erdgeschoss und <strong>bieten einen Blick auf den Innenhof.<\/strong><\/p>\n<p>Klimaanlage, kostenloser High-Speed-Internetzugang mit Plug-In-System und WLAN, Satellitenfernsehen, Telefon, Minibar und Safe sind vorhanden. Das Badezimmer ist mit Dusche oder Badewanne ausgestattet, sowie mit Pflegeprodukten.<\/p>\n","protected":false},"excerpt":{"rendered":"<p>&nbsp; Die &#8218;Classic&#8218;-Zimmer sind mit einem Doppelbett oder zwei Einzelbetten ausgestattet. Die Dekoration ist modern, und die M\u00f6bel sind im traditionellen mediterranen Stil gehalten. Einige Zimmer verf\u00fcgen \u00fcber einen privaten Au\u00dfenbalkon, andere \u00fcber ein gro\u00dfes Fenster. Die meisten Zimmer dieser Art befinden sich im Erdgeschoss und bieten einen Blick auf den Innenhof. Klimaanlage, kostenloser High-Speed-Internetzugang [&hellip;]<\/p>\n","protected":false},"author":12,"featured_media":0,"parent":718,"menu_order":6,"comment_status":"closed","ping_status":"closed","template":"template-single-room.php","meta":{"footnotes":""},"yoast_head":"<!-- This site is optimized with the Yoast SEO plugin v22.3 - https:\/\/yoast.com\/wordpress\/plugins\/seo\/ -->\n<title>Classic Zimmer - Romano Palace Hotel<\/title>\n<meta name=\"description\" content=\"&nbsp;  Die &#039;Classic&#039;-Zimmer sind mit einem Doppelbett oder zwei Einzelbetten ausgestattet.  Die Dekoration ist modern, und die M\u00f6bel sind im traditionellen mediterranen Stil gehalten. Einige Zimmer verf\u00fcgen \u00fcber einen privaten Au\u00dfenbalkon, andere \u00fcber ein gro\u00dfes Fenster\" \/>\n<meta name=\"robots\" content=\"index, follow, max-snippet:-1, max-image-preview:large, max-video-preview:-1\" \/>\n<link rel=\"canonical\" href=\"https:\/\/www.romanopalace.it\/de\/zimmer-suiten\/classic-zimmer\/\" \/>\n<meta property=\"og:locale\" content=\"de_DE\" \/>\n<meta property=\"og:type\" content=\"article\" \/>\n<meta property=\"og:title\" content=\"Classic Zimmer - Romano Palace Hotel\" \/>\n<meta property=\"og:description\" content=\"&nbsp;  Die &#039;Classic&#039;-Zimmer sind mit einem Doppelbett oder zwei Einzelbetten ausgestattet.  Die Dekoration ist modern, und die M\u00f6bel sind im traditionellen mediterranen Stil gehalten. Einige Zimmer verf\u00fcgen \u00fcber einen privaten Au\u00dfenbalkon, andere \u00fcber ein gro\u00dfes Fenster\" \/>\n<meta property=\"og:url\" content=\"https:\/\/www.romanopalace.it\/de\/zimmer-suiten\/classic-zimmer\/\" \/>\n<meta property=\"og:site_name\" content=\"Romano Palace Hotel\" \/>\n<meta property=\"article:modified_time\" content=\"2024-01-31T18:17:25+00:00\" \/>\n<meta name=\"twitter:card\" content=\"summary_large_image\" \/>\n<script type=\"application\/ld+json\" class=\"yoast-schema-graph\">{\"@context\":\"https:\/\/schema.org\",\"@graph\":[{\"@type\":\"WebPage\",\"@id\":\"https:\/\/www.romanopalace.it\/de\/zimmer-suiten\/classic-zimmer\/\",\"url\":\"https:\/\/www.romanopalace.it\/de\/zimmer-suiten\/classic-zimmer\/\",\"name\":\"Classic Zimmer - Romano Palace Hotel\",\"isPartOf\":{\"@id\":\"https:\/\/www.romanopalace.it\/de\/#website\"},\"datePublished\":\"2023-12-22T11:25:39+00:00\",\"dateModified\":\"2024-01-31T18:17:25+00:00\",\"description\":\"&nbsp; Die 'Classic'-Zimmer sind mit einem Doppelbett oder zwei Einzelbetten ausgestattet. Die Dekoration ist modern, und die M\u00f6bel sind im traditionellen mediterranen Stil gehalten. Einige Zimmer verf\u00fcgen \u00fcber einen privaten Au\u00dfenbalkon, andere \u00fcber ein gro\u00dfes Fenster\",\"breadcrumb\":{\"@id\":\"https:\/\/www.romanopalace.it\/de\/zimmer-suiten\/classic-zimmer\/#breadcrumb\"},\"inLanguage\":\"de-DE\",\"potentialAction\":[{\"@type\":\"ReadAction\",\"target\":[\"https:\/\/www.romanopalace.it\/de\/zimmer-suiten\/classic-zimmer\/\"]}]},{\"@type\":\"BreadcrumbList\",\"@id\":\"https:\/\/www.romanopalace.it\/de\/zimmer-suiten\/classic-zimmer\/#breadcrumb\",\"itemListElement\":[{\"@type\":\"ListItem\",\"position\":1,\"name\":\"Home\",\"item\":\"https:\/\/www.romanopalace.it\/de\/\"},{\"@type\":\"ListItem\",\"position\":2,\"name\":\"Zimmer und Suiten\",\"item\":\"https:\/\/www.romanopalace.it\/de\/zimmer-suiten\/\"},{\"@type\":\"ListItem\",\"position\":3,\"name\":\"Classic Zimmer\"}]},{\"@type\":\"WebSite\",\"@id\":\"https:\/\/www.romanopalace.it\/de\/#website\",\"url\":\"https:\/\/www.romanopalace.it\/de\/\",\"name\":\"Romano Palace Hotel\",\"description\":\"\",\"publisher\":{\"@id\":\"https:\/\/www.romanopalace.it\/de\/#organization\"},\"potentialAction\":[{\"@type\":\"SearchAction\",\"target\":{\"@type\":\"EntryPoint\",\"urlTemplate\":\"https:\/\/www.romanopalace.it\/de\/?s={search_term_string}\"},\"query-input\":\"required name=search_term_string\"}],\"inLanguage\":\"de-DE\"},{\"@type\":\"Organization\",\"@id\":\"https:\/\/www.romanopalace.it\/de\/#organization\",\"name\":\"Romano Palace Hotel\",\"url\":\"https:\/\/www.romanopalace.it\/de\/\",\"logo\":{\"@type\":\"ImageObject\",\"inLanguage\":\"de-DE\",\"@id\":\"https:\/\/www.romanopalace.it\/de\/#\/schema\/logo\/image\/\",\"url\":\"https:\/\/www.romanopalace.it\/wp-content\/uploads\/sites\/91\/2023\/12\/Romano-Palace-logo-OKKK.png\",\"contentUrl\":\"https:\/\/www.romanopalace.it\/wp-content\/uploads\/sites\/91\/2023\/12\/Romano-Palace-logo-OKKK.png\",\"width\":475,\"height\":497,\"caption\":\"Romano Palace Hotel\"},\"image\":{\"@id\":\"https:\/\/www.romanopalace.it\/de\/#\/schema\/logo\/image\/\"}}]}<\/script>\n<!-- \/ Yoast SEO plugin. -->","yoast_head_json":{"title":"Classic Zimmer - Romano Palace Hotel","description":"&nbsp;  Die 'Classic'-Zimmer sind mit einem Doppelbett oder zwei Einzelbetten ausgestattet.  Die Dekoration ist modern, und die M\u00f6bel sind im traditionellen mediterranen Stil gehalten. Einige Zimmer verf\u00fcgen \u00fcber einen privaten Au\u00dfenbalkon, andere \u00fcber ein gro\u00dfes Fenster","robots":{"index":"index","follow":"follow","max-snippet":"max-snippet:-1","max-image-preview":"max-image-preview:large","max-video-preview":"max-video-preview:-1"},"canonical":"https:\/\/www.romanopalace.it\/de\/zimmer-suiten\/classic-zimmer\/","og_locale":"de_DE","og_type":"article","og_title":"Classic Zimmer - Romano Palace Hotel","og_description":"&nbsp;  Die 'Classic'-Zimmer sind mit einem Doppelbett oder zwei Einzelbetten ausgestattet.  Die Dekoration ist modern, und die M\u00f6bel sind im traditionellen mediterranen Stil gehalten. Einige Zimmer verf\u00fcgen \u00fcber einen privaten Au\u00dfenbalkon, andere \u00fcber ein gro\u00dfes Fenster","og_url":"https:\/\/www.romanopalace.it\/de\/zimmer-suiten\/classic-zimmer\/","og_site_name":"Romano Palace Hotel","article_modified_time":"2024-01-31T18:17:25+00:00","twitter_card":"summary_large_image","schema":{"@context":"https:\/\/schema.org","@graph":[{"@type":"WebPage","@id":"https:\/\/www.romanopalace.it\/de\/zimmer-suiten\/classic-zimmer\/","url":"https:\/\/www.romanopalace.it\/de\/zimmer-suiten\/classic-zimmer\/","name":"Classic Zimmer - Romano Palace Hotel","isPartOf":{"@id":"https:\/\/www.romanopalace.it\/de\/#website"},"datePublished":"2023-12-22T11:25:39+00:00","dateModified":"2024-01-31T18:17:25+00:00","description":"&nbsp; Die 'Classic'-Zimmer sind mit einem Doppelbett oder zwei Einzelbetten ausgestattet. Die Dekoration ist modern, und die M\u00f6bel sind im traditionellen mediterranen Stil gehalten. Einige Zimmer verf\u00fcgen \u00fcber einen privaten Au\u00dfenbalkon, andere \u00fcber ein gro\u00dfes Fenster","breadcrumb":{"@id":"https:\/\/www.romanopalace.it\/de\/zimmer-suiten\/classic-zimmer\/#breadcrumb"},"inLanguage":"de-DE","potentialAction":[{"@type":"ReadAction","target":["https:\/\/www.romanopalace.it\/de\/zimmer-suiten\/classic-zimmer\/"]}]},{"@type":"BreadcrumbList","@id":"https:\/\/www.romanopalace.it\/de\/zimmer-suiten\/classic-zimmer\/#breadcrumb","itemListElement":[{"@type":"ListItem","position":1,"name":"Home","item":"https:\/\/www.romanopalace.it\/de\/"},{"@type":"ListItem","position":2,"name":"Zimmer und Suiten","item":"https:\/\/www.romanopalace.it\/de\/zimmer-suiten\/"},{"@type":"ListItem","position":3,"name":"Classic Zimmer"}]},{"@type":"WebSite","@id":"https:\/\/www.romanopalace.it\/de\/#website","url":"https:\/\/www.romanopalace.it\/de\/","name":"Romano Palace Hotel","description":"","publisher":{"@id":"https:\/\/www.romanopalace.it\/de\/#organization"},"potentialAction":[{"@type":"SearchAction","target":{"@type":"EntryPoint","urlTemplate":"https:\/\/www.romanopalace.it\/de\/?s={search_term_string}"},"query-input":"required name=search_term_string"}],"inLanguage":"de-DE"},{"@type":"Organization","@id":"https:\/\/www.romanopalace.it\/de\/#organization","name":"Romano Palace Hotel","url":"https:\/\/www.romanopalace.it\/de\/","logo":{"@type":"ImageObject","inLanguage":"de-DE","@id":"https:\/\/www.romanopalace.it\/de\/#\/schema\/logo\/image\/","url":"https:\/\/www.romanopalace.it\/wp-content\/uploads\/sites\/91\/2023\/12\/Romano-Palace-logo-OKKK.png","contentUrl":"https:\/\/www.romanopalace.it\/wp-content\/uploads\/sites\/91\/2023\/12\/Romano-Palace-logo-OKKK.png","width":475,"height":497,"caption":"Romano Palace Hotel"},"image":{"@id":"https:\/\/www.romanopalace.it\/de\/#\/schema\/logo\/image\/"}}]}},"acf":[],"_links":{"self":[{"href":"https:\/\/www.romanopalace.it\/de\/wp-json\/wp\/v2\/pages\/722"}],"collection":[{"href":"https:\/\/www.romanopalace.it\/de\/wp-json\/wp\/v2\/pages"}],"about":[{"href":"https:\/\/www.romanopalace.it\/de\/wp-json\/wp\/v2\/types\/page"}],"author":[{"embeddable":true,"href":"https:\/\/www.romanopalace.it\/de\/wp-json\/wp\/v2\/users\/12"}],"replies":[{"embeddable":true,"href":"https:\/\/www.romanopalace.it\/de\/wp-json\/wp\/v2\/comments?post=722"}],"version-history":[{"count":0,"href":"https:\/\/www.romanopalace.it\/de\/wp-json\/wp\/v2\/pages\/722\/revisions"}],"up":[{"embeddable":true,"href":"https:\/\/www.romanopalace.it\/de\/wp-json\/wp\/v2\/pages\/718"}],"wp:attachment":[{"href":"https:\/\/www.romanopalace.it\/de\/wp-json\/wp\/v2\/media?parent=722"}],"curies":[{"name":"wp","href":"https:\/\/api.w.org\/{rel}","templated":true}]}}