{"id":734,"date":"2023-12-22T14:29:18","date_gmt":"2023-12-22T14:29:18","guid":{"rendered":"https:\/\/romano-palace.ms2.decms.eu\/zimmer-suiten\/camera-tripla\/"},"modified":"2024-01-31T18:33:55","modified_gmt":"2024-01-31T18:33:55","slug":"dreibettzimmer","status":"publish","type":"page","link":"https:\/\/www.romanopalace.it\/de\/zimmer-suiten\/dreibettzimmer\/","title":{"rendered":"Dreibettzimmer"},"content":{"rendered":"<p>&nbsp;<\/p>\n<p>Die Classic <strong>Triple-Zimmer<\/strong> bieten eine einladende Umgebung mit einem komfortablen Doppelbett und einem Einzelbett, drei Einzelbetten oder einem Doppelbett und einem Schlafsofa. Sie verf\u00fcgen \u00fcber moderne M\u00f6bel im Design und traditionellen mediterranen Stil.<\/p>\n<p>Viele dieser Zimmer haben einen eigenen Balkon oder ein gro\u00dfes Fenster, die sich gr\u00f6\u00dftenteils auf der Gartenebene befinden und den <strong>Blick auf die Terrasse mit Blick auf Boschetto Playa bieten<\/strong>.<\/p>\n<p>Alle Zimmer sind mit Klimaanlage, Hochgeschwindigkeits-Internetanschluss mit Plug-In-System und Wi-Fi, Satellitenfernsehen, Telefon, Minibar und einem Safe ausgestattet, um einen vollst\u00e4ndigen Aufenthalt zu gew\u00e4hrleisten. Das Badezimmer mit Dusche oder Badewanne ist mit kostenlosen Pflegeprodukten ausgestattet.<\/p>\n<p>&nbsp;<\/p>\n","protected":false},"excerpt":{"rendered":"<p>&nbsp; Die Classic Triple-Zimmer bieten eine einladende Umgebung mit einem komfortablen Doppelbett und einem Einzelbett, drei Einzelbetten oder einem Doppelbett und einem Schlafsofa. Sie verf\u00fcgen \u00fcber moderne M\u00f6bel im Design und traditionellen mediterranen Stil. Viele dieser Zimmer haben einen eigenen Balkon oder ein gro\u00dfes Fenster, die sich gr\u00f6\u00dftenteils auf der Gartenebene befinden und den Blick [&hellip;]<\/p>\n","protected":false},"author":12,"featured_media":0,"parent":718,"menu_order":10,"comment_status":"closed","ping_status":"closed","template":"template-single-room.php","meta":{"footnotes":""},"yoast_head":"<!-- This site is optimized with the Yoast SEO plugin v22.3 - https:\/\/yoast.com\/wordpress\/plugins\/seo\/ -->\n<title>Dreibettzimmer - Romano Palace Hotel<\/title>\n<meta name=\"description\" content=\"&nbsp;  Die Classic Triple-Zimmer bieten eine einladende Umgebung mit einem komfortablen Doppelbett und einem Einzelbett, drei Einzelbetten oder einem Doppelbett und einem Schlafsofa. Sie verf\u00fcgen \u00fcber moderne M\u00f6bel im Design und traditionellen mediterranen Stil.  Viele dieser Zimmer haben einen eigenen Balkon oder ein gro\u00dfes Fenster, die sich gr\u00f6\u00dftenteils auf der Gartenebene befinden und den Blick auf die Terrasse mit Blick auf Boschetto Playa bieten.  Alle Zimmer sind mit Klimaanlage, Hochgeschwindigkeits-Internetanschluss mit Plug-In-System und Wi-Fi, Satellitenfernsehen, Telefon, Minibar und einem Safe ausgestattet, um einen vollst\u00e4ndigen Aufenthalt zu gew\u00e4hrleisten\" \/>\n<meta name=\"robots\" content=\"index, follow, max-snippet:-1, max-image-preview:large, max-video-preview:-1\" \/>\n<link rel=\"canonical\" href=\"https:\/\/www.romanopalace.it\/de\/zimmer-suiten\/dreibettzimmer\/\" \/>\n<meta property=\"og:locale\" content=\"de_DE\" \/>\n<meta property=\"og:type\" content=\"article\" \/>\n<meta property=\"og:title\" content=\"Dreibettzimmer - Romano Palace Hotel\" \/>\n<meta property=\"og:description\" content=\"&nbsp;  Die Classic Triple-Zimmer bieten eine einladende Umgebung mit einem komfortablen Doppelbett und einem Einzelbett, drei Einzelbetten oder einem Doppelbett und einem Schlafsofa. Sie verf\u00fcgen \u00fcber moderne M\u00f6bel im Design und traditionellen mediterranen Stil.  Viele dieser Zimmer haben einen eigenen Balkon oder ein gro\u00dfes Fenster, die sich gr\u00f6\u00dftenteils auf der Gartenebene befinden und den Blick auf die Terrasse mit Blick auf Boschetto Playa bieten.  Alle Zimmer sind mit Klimaanlage, Hochgeschwindigkeits-Internetanschluss mit Plug-In-System und Wi-Fi, Satellitenfernsehen, Telefon, Minibar und einem Safe ausgestattet, um einen vollst\u00e4ndigen Aufenthalt zu gew\u00e4hrleisten\" \/>\n<meta property=\"og:url\" content=\"https:\/\/www.romanopalace.it\/de\/zimmer-suiten\/dreibettzimmer\/\" \/>\n<meta property=\"og:site_name\" content=\"Romano Palace Hotel\" \/>\n<meta property=\"article:modified_time\" content=\"2024-01-31T18:33:55+00:00\" \/>\n<meta name=\"twitter:card\" content=\"summary_large_image\" \/>\n<meta name=\"twitter:label1\" content=\"Gesch\u00e4tzte Lesezeit\" \/>\n\t<meta name=\"twitter:data1\" content=\"1 Minute\" \/>\n<script type=\"application\/ld+json\" class=\"yoast-schema-graph\">{\"@context\":\"https:\/\/schema.org\",\"@graph\":[{\"@type\":\"WebPage\",\"@id\":\"https:\/\/www.romanopalace.it\/de\/zimmer-suiten\/dreibettzimmer\/\",\"url\":\"https:\/\/www.romanopalace.it\/de\/zimmer-suiten\/dreibettzimmer\/\",\"name\":\"Dreibettzimmer - Romano Palace Hotel\",\"isPartOf\":{\"@id\":\"https:\/\/www.romanopalace.it\/de\/#website\"},\"datePublished\":\"2023-12-22T14:29:18+00:00\",\"dateModified\":\"2024-01-31T18:33:55+00:00\",\"description\":\"&nbsp; Die Classic Triple-Zimmer bieten eine einladende Umgebung mit einem komfortablen Doppelbett und einem Einzelbett, drei Einzelbetten oder einem Doppelbett und einem Schlafsofa. Sie verf\u00fcgen \u00fcber moderne M\u00f6bel im Design und traditionellen mediterranen Stil. Viele dieser Zimmer haben einen eigenen Balkon oder ein gro\u00dfes Fenster, die sich gr\u00f6\u00dftenteils auf der Gartenebene befinden und den Blick auf die Terrasse mit Blick auf Boschetto Playa bieten. Alle Zimmer sind mit Klimaanlage, Hochgeschwindigkeits-Internetanschluss mit Plug-In-System und Wi-Fi, Satellitenfernsehen, Telefon, Minibar und einem Safe ausgestattet, um einen vollst\u00e4ndigen Aufenthalt zu gew\u00e4hrleisten\",\"breadcrumb\":{\"@id\":\"https:\/\/www.romanopalace.it\/de\/zimmer-suiten\/dreibettzimmer\/#breadcrumb\"},\"inLanguage\":\"de-DE\",\"potentialAction\":[{\"@type\":\"ReadAction\",\"target\":[\"https:\/\/www.romanopalace.it\/de\/zimmer-suiten\/dreibettzimmer\/\"]}]},{\"@type\":\"BreadcrumbList\",\"@id\":\"https:\/\/www.romanopalace.it\/de\/zimmer-suiten\/dreibettzimmer\/#breadcrumb\",\"itemListElement\":[{\"@type\":\"ListItem\",\"position\":1,\"name\":\"Home\",\"item\":\"https:\/\/www.romanopalace.it\/de\/\"},{\"@type\":\"ListItem\",\"position\":2,\"name\":\"Zimmer und Suiten\",\"item\":\"https:\/\/www.romanopalace.it\/de\/zimmer-suiten\/\"},{\"@type\":\"ListItem\",\"position\":3,\"name\":\"Dreibettzimmer\"}]},{\"@type\":\"WebSite\",\"@id\":\"https:\/\/www.romanopalace.it\/de\/#website\",\"url\":\"https:\/\/www.romanopalace.it\/de\/\",\"name\":\"Romano Palace Hotel\",\"description\":\"\",\"publisher\":{\"@id\":\"https:\/\/www.romanopalace.it\/de\/#organization\"},\"potentialAction\":[{\"@type\":\"SearchAction\",\"target\":{\"@type\":\"EntryPoint\",\"urlTemplate\":\"https:\/\/www.romanopalace.it\/de\/?s={search_term_string}\"},\"query-input\":\"required name=search_term_string\"}],\"inLanguage\":\"de-DE\"},{\"@type\":\"Organization\",\"@id\":\"https:\/\/www.romanopalace.it\/de\/#organization\",\"name\":\"Romano Palace Hotel\",\"url\":\"https:\/\/www.romanopalace.it\/de\/\",\"logo\":{\"@type\":\"ImageObject\",\"inLanguage\":\"de-DE\",\"@id\":\"https:\/\/www.romanopalace.it\/de\/#\/schema\/logo\/image\/\",\"url\":\"https:\/\/www.romanopalace.it\/wp-content\/uploads\/sites\/91\/2023\/12\/Romano-Palace-logo-OKKK.png\",\"contentUrl\":\"https:\/\/www.romanopalace.it\/wp-content\/uploads\/sites\/91\/2023\/12\/Romano-Palace-logo-OKKK.png\",\"width\":475,\"height\":497,\"caption\":\"Romano Palace Hotel\"},\"image\":{\"@id\":\"https:\/\/www.romanopalace.it\/de\/#\/schema\/logo\/image\/\"}}]}<\/script>\n<!-- \/ Yoast SEO plugin. -->","yoast_head_json":{"title":"Dreibettzimmer - Romano Palace Hotel","description":"&nbsp;  Die Classic Triple-Zimmer bieten eine einladende Umgebung mit einem komfortablen Doppelbett und einem Einzelbett, drei Einzelbetten oder einem Doppelbett und einem Schlafsofa. Sie verf\u00fcgen \u00fcber moderne M\u00f6bel im Design und traditionellen mediterranen Stil.  Viele dieser Zimmer haben einen eigenen Balkon oder ein gro\u00dfes Fenster, die sich gr\u00f6\u00dftenteils auf der Gartenebene befinden und den Blick auf die Terrasse mit Blick auf Boschetto Playa bieten.  Alle Zimmer sind mit Klimaanlage, Hochgeschwindigkeits-Internetanschluss mit Plug-In-System und Wi-Fi, Satellitenfernsehen, Telefon, Minibar und einem Safe ausgestattet, um einen vollst\u00e4ndigen Aufenthalt zu gew\u00e4hrleisten","robots":{"index":"index","follow":"follow","max-snippet":"max-snippet:-1","max-image-preview":"max-image-preview:large","max-video-preview":"max-video-preview:-1"},"canonical":"https:\/\/www.romanopalace.it\/de\/zimmer-suiten\/dreibettzimmer\/","og_locale":"de_DE","og_type":"article","og_title":"Dreibettzimmer - Romano Palace Hotel","og_description":"&nbsp;  Die Classic Triple-Zimmer bieten eine einladende Umgebung mit einem komfortablen Doppelbett und einem Einzelbett, drei Einzelbetten oder einem Doppelbett und einem Schlafsofa. Sie verf\u00fcgen \u00fcber moderne M\u00f6bel im Design und traditionellen mediterranen Stil.  Viele dieser Zimmer haben einen eigenen Balkon oder ein gro\u00dfes Fenster, die sich gr\u00f6\u00dftenteils auf der Gartenebene befinden und den Blick auf die Terrasse mit Blick auf Boschetto Playa bieten.  Alle Zimmer sind mit Klimaanlage, Hochgeschwindigkeits-Internetanschluss mit Plug-In-System und Wi-Fi, Satellitenfernsehen, Telefon, Minibar und einem Safe ausgestattet, um einen vollst\u00e4ndigen Aufenthalt zu gew\u00e4hrleisten","og_url":"https:\/\/www.romanopalace.it\/de\/zimmer-suiten\/dreibettzimmer\/","og_site_name":"Romano Palace Hotel","article_modified_time":"2024-01-31T18:33:55+00:00","twitter_card":"summary_large_image","twitter_misc":{"Gesch\u00e4tzte Lesezeit":"1 Minute"},"schema":{"@context":"https:\/\/schema.org","@graph":[{"@type":"WebPage","@id":"https:\/\/www.romanopalace.it\/de\/zimmer-suiten\/dreibettzimmer\/","url":"https:\/\/www.romanopalace.it\/de\/zimmer-suiten\/dreibettzimmer\/","name":"Dreibettzimmer - Romano Palace Hotel","isPartOf":{"@id":"https:\/\/www.romanopalace.it\/de\/#website"},"datePublished":"2023-12-22T14:29:18+00:00","dateModified":"2024-01-31T18:33:55+00:00","description":"&nbsp; Die Classic Triple-Zimmer bieten eine einladende Umgebung mit einem komfortablen Doppelbett und einem Einzelbett, drei Einzelbetten oder einem Doppelbett und einem Schlafsofa. Sie verf\u00fcgen \u00fcber moderne M\u00f6bel im Design und traditionellen mediterranen Stil. Viele dieser Zimmer haben einen eigenen Balkon oder ein gro\u00dfes Fenster, die sich gr\u00f6\u00dftenteils auf der Gartenebene befinden und den Blick auf die Terrasse mit Blick auf Boschetto Playa bieten. Alle Zimmer sind mit Klimaanlage, Hochgeschwindigkeits-Internetanschluss mit Plug-In-System und Wi-Fi, Satellitenfernsehen, Telefon, Minibar und einem Safe ausgestattet, um einen vollst\u00e4ndigen Aufenthalt zu gew\u00e4hrleisten","breadcrumb":{"@id":"https:\/\/www.romanopalace.it\/de\/zimmer-suiten\/dreibettzimmer\/#breadcrumb"},"inLanguage":"de-DE","potentialAction":[{"@type":"ReadAction","target":["https:\/\/www.romanopalace.it\/de\/zimmer-suiten\/dreibettzimmer\/"]}]},{"@type":"BreadcrumbList","@id":"https:\/\/www.romanopalace.it\/de\/zimmer-suiten\/dreibettzimmer\/#breadcrumb","itemListElement":[{"@type":"ListItem","position":1,"name":"Home","item":"https:\/\/www.romanopalace.it\/de\/"},{"@type":"ListItem","position":2,"name":"Zimmer und Suiten","item":"https:\/\/www.romanopalace.it\/de\/zimmer-suiten\/"},{"@type":"ListItem","position":3,"name":"Dreibettzimmer"}]},{"@type":"WebSite","@id":"https:\/\/www.romanopalace.it\/de\/#website","url":"https:\/\/www.romanopalace.it\/de\/","name":"Romano Palace Hotel","description":"","publisher":{"@id":"https:\/\/www.romanopalace.it\/de\/#organization"},"potentialAction":[{"@type":"SearchAction","target":{"@type":"EntryPoint","urlTemplate":"https:\/\/www.romanopalace.it\/de\/?s={search_term_string}"},"query-input":"required name=search_term_string"}],"inLanguage":"de-DE"},{"@type":"Organization","@id":"https:\/\/www.romanopalace.it\/de\/#organization","name":"Romano Palace Hotel","url":"https:\/\/www.romanopalace.it\/de\/","logo":{"@type":"ImageObject","inLanguage":"de-DE","@id":"https:\/\/www.romanopalace.it\/de\/#\/schema\/logo\/image\/","url":"https:\/\/www.romanopalace.it\/wp-content\/uploads\/sites\/91\/2023\/12\/Romano-Palace-logo-OKKK.png","contentUrl":"https:\/\/www.romanopalace.it\/wp-content\/uploads\/sites\/91\/2023\/12\/Romano-Palace-logo-OKKK.png","width":475,"height":497,"caption":"Romano Palace Hotel"},"image":{"@id":"https:\/\/www.romanopalace.it\/de\/#\/schema\/logo\/image\/"}}]}},"acf":[],"_links":{"self":[{"href":"https:\/\/www.romanopalace.it\/de\/wp-json\/wp\/v2\/pages\/734"}],"collection":[{"href":"https:\/\/www.romanopalace.it\/de\/wp-json\/wp\/v2\/pages"}],"about":[{"href":"https:\/\/www.romanopalace.it\/de\/wp-json\/wp\/v2\/types\/page"}],"author":[{"embeddable":true,"href":"https:\/\/www.romanopalace.it\/de\/wp-json\/wp\/v2\/users\/12"}],"replies":[{"embeddable":true,"href":"https:\/\/www.romanopalace.it\/de\/wp-json\/wp\/v2\/comments?post=734"}],"version-history":[{"count":0,"href":"https:\/\/www.romanopalace.it\/de\/wp-json\/wp\/v2\/pages\/734\/revisions"}],"up":[{"embeddable":true,"href":"https:\/\/www.romanopalace.it\/de\/wp-json\/wp\/v2\/pages\/718"}],"wp:attachment":[{"href":"https:\/\/www.romanopalace.it\/de\/wp-json\/wp\/v2\/media?parent=734"}],"curies":[{"name":"wp","href":"https:\/\/api.w.org\/{rel}","templated":true}]}}