{"id":740,"date":"2023-12-22T14:30:05","date_gmt":"2023-12-22T14:30:05","guid":{"rendered":"https:\/\/romano-palace.ms2.decms.eu\/zimmer-suiten\/camera-deluxe\/"},"modified":"2024-02-01T08:32:44","modified_gmt":"2024-02-01T08:32:44","slug":"deluxe-zimmer","status":"publish","type":"page","link":"https:\/\/www.romanopalace.it\/de\/zimmer-suiten\/deluxe-zimmer\/","title":{"rendered":"Deluxe Zimmer"},"content":{"rendered":"<p>&nbsp;<\/p>\n<p>Die <strong>Deluxe-Zimmer<\/strong> sind ger\u00e4umig und luxuri\u00f6s, ausgestattet mit einem <strong>Doppelbett oder zwei Einzelbetten<\/strong>.<\/p>\n<p>Sie verf\u00fcgen \u00fcber eine <em>Terrasse oder einen Balkon mit Sesseln und einem Tisch<\/em>, mit entspannendem Blick auf den Pool oder die arabischen Brunnen des Hotels, und sind mit den warmen Farben des mediterranen Stils eingerichtet.<\/p>\n<p>Klimaanlage, kostenlose High-Speed-Internetverbindung mit Plug-in-System und WLAN, Satellitenfernsehen, Telefon, Minibar und Safe sind vorhanden. Das Badezimmer ist mit Dusche und Badewanne ausgestattet, es gibt eine reichhaltige Auswahl an Pflegeprodukten sowie Hausschuhe und einen Bademantel.<\/p>\n<div class=\"w-full pt-2 md:pt-0 dark:border-white\/20 md:border-transparent md:dark:border-transparent md:w-[calc(100%-.5rem)]\">\n<form class=\"stretch mx-2 flex flex-row gap-3 last:mb-2 md:mx-4 md:last:mb-6 lg:mx-auto lg:max-w-2xl xl:max-w-3xl\">\n<div class=\"relative flex h-full flex-1 items-stretch md:flex-col\">\n<div class=\"flex w-full items-center\"><\/div>\n<\/div>\n<\/form>\n<\/div>\n<p>&nbsp;<\/p>\n<div id=\"container_description\">\n<div class=\"viewport\">\n<div><\/div>\n<div class=\"overview\"><\/div>\n<\/div>\n<\/div>\n<div id=\"pt-main\" class=\"pt-perspective mastwrap intro intro-01 showcase\">\n<div id=\"toolbar\"><\/div>\n<\/div>\n<p>&nbsp;<\/p>\n","protected":false},"excerpt":{"rendered":"<p>&nbsp; Die Deluxe-Zimmer sind ger\u00e4umig und luxuri\u00f6s, ausgestattet mit einem Doppelbett oder zwei Einzelbetten. Sie verf\u00fcgen \u00fcber eine Terrasse oder einen Balkon mit Sesseln und einem Tisch, mit entspannendem Blick auf den Pool oder die arabischen Brunnen des Hotels, und sind mit den warmen Farben des mediterranen Stils eingerichtet. Klimaanlage, kostenlose High-Speed-Internetverbindung mit Plug-in-System und [&hellip;]<\/p>\n","protected":false},"author":12,"featured_media":0,"parent":718,"menu_order":12,"comment_status":"closed","ping_status":"closed","template":"template-single-room.php","meta":{"footnotes":""},"yoast_head":"<!-- This site is optimized with the Yoast SEO plugin v22.3 - https:\/\/yoast.com\/wordpress\/plugins\/seo\/ -->\n<title>Deluxe Zimmer - Romano Palace Hotel<\/title>\n<meta name=\"description\" content=\"&nbsp;  Die Deluxe-Zimmer sind ger\u00e4umig und luxuri\u00f6s, ausgestattet mit einem Doppelbett oder zwei Einzelbetten.  Sie verf\u00fcgen \u00fcber eine Terrasse oder einen Balkon mit Sesseln und einem Tisch, mit entspannendem Blick auf den Pool oder die arabischen Brunnen des Hotels, und sind mit den warmen Farben des mediterranen Stils eingerichtet.  Klimaanlage, kostenlose High-Speed-Internetverbindung mit Plug-in-System und WLAN, Satellitenfernsehen, Telefon, Minibar und Safe sind vorhanden. Das Badezimmer ist mit Dusche und Badewanne ausgestattet, es gibt eine reichhaltige Auswahl an Pflegeprodukten sowie Hausschuhe und einen Bademantel.      &nbsp;          &nbsp;\" \/>\n<meta name=\"robots\" content=\"index, follow, max-snippet:-1, max-image-preview:large, max-video-preview:-1\" \/>\n<link rel=\"canonical\" href=\"https:\/\/www.romanopalace.it\/de\/zimmer-suiten\/deluxe-zimmer\/\" \/>\n<meta property=\"og:locale\" content=\"de_DE\" \/>\n<meta property=\"og:type\" content=\"article\" \/>\n<meta property=\"og:title\" content=\"Deluxe Zimmer - Romano Palace Hotel\" \/>\n<meta property=\"og:description\" content=\"&nbsp;  Die Deluxe-Zimmer sind ger\u00e4umig und luxuri\u00f6s, ausgestattet mit einem Doppelbett oder zwei Einzelbetten.  Sie verf\u00fcgen \u00fcber eine Terrasse oder einen Balkon mit Sesseln und einem Tisch, mit entspannendem Blick auf den Pool oder die arabischen Brunnen des Hotels, und sind mit den warmen Farben des mediterranen Stils eingerichtet.  Klimaanlage, kostenlose High-Speed-Internetverbindung mit Plug-in-System und WLAN, Satellitenfernsehen, Telefon, Minibar und Safe sind vorhanden. Das Badezimmer ist mit Dusche und Badewanne ausgestattet, es gibt eine reichhaltige Auswahl an Pflegeprodukten sowie Hausschuhe und einen Bademantel.      &nbsp;          &nbsp;\" \/>\n<meta property=\"og:url\" content=\"https:\/\/www.romanopalace.it\/de\/zimmer-suiten\/deluxe-zimmer\/\" \/>\n<meta property=\"og:site_name\" content=\"Romano Palace Hotel\" \/>\n<meta property=\"article:modified_time\" content=\"2024-02-01T08:32:44+00:00\" \/>\n<meta name=\"twitter:card\" content=\"summary_large_image\" \/>\n<script type=\"application\/ld+json\" class=\"yoast-schema-graph\">{\"@context\":\"https:\/\/schema.org\",\"@graph\":[{\"@type\":\"WebPage\",\"@id\":\"https:\/\/www.romanopalace.it\/de\/zimmer-suiten\/deluxe-zimmer\/\",\"url\":\"https:\/\/www.romanopalace.it\/de\/zimmer-suiten\/deluxe-zimmer\/\",\"name\":\"Deluxe Zimmer - Romano Palace Hotel\",\"isPartOf\":{\"@id\":\"https:\/\/www.romanopalace.it\/de\/#website\"},\"datePublished\":\"2023-12-22T14:30:05+00:00\",\"dateModified\":\"2024-02-01T08:32:44+00:00\",\"description\":\"&nbsp; Die Deluxe-Zimmer sind ger\u00e4umig und luxuri\u00f6s, ausgestattet mit einem Doppelbett oder zwei Einzelbetten. Sie verf\u00fcgen \u00fcber eine Terrasse oder einen Balkon mit Sesseln und einem Tisch, mit entspannendem Blick auf den Pool oder die arabischen Brunnen des Hotels, und sind mit den warmen Farben des mediterranen Stils eingerichtet. Klimaanlage, kostenlose High-Speed-Internetverbindung mit Plug-in-System und WLAN, Satellitenfernsehen, Telefon, Minibar und Safe sind vorhanden. Das Badezimmer ist mit Dusche und Badewanne ausgestattet, es gibt eine reichhaltige Auswahl an Pflegeprodukten sowie Hausschuhe und einen Bademantel. &nbsp; &nbsp;\",\"breadcrumb\":{\"@id\":\"https:\/\/www.romanopalace.it\/de\/zimmer-suiten\/deluxe-zimmer\/#breadcrumb\"},\"inLanguage\":\"de-DE\",\"potentialAction\":[{\"@type\":\"ReadAction\",\"target\":[\"https:\/\/www.romanopalace.it\/de\/zimmer-suiten\/deluxe-zimmer\/\"]}]},{\"@type\":\"BreadcrumbList\",\"@id\":\"https:\/\/www.romanopalace.it\/de\/zimmer-suiten\/deluxe-zimmer\/#breadcrumb\",\"itemListElement\":[{\"@type\":\"ListItem\",\"position\":1,\"name\":\"Home\",\"item\":\"https:\/\/www.romanopalace.it\/de\/\"},{\"@type\":\"ListItem\",\"position\":2,\"name\":\"Zimmer und Suiten\",\"item\":\"https:\/\/www.romanopalace.it\/de\/zimmer-suiten\/\"},{\"@type\":\"ListItem\",\"position\":3,\"name\":\"Deluxe Zimmer\"}]},{\"@type\":\"WebSite\",\"@id\":\"https:\/\/www.romanopalace.it\/de\/#website\",\"url\":\"https:\/\/www.romanopalace.it\/de\/\",\"name\":\"Romano Palace Hotel\",\"description\":\"\",\"publisher\":{\"@id\":\"https:\/\/www.romanopalace.it\/de\/#organization\"},\"potentialAction\":[{\"@type\":\"SearchAction\",\"target\":{\"@type\":\"EntryPoint\",\"urlTemplate\":\"https:\/\/www.romanopalace.it\/de\/?s={search_term_string}\"},\"query-input\":\"required name=search_term_string\"}],\"inLanguage\":\"de-DE\"},{\"@type\":\"Organization\",\"@id\":\"https:\/\/www.romanopalace.it\/de\/#organization\",\"name\":\"Romano Palace Hotel\",\"url\":\"https:\/\/www.romanopalace.it\/de\/\",\"logo\":{\"@type\":\"ImageObject\",\"inLanguage\":\"de-DE\",\"@id\":\"https:\/\/www.romanopalace.it\/de\/#\/schema\/logo\/image\/\",\"url\":\"https:\/\/www.romanopalace.it\/wp-content\/uploads\/sites\/91\/2023\/12\/Romano-Palace-logo-OKKK.png\",\"contentUrl\":\"https:\/\/www.romanopalace.it\/wp-content\/uploads\/sites\/91\/2023\/12\/Romano-Palace-logo-OKKK.png\",\"width\":475,\"height\":497,\"caption\":\"Romano Palace Hotel\"},\"image\":{\"@id\":\"https:\/\/www.romanopalace.it\/de\/#\/schema\/logo\/image\/\"}}]}<\/script>\n<!-- \/ Yoast SEO plugin. -->","yoast_head_json":{"title":"Deluxe Zimmer - Romano Palace Hotel","description":"&nbsp;  Die Deluxe-Zimmer sind ger\u00e4umig und luxuri\u00f6s, ausgestattet mit einem Doppelbett oder zwei Einzelbetten.  Sie verf\u00fcgen \u00fcber eine Terrasse oder einen Balkon mit Sesseln und einem Tisch, mit entspannendem Blick auf den Pool oder die arabischen Brunnen des Hotels, und sind mit den warmen Farben des mediterranen Stils eingerichtet.  Klimaanlage, kostenlose High-Speed-Internetverbindung mit Plug-in-System und WLAN, Satellitenfernsehen, Telefon, Minibar und Safe sind vorhanden. Das Badezimmer ist mit Dusche und Badewanne ausgestattet, es gibt eine reichhaltige Auswahl an Pflegeprodukten sowie Hausschuhe und einen Bademantel.      &nbsp;          &nbsp;","robots":{"index":"index","follow":"follow","max-snippet":"max-snippet:-1","max-image-preview":"max-image-preview:large","max-video-preview":"max-video-preview:-1"},"canonical":"https:\/\/www.romanopalace.it\/de\/zimmer-suiten\/deluxe-zimmer\/","og_locale":"de_DE","og_type":"article","og_title":"Deluxe Zimmer - Romano Palace Hotel","og_description":"&nbsp;  Die Deluxe-Zimmer sind ger\u00e4umig und luxuri\u00f6s, ausgestattet mit einem Doppelbett oder zwei Einzelbetten.  Sie verf\u00fcgen \u00fcber eine Terrasse oder einen Balkon mit Sesseln und einem Tisch, mit entspannendem Blick auf den Pool oder die arabischen Brunnen des Hotels, und sind mit den warmen Farben des mediterranen Stils eingerichtet.  Klimaanlage, kostenlose High-Speed-Internetverbindung mit Plug-in-System und WLAN, Satellitenfernsehen, Telefon, Minibar und Safe sind vorhanden. Das Badezimmer ist mit Dusche und Badewanne ausgestattet, es gibt eine reichhaltige Auswahl an Pflegeprodukten sowie Hausschuhe und einen Bademantel.      &nbsp;          &nbsp;","og_url":"https:\/\/www.romanopalace.it\/de\/zimmer-suiten\/deluxe-zimmer\/","og_site_name":"Romano Palace Hotel","article_modified_time":"2024-02-01T08:32:44+00:00","twitter_card":"summary_large_image","schema":{"@context":"https:\/\/schema.org","@graph":[{"@type":"WebPage","@id":"https:\/\/www.romanopalace.it\/de\/zimmer-suiten\/deluxe-zimmer\/","url":"https:\/\/www.romanopalace.it\/de\/zimmer-suiten\/deluxe-zimmer\/","name":"Deluxe Zimmer - Romano Palace Hotel","isPartOf":{"@id":"https:\/\/www.romanopalace.it\/de\/#website"},"datePublished":"2023-12-22T14:30:05+00:00","dateModified":"2024-02-01T08:32:44+00:00","description":"&nbsp; Die Deluxe-Zimmer sind ger\u00e4umig und luxuri\u00f6s, ausgestattet mit einem Doppelbett oder zwei Einzelbetten. Sie verf\u00fcgen \u00fcber eine Terrasse oder einen Balkon mit Sesseln und einem Tisch, mit entspannendem Blick auf den Pool oder die arabischen Brunnen des Hotels, und sind mit den warmen Farben des mediterranen Stils eingerichtet. Klimaanlage, kostenlose High-Speed-Internetverbindung mit Plug-in-System und WLAN, Satellitenfernsehen, Telefon, Minibar und Safe sind vorhanden. Das Badezimmer ist mit Dusche und Badewanne ausgestattet, es gibt eine reichhaltige Auswahl an Pflegeprodukten sowie Hausschuhe und einen Bademantel. &nbsp; &nbsp;","breadcrumb":{"@id":"https:\/\/www.romanopalace.it\/de\/zimmer-suiten\/deluxe-zimmer\/#breadcrumb"},"inLanguage":"de-DE","potentialAction":[{"@type":"ReadAction","target":["https:\/\/www.romanopalace.it\/de\/zimmer-suiten\/deluxe-zimmer\/"]}]},{"@type":"BreadcrumbList","@id":"https:\/\/www.romanopalace.it\/de\/zimmer-suiten\/deluxe-zimmer\/#breadcrumb","itemListElement":[{"@type":"ListItem","position":1,"name":"Home","item":"https:\/\/www.romanopalace.it\/de\/"},{"@type":"ListItem","position":2,"name":"Zimmer und Suiten","item":"https:\/\/www.romanopalace.it\/de\/zimmer-suiten\/"},{"@type":"ListItem","position":3,"name":"Deluxe Zimmer"}]},{"@type":"WebSite","@id":"https:\/\/www.romanopalace.it\/de\/#website","url":"https:\/\/www.romanopalace.it\/de\/","name":"Romano Palace Hotel","description":"","publisher":{"@id":"https:\/\/www.romanopalace.it\/de\/#organization"},"potentialAction":[{"@type":"SearchAction","target":{"@type":"EntryPoint","urlTemplate":"https:\/\/www.romanopalace.it\/de\/?s={search_term_string}"},"query-input":"required name=search_term_string"}],"inLanguage":"de-DE"},{"@type":"Organization","@id":"https:\/\/www.romanopalace.it\/de\/#organization","name":"Romano Palace Hotel","url":"https:\/\/www.romanopalace.it\/de\/","logo":{"@type":"ImageObject","inLanguage":"de-DE","@id":"https:\/\/www.romanopalace.it\/de\/#\/schema\/logo\/image\/","url":"https:\/\/www.romanopalace.it\/wp-content\/uploads\/sites\/91\/2023\/12\/Romano-Palace-logo-OKKK.png","contentUrl":"https:\/\/www.romanopalace.it\/wp-content\/uploads\/sites\/91\/2023\/12\/Romano-Palace-logo-OKKK.png","width":475,"height":497,"caption":"Romano Palace Hotel"},"image":{"@id":"https:\/\/www.romanopalace.it\/de\/#\/schema\/logo\/image\/"}}]}},"acf":[],"_links":{"self":[{"href":"https:\/\/www.romanopalace.it\/de\/wp-json\/wp\/v2\/pages\/740"}],"collection":[{"href":"https:\/\/www.romanopalace.it\/de\/wp-json\/wp\/v2\/pages"}],"about":[{"href":"https:\/\/www.romanopalace.it\/de\/wp-json\/wp\/v2\/types\/page"}],"author":[{"embeddable":true,"href":"https:\/\/www.romanopalace.it\/de\/wp-json\/wp\/v2\/users\/12"}],"replies":[{"embeddable":true,"href":"https:\/\/www.romanopalace.it\/de\/wp-json\/wp\/v2\/comments?post=740"}],"version-history":[{"count":0,"href":"https:\/\/www.romanopalace.it\/de\/wp-json\/wp\/v2\/pages\/740\/revisions"}],"up":[{"embeddable":true,"href":"https:\/\/www.romanopalace.it\/de\/wp-json\/wp\/v2\/pages\/718"}],"wp:attachment":[{"href":"https:\/\/www.romanopalace.it\/de\/wp-json\/wp\/v2\/media?parent=740"}],"curies":[{"name":"wp","href":"https:\/\/api.w.org\/{rel}","templated":true}]}}