{"id":746,"date":"2023-12-22T14:31:44","date_gmt":"2023-12-22T14:31:44","guid":{"rendered":"https:\/\/romano-palace.ms2.decms.eu\/zimmer-suiten\/suite\/"},"modified":"2024-02-01T08:53:10","modified_gmt":"2024-02-01T08:53:10","slug":"suite","status":"publish","type":"page","link":"https:\/\/www.romanopalace.it\/de\/zimmer-suiten\/suite\/","title":{"rendered":"Suite"},"content":{"rendered":"<p>&nbsp;<\/p>\n<p><strong>Gro\u00dfes Zimmer mit Lounge-Eintrag mit Ecke Tee und Kr\u00e4utertees<\/strong>, <strong>Doppelzimmer<\/strong>, Bad mit zwei separaten Zimmern und Jacuzzi<\/p>\n<p><em>Terrasse mit Tisch, St\u00fchlen und Liegestuhl.<\/em><\/p>\n<p>Klimaanlage, kostenfreiem Internetzugang High-Speed-System mit Plug-in Wi-Fi, Sat-TV Led, Telefon und Safe. Rich-Pflegelinie, Hausschuhe und Bademantel. Kostenlose Minibar.<\/p>\n<p>&nbsp;<\/p>\n","protected":false},"excerpt":{"rendered":"<p>&nbsp; Gro\u00dfes Zimmer mit Lounge-Eintrag mit Ecke Tee und Kr\u00e4utertees, Doppelzimmer, Bad mit zwei separaten Zimmern und Jacuzzi Terrasse mit Tisch, St\u00fchlen und Liegestuhl. Klimaanlage, kostenfreiem Internetzugang High-Speed-System mit Plug-in Wi-Fi, Sat-TV Led, Telefon und Safe. Rich-Pflegelinie, Hausschuhe und Bademantel. Kostenlose Minibar. &nbsp;<\/p>\n","protected":false},"author":12,"featured_media":0,"parent":718,"menu_order":14,"comment_status":"closed","ping_status":"closed","template":"template-single-room.php","meta":{"footnotes":""},"class_list":["post-746","page","type-page","status-publish","hentry"],"yoast_head":"<!-- This site is optimized with the Yoast SEO plugin v27.3 - https:\/\/yoast.com\/product\/yoast-seo-wordpress\/ -->\n<title>Suite - Romano Palace Hotel<\/title>\n<meta name=\"description\" content=\"&nbsp;  Gro\u00dfes Zimmer mit Lounge-Eintrag mit Ecke Tee und Kr\u00e4utertees, Doppelzimmer, Bad mit zwei separaten Zimmern und Jacuzzi  Terrasse mit Tisch, St\u00fchlen und Liegestuhl.  Klimaanlage, kostenfreiem Internetzugang High-Speed-System mit Plug-in Wi-Fi, Sat-TV Led, Telefon und Safe. Rich-Pflegelinie, Hausschuhe und Bademantel\" \/>\n<meta name=\"robots\" content=\"index, follow, max-snippet:-1, max-image-preview:large, max-video-preview:-1\" \/>\n<link rel=\"canonical\" href=\"https:\/\/www.romanopalace.it\/de\/zimmer-suiten\/suite\/\" \/>\n<meta property=\"og:locale\" content=\"de_DE\" \/>\n<meta property=\"og:type\" content=\"article\" \/>\n<meta property=\"og:title\" content=\"Suite - Romano Palace Hotel\" \/>\n<meta property=\"og:description\" content=\"&nbsp;  Gro\u00dfes Zimmer mit Lounge-Eintrag mit Ecke Tee und Kr\u00e4utertees, Doppelzimmer, Bad mit zwei separaten Zimmern und Jacuzzi  Terrasse mit Tisch, St\u00fchlen und Liegestuhl.  Klimaanlage, kostenfreiem Internetzugang High-Speed-System mit Plug-in Wi-Fi, Sat-TV Led, Telefon und Safe. Rich-Pflegelinie, Hausschuhe und Bademantel\" \/>\n<meta property=\"og:url\" content=\"https:\/\/www.romanopalace.it\/de\/zimmer-suiten\/suite\/\" \/>\n<meta property=\"og:site_name\" content=\"Romano Palace Hotel\" \/>\n<meta property=\"article:modified_time\" content=\"2024-02-01T08:53:10+00:00\" \/>\n<meta name=\"twitter:card\" content=\"summary_large_image\" \/>\n<script type=\"application\/ld+json\" class=\"yoast-schema-graph\">{\"@context\":\"https:\\\/\\\/schema.org\",\"@graph\":[{\"@type\":\"WebPage\",\"@id\":\"https:\\\/\\\/www.romanopalace.it\\\/de\\\/zimmer-suiten\\\/suite\\\/\",\"url\":\"https:\\\/\\\/www.romanopalace.it\\\/de\\\/zimmer-suiten\\\/suite\\\/\",\"name\":\"Suite - Romano Palace Hotel\",\"isPartOf\":{\"@id\":\"https:\\\/\\\/www.romanopalace.it\\\/de\\\/#website\"},\"datePublished\":\"2023-12-22T14:31:44+00:00\",\"dateModified\":\"2024-02-01T08:53:10+00:00\",\"description\":\"&nbsp; Gro\u00dfes Zimmer mit Lounge-Eintrag mit Ecke Tee und Kr\u00e4utertees, Doppelzimmer, Bad mit zwei separaten Zimmern und Jacuzzi Terrasse mit Tisch, St\u00fchlen und Liegestuhl. Klimaanlage, kostenfreiem Internetzugang High-Speed-System mit Plug-in Wi-Fi, Sat-TV Led, Telefon und Safe. Rich-Pflegelinie, Hausschuhe und Bademantel\",\"breadcrumb\":{\"@id\":\"https:\\\/\\\/www.romanopalace.it\\\/de\\\/zimmer-suiten\\\/suite\\\/#breadcrumb\"},\"inLanguage\":\"de-DE\",\"potentialAction\":[{\"@type\":\"ReadAction\",\"target\":[\"https:\\\/\\\/www.romanopalace.it\\\/de\\\/zimmer-suiten\\\/suite\\\/\"]}]},{\"@type\":\"BreadcrumbList\",\"@id\":\"https:\\\/\\\/www.romanopalace.it\\\/de\\\/zimmer-suiten\\\/suite\\\/#breadcrumb\",\"itemListElement\":[{\"@type\":\"ListItem\",\"position\":1,\"name\":\"Home\",\"item\":\"https:\\\/\\\/www.romanopalace.it\\\/de\\\/\"},{\"@type\":\"ListItem\",\"position\":2,\"name\":\"Zimmer und Suiten\",\"item\":\"https:\\\/\\\/www.romanopalace.it\\\/de\\\/zimmer-suiten\\\/\"},{\"@type\":\"ListItem\",\"position\":3,\"name\":\"Suite\"}]},{\"@type\":\"WebSite\",\"@id\":\"https:\\\/\\\/www.romanopalace.it\\\/de\\\/#website\",\"url\":\"https:\\\/\\\/www.romanopalace.it\\\/de\\\/\",\"name\":\"Romano Palace Hotel\",\"description\":\"\",\"publisher\":{\"@id\":\"https:\\\/\\\/www.romanopalace.it\\\/de\\\/#organization\"},\"potentialAction\":[{\"@type\":\"SearchAction\",\"target\":{\"@type\":\"EntryPoint\",\"urlTemplate\":\"https:\\\/\\\/www.romanopalace.it\\\/de\\\/?s={search_term_string}\"},\"query-input\":{\"@type\":\"PropertyValueSpecification\",\"valueRequired\":true,\"valueName\":\"search_term_string\"}}],\"inLanguage\":\"de-DE\"},{\"@type\":\"Organization\",\"@id\":\"https:\\\/\\\/www.romanopalace.it\\\/de\\\/#organization\",\"name\":\"Romano Palace Hotel\",\"url\":\"https:\\\/\\\/www.romanopalace.it\\\/de\\\/\",\"logo\":{\"@type\":\"ImageObject\",\"inLanguage\":\"de-DE\",\"@id\":\"https:\\\/\\\/www.romanopalace.it\\\/de\\\/#\\\/schema\\\/logo\\\/image\\\/\",\"url\":\"https:\\\/\\\/www.romanopalace.it\\\/wp-content\\\/uploads\\\/sites\\\/91\\\/2023\\\/12\\\/Romano-Palace-logo-OKKK.png\",\"contentUrl\":\"https:\\\/\\\/www.romanopalace.it\\\/wp-content\\\/uploads\\\/sites\\\/91\\\/2023\\\/12\\\/Romano-Palace-logo-OKKK.png\",\"width\":475,\"height\":497,\"caption\":\"Romano Palace Hotel\"},\"image\":{\"@id\":\"https:\\\/\\\/www.romanopalace.it\\\/de\\\/#\\\/schema\\\/logo\\\/image\\\/\"}}]}<\/script>\n<!-- \/ Yoast SEO plugin. -->","yoast_head_json":{"title":"Suite - Romano Palace Hotel","description":"&nbsp;  Gro\u00dfes Zimmer mit Lounge-Eintrag mit Ecke Tee und Kr\u00e4utertees, Doppelzimmer, Bad mit zwei separaten Zimmern und Jacuzzi  Terrasse mit Tisch, St\u00fchlen und Liegestuhl.  Klimaanlage, kostenfreiem Internetzugang High-Speed-System mit Plug-in Wi-Fi, Sat-TV Led, Telefon und Safe. Rich-Pflegelinie, Hausschuhe und Bademantel","robots":{"index":"index","follow":"follow","max-snippet":"max-snippet:-1","max-image-preview":"max-image-preview:large","max-video-preview":"max-video-preview:-1"},"canonical":"https:\/\/www.romanopalace.it\/de\/zimmer-suiten\/suite\/","og_locale":"de_DE","og_type":"article","og_title":"Suite - Romano Palace Hotel","og_description":"&nbsp;  Gro\u00dfes Zimmer mit Lounge-Eintrag mit Ecke Tee und Kr\u00e4utertees, Doppelzimmer, Bad mit zwei separaten Zimmern und Jacuzzi  Terrasse mit Tisch, St\u00fchlen und Liegestuhl.  Klimaanlage, kostenfreiem Internetzugang High-Speed-System mit Plug-in Wi-Fi, Sat-TV Led, Telefon und Safe. Rich-Pflegelinie, Hausschuhe und Bademantel","og_url":"https:\/\/www.romanopalace.it\/de\/zimmer-suiten\/suite\/","og_site_name":"Romano Palace Hotel","article_modified_time":"2024-02-01T08:53:10+00:00","twitter_card":"summary_large_image","schema":{"@context":"https:\/\/schema.org","@graph":[{"@type":"WebPage","@id":"https:\/\/www.romanopalace.it\/de\/zimmer-suiten\/suite\/","url":"https:\/\/www.romanopalace.it\/de\/zimmer-suiten\/suite\/","name":"Suite - Romano Palace Hotel","isPartOf":{"@id":"https:\/\/www.romanopalace.it\/de\/#website"},"datePublished":"2023-12-22T14:31:44+00:00","dateModified":"2024-02-01T08:53:10+00:00","description":"&nbsp; Gro\u00dfes Zimmer mit Lounge-Eintrag mit Ecke Tee und Kr\u00e4utertees, Doppelzimmer, Bad mit zwei separaten Zimmern und Jacuzzi Terrasse mit Tisch, St\u00fchlen und Liegestuhl. Klimaanlage, kostenfreiem Internetzugang High-Speed-System mit Plug-in Wi-Fi, Sat-TV Led, Telefon und Safe. Rich-Pflegelinie, Hausschuhe und Bademantel","breadcrumb":{"@id":"https:\/\/www.romanopalace.it\/de\/zimmer-suiten\/suite\/#breadcrumb"},"inLanguage":"de-DE","potentialAction":[{"@type":"ReadAction","target":["https:\/\/www.romanopalace.it\/de\/zimmer-suiten\/suite\/"]}]},{"@type":"BreadcrumbList","@id":"https:\/\/www.romanopalace.it\/de\/zimmer-suiten\/suite\/#breadcrumb","itemListElement":[{"@type":"ListItem","position":1,"name":"Home","item":"https:\/\/www.romanopalace.it\/de\/"},{"@type":"ListItem","position":2,"name":"Zimmer und Suiten","item":"https:\/\/www.romanopalace.it\/de\/zimmer-suiten\/"},{"@type":"ListItem","position":3,"name":"Suite"}]},{"@type":"WebSite","@id":"https:\/\/www.romanopalace.it\/de\/#website","url":"https:\/\/www.romanopalace.it\/de\/","name":"Romano Palace Hotel","description":"","publisher":{"@id":"https:\/\/www.romanopalace.it\/de\/#organization"},"potentialAction":[{"@type":"SearchAction","target":{"@type":"EntryPoint","urlTemplate":"https:\/\/www.romanopalace.it\/de\/?s={search_term_string}"},"query-input":{"@type":"PropertyValueSpecification","valueRequired":true,"valueName":"search_term_string"}}],"inLanguage":"de-DE"},{"@type":"Organization","@id":"https:\/\/www.romanopalace.it\/de\/#organization","name":"Romano Palace Hotel","url":"https:\/\/www.romanopalace.it\/de\/","logo":{"@type":"ImageObject","inLanguage":"de-DE","@id":"https:\/\/www.romanopalace.it\/de\/#\/schema\/logo\/image\/","url":"https:\/\/www.romanopalace.it\/wp-content\/uploads\/sites\/91\/2023\/12\/Romano-Palace-logo-OKKK.png","contentUrl":"https:\/\/www.romanopalace.it\/wp-content\/uploads\/sites\/91\/2023\/12\/Romano-Palace-logo-OKKK.png","width":475,"height":497,"caption":"Romano Palace Hotel"},"image":{"@id":"https:\/\/www.romanopalace.it\/de\/#\/schema\/logo\/image\/"}}]}},"acf":[],"_links":{"self":[{"href":"https:\/\/www.romanopalace.it\/de\/wp-json\/wp\/v2\/pages\/746","targetHints":{"allow":["GET"]}}],"collection":[{"href":"https:\/\/www.romanopalace.it\/de\/wp-json\/wp\/v2\/pages"}],"about":[{"href":"https:\/\/www.romanopalace.it\/de\/wp-json\/wp\/v2\/types\/page"}],"author":[{"embeddable":true,"href":"https:\/\/www.romanopalace.it\/de\/wp-json\/wp\/v2\/users\/12"}],"replies":[{"embeddable":true,"href":"https:\/\/www.romanopalace.it\/de\/wp-json\/wp\/v2\/comments?post=746"}],"version-history":[{"count":0,"href":"https:\/\/www.romanopalace.it\/de\/wp-json\/wp\/v2\/pages\/746\/revisions"}],"up":[{"embeddable":true,"href":"https:\/\/www.romanopalace.it\/de\/wp-json\/wp\/v2\/pages\/718"}],"wp:attachment":[{"href":"https:\/\/www.romanopalace.it\/de\/wp-json\/wp\/v2\/media?parent=746"}],"curies":[{"name":"wp","href":"https:\/\/api.w.org\/{rel}","templated":true}]}}