{"id":608,"date":"2023-12-21T16:52:04","date_gmt":"2023-12-21T16:52:04","guid":{"rendered":"https:\/\/romano-palace.ms2.decms.eu\/sample-page\/"},"modified":"2024-01-29T14:47:34","modified_gmt":"2024-01-29T14:47:34","slug":"sample-page","status":"publish","type":"page","link":"https:\/\/www.romanopalace.it\/es\/","title":{"rendered":"Romano Palace Luxury Hotel"},"content":{"rendered":"<p class=\"white\">Un oasis de encanto entre la ciudad barroca y el mar, dominado por la majestuosidad m\u00e1gica del\u00a0<strong>Etna<\/strong>.<\/p>\n<p class=\"white\"><strong>Romano Palace Luxury Hotel &amp; Conference Center<\/strong>, el primer\u00a0<em>cinco estrellas de lujo<\/em> de esta zona de Sicilia, est\u00e1 estrat\u00e9gicamente situado en el <strong>paseo mar\u00edtimo de Catania<\/strong>, en un parque privado de 15.000 metros cuadrados donde los juegos de agua y una gran piscina con jacuzzi contribuyen a crear un ambiente tranquilo.<\/p>\n<p>&nbsp;<\/p>\n<article class=\"col-md-12 text-left album-single-item-wrap-20padding\">\n<div class=\"album-single-item\">\n<p>&nbsp;<\/p>\n<\/div>\n<\/article>\n<article class=\"col-md-12 text-center album-single-item-wrap-20padding \">\n<div class=\"album-single-item\">\n<div class=\"album-single-item-inner text-center\"><\/div>\n<\/div>\n<\/article>\n","protected":false},"excerpt":{"rendered":"<p>Un oasis de encanto entre la ciudad barroca y el mar, dominado por la majestuosidad m\u00e1gica del\u00a0Etna. Romano Palace Luxury Hotel &amp; Conference Center, el primer\u00a0cinco estrellas de lujo de esta zona de Sicilia, est\u00e1 estrat\u00e9gicamente situado en el paseo mar\u00edtimo de Catania, en un parque privado de 15.000 metros cuadrados donde los juegos de [&hellip;]<\/p>\n","protected":false},"author":12,"featured_media":0,"parent":0,"menu_order":0,"comment_status":"closed","ping_status":"closed","template":"","meta":{"footnotes":""},"yoast_head":"<!-- This site is optimized with the Yoast SEO plugin v22.3 - https:\/\/yoast.com\/wordpress\/plugins\/seo\/ -->\n<title>Romano Palace Luxury Hotel - Romano Palace Hotel<\/title>\n<meta name=\"description\" content=\"Un oasis de encanto entre la ciudad barroca y el mar, dominado por la majestuosidad m\u00e1gica del\u00a0Etna. Romano Palace Luxury Hotel &amp; Conference Center, el primer\u00a0cinco estrellas de lujo de esta zona de Sicilia, est\u00e1 estrat\u00e9gicamente situado en el paseo mar\u00edtimo de Catania, en un parque privado de 15.000 metros cuadrados donde los juegos de agua y una gran piscina con jacuzzi contribuyen a crear un ambiente tranquilo. &nbsp;     &nbsp;       .\" \/>\n<meta name=\"robots\" content=\"index, follow, max-snippet:-1, max-image-preview:large, max-video-preview:-1\" \/>\n<link rel=\"canonical\" href=\"https:\/\/www.romanopalace.it\/es\/\" \/>\n<meta property=\"og:locale\" content=\"es_ES\" \/>\n<meta property=\"og:type\" content=\"article\" \/>\n<meta property=\"og:title\" content=\"Romano Palace Luxury Hotel - Romano Palace Hotel\" \/>\n<meta property=\"og:description\" content=\"Un oasis de encanto entre la ciudad barroca y el mar, dominado por la majestuosidad m\u00e1gica del\u00a0Etna. Romano Palace Luxury Hotel &amp; Conference Center, el primer\u00a0cinco estrellas de lujo de esta zona de Sicilia, est\u00e1 estrat\u00e9gicamente situado en el paseo mar\u00edtimo de Catania, en un parque privado de 15.000 metros cuadrados donde los juegos de agua y una gran piscina con jacuzzi contribuyen a crear un ambiente tranquilo. &nbsp;     &nbsp;       .\" \/>\n<meta property=\"og:url\" content=\"https:\/\/www.romanopalace.it\/es\/\" \/>\n<meta property=\"og:site_name\" content=\"Romano Palace Hotel\" \/>\n<meta property=\"article:modified_time\" content=\"2024-01-29T14:47:34+00:00\" \/>\n<meta name=\"twitter:card\" content=\"summary_large_image\" \/>\n<script type=\"application\/ld+json\" class=\"yoast-schema-graph\">{\"@context\":\"https:\/\/schema.org\",\"@graph\":[{\"@type\":\"WebPage\",\"@id\":\"https:\/\/www.romanopalace.it\/es\/\",\"url\":\"https:\/\/www.romanopalace.it\/es\/\",\"name\":\"Romano Palace Luxury Hotel - Romano Palace Hotel\",\"isPartOf\":{\"@id\":\"https:\/\/www.romanopalace.it\/es\/#website\"},\"datePublished\":\"2023-12-21T16:52:04+00:00\",\"dateModified\":\"2024-01-29T14:47:34+00:00\",\"description\":\"Un oasis de encanto entre la ciudad barroca y el mar, dominado por la majestuosidad m\u00e1gica del\u00a0Etna. Romano Palace Luxury Hotel &amp; Conference Center, el primer\u00a0cinco estrellas de lujo de esta zona de Sicilia, est\u00e1 estrat\u00e9gicamente situado en el paseo mar\u00edtimo de Catania, en un parque privado de 15.000 metros cuadrados donde los juegos de agua y una gran piscina con jacuzzi contribuyen a crear un ambiente tranquilo. &nbsp; &nbsp; .\",\"breadcrumb\":{\"@id\":\"https:\/\/www.romanopalace.it\/es\/#breadcrumb\"},\"inLanguage\":\"es\",\"potentialAction\":[{\"@type\":\"ReadAction\",\"target\":[\"https:\/\/www.romanopalace.it\/es\/\"]}]},{\"@type\":\"BreadcrumbList\",\"@id\":\"https:\/\/www.romanopalace.it\/es\/#breadcrumb\",\"itemListElement\":[{\"@type\":\"ListItem\",\"position\":1,\"name\":\"Home\",\"item\":\"https:\/\/www.romanopalace.it\/es\/\"},{\"@type\":\"ListItem\",\"position\":2,\"name\":\"Romano Palace Luxury Hotel\"}]},{\"@type\":\"WebSite\",\"@id\":\"https:\/\/www.romanopalace.it\/es\/#website\",\"url\":\"https:\/\/www.romanopalace.it\/es\/\",\"name\":\"Romano Palace Hotel\",\"description\":\"\",\"publisher\":{\"@id\":\"https:\/\/www.romanopalace.it\/es\/#organization\"},\"potentialAction\":[{\"@type\":\"SearchAction\",\"target\":{\"@type\":\"EntryPoint\",\"urlTemplate\":\"https:\/\/www.romanopalace.it\/es\/?s={search_term_string}\"},\"query-input\":\"required name=search_term_string\"}],\"inLanguage\":\"es\"},{\"@type\":\"Organization\",\"@id\":\"https:\/\/www.romanopalace.it\/es\/#organization\",\"name\":\"Romano Palace Hotel\",\"url\":\"https:\/\/www.romanopalace.it\/es\/\",\"logo\":{\"@type\":\"ImageObject\",\"inLanguage\":\"es\",\"@id\":\"https:\/\/www.romanopalace.it\/es\/#\/schema\/logo\/image\/\",\"url\":\"https:\/\/www.romanopalace.it\/wp-content\/uploads\/sites\/91\/2023\/12\/Romano-Palace-logo-OKKK.png\",\"contentUrl\":\"https:\/\/www.romanopalace.it\/wp-content\/uploads\/sites\/91\/2023\/12\/Romano-Palace-logo-OKKK.png\",\"width\":475,\"height\":497,\"caption\":\"Romano Palace Hotel\"},\"image\":{\"@id\":\"https:\/\/www.romanopalace.it\/es\/#\/schema\/logo\/image\/\"}}]}<\/script>\n<!-- \/ Yoast SEO plugin. -->","yoast_head_json":{"title":"Romano Palace Luxury Hotel - Romano Palace Hotel","description":"Un oasis de encanto entre la ciudad barroca y el mar, dominado por la majestuosidad m\u00e1gica del\u00a0Etna. Romano Palace Luxury Hotel &amp; Conference Center, el primer\u00a0cinco estrellas de lujo de esta zona de Sicilia, est\u00e1 estrat\u00e9gicamente situado en el paseo mar\u00edtimo de Catania, en un parque privado de 15.000 metros cuadrados donde los juegos de agua y una gran piscina con jacuzzi contribuyen a crear un ambiente tranquilo. &nbsp;     &nbsp;       .","robots":{"index":"index","follow":"follow","max-snippet":"max-snippet:-1","max-image-preview":"max-image-preview:large","max-video-preview":"max-video-preview:-1"},"canonical":"https:\/\/www.romanopalace.it\/es\/","og_locale":"es_ES","og_type":"article","og_title":"Romano Palace Luxury Hotel - Romano Palace Hotel","og_description":"Un oasis de encanto entre la ciudad barroca y el mar, dominado por la majestuosidad m\u00e1gica del\u00a0Etna. Romano Palace Luxury Hotel &amp; Conference Center, el primer\u00a0cinco estrellas de lujo de esta zona de Sicilia, est\u00e1 estrat\u00e9gicamente situado en el paseo mar\u00edtimo de Catania, en un parque privado de 15.000 metros cuadrados donde los juegos de agua y una gran piscina con jacuzzi contribuyen a crear un ambiente tranquilo. &nbsp;     &nbsp;       .","og_url":"https:\/\/www.romanopalace.it\/es\/","og_site_name":"Romano Palace Hotel","article_modified_time":"2024-01-29T14:47:34+00:00","twitter_card":"summary_large_image","schema":{"@context":"https:\/\/schema.org","@graph":[{"@type":"WebPage","@id":"https:\/\/www.romanopalace.it\/es\/","url":"https:\/\/www.romanopalace.it\/es\/","name":"Romano Palace Luxury Hotel - Romano Palace Hotel","isPartOf":{"@id":"https:\/\/www.romanopalace.it\/es\/#website"},"datePublished":"2023-12-21T16:52:04+00:00","dateModified":"2024-01-29T14:47:34+00:00","description":"Un oasis de encanto entre la ciudad barroca y el mar, dominado por la majestuosidad m\u00e1gica del\u00a0Etna. Romano Palace Luxury Hotel &amp; Conference Center, el primer\u00a0cinco estrellas de lujo de esta zona de Sicilia, est\u00e1 estrat\u00e9gicamente situado en el paseo mar\u00edtimo de Catania, en un parque privado de 15.000 metros cuadrados donde los juegos de agua y una gran piscina con jacuzzi contribuyen a crear un ambiente tranquilo. &nbsp; &nbsp; .","breadcrumb":{"@id":"https:\/\/www.romanopalace.it\/es\/#breadcrumb"},"inLanguage":"es","potentialAction":[{"@type":"ReadAction","target":["https:\/\/www.romanopalace.it\/es\/"]}]},{"@type":"BreadcrumbList","@id":"https:\/\/www.romanopalace.it\/es\/#breadcrumb","itemListElement":[{"@type":"ListItem","position":1,"name":"Home","item":"https:\/\/www.romanopalace.it\/es\/"},{"@type":"ListItem","position":2,"name":"Romano Palace Luxury Hotel"}]},{"@type":"WebSite","@id":"https:\/\/www.romanopalace.it\/es\/#website","url":"https:\/\/www.romanopalace.it\/es\/","name":"Romano Palace Hotel","description":"","publisher":{"@id":"https:\/\/www.romanopalace.it\/es\/#organization"},"potentialAction":[{"@type":"SearchAction","target":{"@type":"EntryPoint","urlTemplate":"https:\/\/www.romanopalace.it\/es\/?s={search_term_string}"},"query-input":"required name=search_term_string"}],"inLanguage":"es"},{"@type":"Organization","@id":"https:\/\/www.romanopalace.it\/es\/#organization","name":"Romano Palace Hotel","url":"https:\/\/www.romanopalace.it\/es\/","logo":{"@type":"ImageObject","inLanguage":"es","@id":"https:\/\/www.romanopalace.it\/es\/#\/schema\/logo\/image\/","url":"https:\/\/www.romanopalace.it\/wp-content\/uploads\/sites\/91\/2023\/12\/Romano-Palace-logo-OKKK.png","contentUrl":"https:\/\/www.romanopalace.it\/wp-content\/uploads\/sites\/91\/2023\/12\/Romano-Palace-logo-OKKK.png","width":475,"height":497,"caption":"Romano Palace Hotel"},"image":{"@id":"https:\/\/www.romanopalace.it\/es\/#\/schema\/logo\/image\/"}}]}},"acf":[],"_links":{"self":[{"href":"https:\/\/www.romanopalace.it\/es\/wp-json\/wp\/v2\/pages\/608"}],"collection":[{"href":"https:\/\/www.romanopalace.it\/es\/wp-json\/wp\/v2\/pages"}],"about":[{"href":"https:\/\/www.romanopalace.it\/es\/wp-json\/wp\/v2\/types\/page"}],"author":[{"embeddable":true,"href":"https:\/\/www.romanopalace.it\/es\/wp-json\/wp\/v2\/users\/12"}],"replies":[{"embeddable":true,"href":"https:\/\/www.romanopalace.it\/es\/wp-json\/wp\/v2\/comments?post=608"}],"version-history":[{"count":0,"href":"https:\/\/www.romanopalace.it\/es\/wp-json\/wp\/v2\/pages\/608\/revisions"}],"wp:attachment":[{"href":"https:\/\/www.romanopalace.it\/es\/wp-json\/wp\/v2\/media?parent=608"}],"curies":[{"name":"wp","href":"https:\/\/api.w.org\/{rel}","templated":true}]}}