{"id":671,"date":"2024-01-10T11:14:08","date_gmt":"2024-01-10T11:14:08","guid":{"rendered":"https:\/\/romano-palace.ms2.decms.eu\/banchetti\/"},"modified":"2024-02-01T17:25:48","modified_gmt":"2024-02-01T17:25:48","slug":"banquetes","status":"publish","type":"page","link":"https:\/\/www.romanopalace.it\/es\/banquetes\/","title":{"rendered":"Banquetes"},"content":{"rendered":"<p>Un entorno sofisticado y encantador donde celebrar su matrimonio en Catania: <em>el esplendor de los salones, la atenci\u00f3n a cada detalle y el cuidado por la satisfacci\u00f3n de los invitados<\/em> que distingue a <strong>Romano Palace<\/strong> se reflejan en la organizaci\u00f3n de una recepci\u00f3n de bodas.<\/p>\n<p>Seleccionaremos contigo los mejores accesorios para la decoraci\u00f3n del sal\u00f3n y la mesa, desde la plata hasta las manteler\u00edas, desde las flores hasta la atm\u00f3sfera.<\/p>\n<p>Nuestro servicio de catering interno incluye una cocina express con servicio a la mesa: los banquetes tienen tiempos r\u00e1pidos pero garantizan platos sabrosos y refinados <strong>preparados con esmero por nuestro chef<\/strong>, quien estar\u00e1 encantado de crear deliciosos platos siguiendo su gusto y el de sus invitados.<\/p>\n<p>Tambi\u00e9n pueden contar con nosotros para la m\u00fasica de la boda: cl\u00e1sica, cuerdas, swing&#8230; si\u00e9ntanse c\u00f3modos: en su d\u00eda m\u00e1s hermoso, nosotros satisfaremos todos sus deseos.<\/p>\n","protected":false},"excerpt":{"rendered":"<p>Un entorno sofisticado y encantador donde celebrar su matrimonio en Catania: el esplendor de los salones, la atenci\u00f3n a cada detalle y el cuidado por la satisfacci\u00f3n de los invitados que distingue a Romano Palace se reflejan en la organizaci\u00f3n de una recepci\u00f3n de bodas. Seleccionaremos contigo los mejores accesorios para la decoraci\u00f3n del sal\u00f3n [&hellip;]<\/p>\n","protected":false},"author":12,"featured_media":0,"parent":0,"menu_order":80,"comment_status":"closed","ping_status":"closed","template":"template-weddings.php","meta":{"footnotes":""},"yoast_head":"<!-- This site is optimized with the Yoast SEO plugin v22.3 - https:\/\/yoast.com\/wordpress\/plugins\/seo\/ -->\n<title>Banquetes - Romano Palace Hotel<\/title>\n<meta name=\"description\" content=\"Un entorno sofisticado y encantador donde celebrar su matrimonio en Catania: el esplendor de los salones, la atenci\u00f3n a cada detalle y el cuidado por la satisfacci\u00f3n de los invitados que distingue a Romano Palace se reflejan en la organizaci\u00f3n de una recepci\u00f3n de bodas.  Seleccionaremos contigo los mejores accesorios para la decoraci\u00f3n del sal\u00f3n y la mesa, desde la plata hasta las manteler\u00edas, desde las flores hasta la atm\u00f3sfera.  Nuestro servicio de catering interno incluye una cocina express con servicio a la mesa: los banquetes tienen tiempos r\u00e1pidos pero garantizan platos sabrosos y refinados preparados con esmero por nuestro chef, quien estar\u00e1 encantado de crear deliciosos platos siguiendo su gusto y el de sus invitados.  Tambi\u00e9n pueden contar con nosotros para la m\u00fasica de la boda: cl\u00e1sica, cuerdas, swing... si\u00e9ntanse c\u00f3modos: en su d\u00eda m\u00e1s hermoso, nosotros satisfaremos todos sus deseos.\" \/>\n<meta name=\"robots\" content=\"index, follow, max-snippet:-1, max-image-preview:large, max-video-preview:-1\" \/>\n<link rel=\"canonical\" href=\"https:\/\/www.romanopalace.it\/es\/banquetes\/\" \/>\n<meta property=\"og:locale\" content=\"es_ES\" \/>\n<meta property=\"og:type\" content=\"article\" \/>\n<meta property=\"og:title\" content=\"Banquetes - Romano Palace Hotel\" \/>\n<meta property=\"og:description\" content=\"Un entorno sofisticado y encantador donde celebrar su matrimonio en Catania: el esplendor de los salones, la atenci\u00f3n a cada detalle y el cuidado por la satisfacci\u00f3n de los invitados que distingue a Romano Palace se reflejan en la organizaci\u00f3n de una recepci\u00f3n de bodas.  Seleccionaremos contigo los mejores accesorios para la decoraci\u00f3n del sal\u00f3n y la mesa, desde la plata hasta las manteler\u00edas, desde las flores hasta la atm\u00f3sfera.  Nuestro servicio de catering interno incluye una cocina express con servicio a la mesa: los banquetes tienen tiempos r\u00e1pidos pero garantizan platos sabrosos y refinados preparados con esmero por nuestro chef, quien estar\u00e1 encantado de crear deliciosos platos siguiendo su gusto y el de sus invitados.  Tambi\u00e9n pueden contar con nosotros para la m\u00fasica de la boda: cl\u00e1sica, cuerdas, swing... si\u00e9ntanse c\u00f3modos: en su d\u00eda m\u00e1s hermoso, nosotros satisfaremos todos sus deseos.\" \/>\n<meta property=\"og:url\" content=\"https:\/\/www.romanopalace.it\/es\/banquetes\/\" \/>\n<meta property=\"og:site_name\" content=\"Romano Palace Hotel\" \/>\n<meta property=\"article:modified_time\" content=\"2024-02-01T17:25:48+00:00\" \/>\n<meta name=\"twitter:card\" content=\"summary_large_image\" \/>\n<meta name=\"twitter:label1\" content=\"Tiempo de lectura\" \/>\n\t<meta name=\"twitter:data1\" content=\"1 minuto\" \/>\n<script type=\"application\/ld+json\" class=\"yoast-schema-graph\">{\"@context\":\"https:\/\/schema.org\",\"@graph\":[{\"@type\":\"WebPage\",\"@id\":\"https:\/\/www.romanopalace.it\/es\/banquetes\/\",\"url\":\"https:\/\/www.romanopalace.it\/es\/banquetes\/\",\"name\":\"Banquetes - Romano Palace Hotel\",\"isPartOf\":{\"@id\":\"https:\/\/www.romanopalace.it\/es\/#website\"},\"datePublished\":\"2024-01-10T11:14:08+00:00\",\"dateModified\":\"2024-02-01T17:25:48+00:00\",\"description\":\"Un entorno sofisticado y encantador donde celebrar su matrimonio en Catania: el esplendor de los salones, la atenci\u00f3n a cada detalle y el cuidado por la satisfacci\u00f3n de los invitados que distingue a Romano Palace se reflejan en la organizaci\u00f3n de una recepci\u00f3n de bodas. Seleccionaremos contigo los mejores accesorios para la decoraci\u00f3n del sal\u00f3n y la mesa, desde la plata hasta las manteler\u00edas, desde las flores hasta la atm\u00f3sfera. Nuestro servicio de catering interno incluye una cocina express con servicio a la mesa: los banquetes tienen tiempos r\u00e1pidos pero garantizan platos sabrosos y refinados preparados con esmero por nuestro chef, quien estar\u00e1 encantado de crear deliciosos platos siguiendo su gusto y el de sus invitados. Tambi\u00e9n pueden contar con nosotros para la m\u00fasica de la boda: cl\u00e1sica, cuerdas, swing... si\u00e9ntanse c\u00f3modos: en su d\u00eda m\u00e1s hermoso, nosotros satisfaremos todos sus deseos.\",\"breadcrumb\":{\"@id\":\"https:\/\/www.romanopalace.it\/es\/banquetes\/#breadcrumb\"},\"inLanguage\":\"es\",\"potentialAction\":[{\"@type\":\"ReadAction\",\"target\":[\"https:\/\/www.romanopalace.it\/es\/banquetes\/\"]}]},{\"@type\":\"BreadcrumbList\",\"@id\":\"https:\/\/www.romanopalace.it\/es\/banquetes\/#breadcrumb\",\"itemListElement\":[{\"@type\":\"ListItem\",\"position\":1,\"name\":\"Home\",\"item\":\"https:\/\/www.romanopalace.it\/es\/\"},{\"@type\":\"ListItem\",\"position\":2,\"name\":\"Banquetes\"}]},{\"@type\":\"WebSite\",\"@id\":\"https:\/\/www.romanopalace.it\/es\/#website\",\"url\":\"https:\/\/www.romanopalace.it\/es\/\",\"name\":\"Romano Palace Hotel\",\"description\":\"\",\"publisher\":{\"@id\":\"https:\/\/www.romanopalace.it\/es\/#organization\"},\"potentialAction\":[{\"@type\":\"SearchAction\",\"target\":{\"@type\":\"EntryPoint\",\"urlTemplate\":\"https:\/\/www.romanopalace.it\/es\/?s={search_term_string}\"},\"query-input\":\"required name=search_term_string\"}],\"inLanguage\":\"es\"},{\"@type\":\"Organization\",\"@id\":\"https:\/\/www.romanopalace.it\/es\/#organization\",\"name\":\"Romano Palace Hotel\",\"url\":\"https:\/\/www.romanopalace.it\/es\/\",\"logo\":{\"@type\":\"ImageObject\",\"inLanguage\":\"es\",\"@id\":\"https:\/\/www.romanopalace.it\/es\/#\/schema\/logo\/image\/\",\"url\":\"https:\/\/www.romanopalace.it\/wp-content\/uploads\/sites\/91\/2023\/12\/Romano-Palace-logo-OKKK.png\",\"contentUrl\":\"https:\/\/www.romanopalace.it\/wp-content\/uploads\/sites\/91\/2023\/12\/Romano-Palace-logo-OKKK.png\",\"width\":475,\"height\":497,\"caption\":\"Romano Palace Hotel\"},\"image\":{\"@id\":\"https:\/\/www.romanopalace.it\/es\/#\/schema\/logo\/image\/\"}}]}<\/script>\n<!-- \/ Yoast SEO plugin. -->","yoast_head_json":{"title":"Banquetes - Romano Palace Hotel","description":"Un entorno sofisticado y encantador donde celebrar su matrimonio en Catania: el esplendor de los salones, la atenci\u00f3n a cada detalle y el cuidado por la satisfacci\u00f3n de los invitados que distingue a Romano Palace se reflejan en la organizaci\u00f3n de una recepci\u00f3n de bodas.  Seleccionaremos contigo los mejores accesorios para la decoraci\u00f3n del sal\u00f3n y la mesa, desde la plata hasta las manteler\u00edas, desde las flores hasta la atm\u00f3sfera.  Nuestro servicio de catering interno incluye una cocina express con servicio a la mesa: los banquetes tienen tiempos r\u00e1pidos pero garantizan platos sabrosos y refinados preparados con esmero por nuestro chef, quien estar\u00e1 encantado de crear deliciosos platos siguiendo su gusto y el de sus invitados.  Tambi\u00e9n pueden contar con nosotros para la m\u00fasica de la boda: cl\u00e1sica, cuerdas, swing... si\u00e9ntanse c\u00f3modos: en su d\u00eda m\u00e1s hermoso, nosotros satisfaremos todos sus deseos.","robots":{"index":"index","follow":"follow","max-snippet":"max-snippet:-1","max-image-preview":"max-image-preview:large","max-video-preview":"max-video-preview:-1"},"canonical":"https:\/\/www.romanopalace.it\/es\/banquetes\/","og_locale":"es_ES","og_type":"article","og_title":"Banquetes - Romano Palace Hotel","og_description":"Un entorno sofisticado y encantador donde celebrar su matrimonio en Catania: el esplendor de los salones, la atenci\u00f3n a cada detalle y el cuidado por la satisfacci\u00f3n de los invitados que distingue a Romano Palace se reflejan en la organizaci\u00f3n de una recepci\u00f3n de bodas.  Seleccionaremos contigo los mejores accesorios para la decoraci\u00f3n del sal\u00f3n y la mesa, desde la plata hasta las manteler\u00edas, desde las flores hasta la atm\u00f3sfera.  Nuestro servicio de catering interno incluye una cocina express con servicio a la mesa: los banquetes tienen tiempos r\u00e1pidos pero garantizan platos sabrosos y refinados preparados con esmero por nuestro chef, quien estar\u00e1 encantado de crear deliciosos platos siguiendo su gusto y el de sus invitados.  Tambi\u00e9n pueden contar con nosotros para la m\u00fasica de la boda: cl\u00e1sica, cuerdas, swing... si\u00e9ntanse c\u00f3modos: en su d\u00eda m\u00e1s hermoso, nosotros satisfaremos todos sus deseos.","og_url":"https:\/\/www.romanopalace.it\/es\/banquetes\/","og_site_name":"Romano Palace Hotel","article_modified_time":"2024-02-01T17:25:48+00:00","twitter_card":"summary_large_image","twitter_misc":{"Tiempo de lectura":"1 minuto"},"schema":{"@context":"https:\/\/schema.org","@graph":[{"@type":"WebPage","@id":"https:\/\/www.romanopalace.it\/es\/banquetes\/","url":"https:\/\/www.romanopalace.it\/es\/banquetes\/","name":"Banquetes - Romano Palace Hotel","isPartOf":{"@id":"https:\/\/www.romanopalace.it\/es\/#website"},"datePublished":"2024-01-10T11:14:08+00:00","dateModified":"2024-02-01T17:25:48+00:00","description":"Un entorno sofisticado y encantador donde celebrar su matrimonio en Catania: el esplendor de los salones, la atenci\u00f3n a cada detalle y el cuidado por la satisfacci\u00f3n de los invitados que distingue a Romano Palace se reflejan en la organizaci\u00f3n de una recepci\u00f3n de bodas. Seleccionaremos contigo los mejores accesorios para la decoraci\u00f3n del sal\u00f3n y la mesa, desde la plata hasta las manteler\u00edas, desde las flores hasta la atm\u00f3sfera. Nuestro servicio de catering interno incluye una cocina express con servicio a la mesa: los banquetes tienen tiempos r\u00e1pidos pero garantizan platos sabrosos y refinados preparados con esmero por nuestro chef, quien estar\u00e1 encantado de crear deliciosos platos siguiendo su gusto y el de sus invitados. Tambi\u00e9n pueden contar con nosotros para la m\u00fasica de la boda: cl\u00e1sica, cuerdas, swing... si\u00e9ntanse c\u00f3modos: en su d\u00eda m\u00e1s hermoso, nosotros satisfaremos todos sus deseos.","breadcrumb":{"@id":"https:\/\/www.romanopalace.it\/es\/banquetes\/#breadcrumb"},"inLanguage":"es","potentialAction":[{"@type":"ReadAction","target":["https:\/\/www.romanopalace.it\/es\/banquetes\/"]}]},{"@type":"BreadcrumbList","@id":"https:\/\/www.romanopalace.it\/es\/banquetes\/#breadcrumb","itemListElement":[{"@type":"ListItem","position":1,"name":"Home","item":"https:\/\/www.romanopalace.it\/es\/"},{"@type":"ListItem","position":2,"name":"Banquetes"}]},{"@type":"WebSite","@id":"https:\/\/www.romanopalace.it\/es\/#website","url":"https:\/\/www.romanopalace.it\/es\/","name":"Romano Palace Hotel","description":"","publisher":{"@id":"https:\/\/www.romanopalace.it\/es\/#organization"},"potentialAction":[{"@type":"SearchAction","target":{"@type":"EntryPoint","urlTemplate":"https:\/\/www.romanopalace.it\/es\/?s={search_term_string}"},"query-input":"required name=search_term_string"}],"inLanguage":"es"},{"@type":"Organization","@id":"https:\/\/www.romanopalace.it\/es\/#organization","name":"Romano Palace Hotel","url":"https:\/\/www.romanopalace.it\/es\/","logo":{"@type":"ImageObject","inLanguage":"es","@id":"https:\/\/www.romanopalace.it\/es\/#\/schema\/logo\/image\/","url":"https:\/\/www.romanopalace.it\/wp-content\/uploads\/sites\/91\/2023\/12\/Romano-Palace-logo-OKKK.png","contentUrl":"https:\/\/www.romanopalace.it\/wp-content\/uploads\/sites\/91\/2023\/12\/Romano-Palace-logo-OKKK.png","width":475,"height":497,"caption":"Romano Palace Hotel"},"image":{"@id":"https:\/\/www.romanopalace.it\/es\/#\/schema\/logo\/image\/"}}]}},"acf":[],"_links":{"self":[{"href":"https:\/\/www.romanopalace.it\/es\/wp-json\/wp\/v2\/pages\/671"}],"collection":[{"href":"https:\/\/www.romanopalace.it\/es\/wp-json\/wp\/v2\/pages"}],"about":[{"href":"https:\/\/www.romanopalace.it\/es\/wp-json\/wp\/v2\/types\/page"}],"author":[{"embeddable":true,"href":"https:\/\/www.romanopalace.it\/es\/wp-json\/wp\/v2\/users\/12"}],"replies":[{"embeddable":true,"href":"https:\/\/www.romanopalace.it\/es\/wp-json\/wp\/v2\/comments?post=671"}],"version-history":[{"count":0,"href":"https:\/\/www.romanopalace.it\/es\/wp-json\/wp\/v2\/pages\/671\/revisions"}],"wp:attachment":[{"href":"https:\/\/www.romanopalace.it\/es\/wp-json\/wp\/v2\/media?parent=671"}],"curies":[{"name":"wp","href":"https:\/\/api.w.org\/{rel}","templated":true}]}}