{"id":695,"date":"2023-12-22T16:04:28","date_gmt":"2023-12-22T16:04:28","guid":{"rendered":"https:\/\/romano-palace.ms2.decms.eu\/restaurantes-bar\/coriandolo\/"},"modified":"2026-02-25T09:54:55","modified_gmt":"2026-02-25T09:54:55","slug":"coriandolo","status":"publish","type":"page","link":"https:\/\/www.romanopalace.it\/es\/restaurantes-bar\/coriandolo\/","title":{"rendered":"Coriandolo"},"content":{"rendered":"<p>&#8230;Una antigua especia que da nombre al restaurante gourmet del <strong>Romano Palace<\/strong>, \u00edntimo y atmosf\u00e9rico.<\/p>\n<p>Siguiendo el esp\u00edritu que impulsa todo el hotel, el Coriandolo (cilantro) ofrece una cocina de alta calidad que mezcla sabores e inspiraciones diversas, evolucionando la tradici\u00f3n regional y siendo la s\u00edntesis perfecta de <em>antiguos sabores y nuevas experiencias<\/em>.<\/p>\n<p>Una <strong>carta de vinos<\/strong> con imperdibles nacionales y exquisiteces regionales completa la experiencia sensorial en el Coriandolo.<\/p>\n<p>&nbsp;<\/p>\n","protected":false},"excerpt":{"rendered":"<p>&#8230;Una antigua especia que da nombre al restaurante gourmet del Romano Palace, \u00edntimo y atmosf\u00e9rico. Siguiendo el esp\u00edritu que impulsa todo el hotel, el Coriandolo (cilantro) ofrece una cocina de alta calidad que mezcla sabores e inspiraciones diversas, evolucionando la tradici\u00f3n regional y siendo la s\u00edntesis perfecta de antiguos sabores y nuevas experiencias. Una carta [&hellip;]<\/p>\n","protected":false},"author":12,"featured_media":0,"parent":692,"menu_order":22,"comment_status":"closed","ping_status":"closed","template":"template-single-restaurant.php","meta":{"footnotes":""},"yoast_head":"<!-- This site is optimized with the Yoast SEO plugin v22.3 - https:\/\/yoast.com\/wordpress\/plugins\/seo\/ -->\n<title>Coriandolo - Romano Palace Hotel<\/title>\n<meta name=\"description\" content=\"...Una antigua especia que da nombre al restaurante gourmet del Romano Palace, \u00edntimo y atmosf\u00e9rico.  Siguiendo el esp\u00edritu que impulsa todo el hotel, el Coriandolo (cilantro) ofrece una cocina de alta calidad que mezcla sabores e inspiraciones diversas, evolucionando la tradici\u00f3n regional y siendo la s\u00edntesis perfecta de antiguos sabores y nuevas experiencias.  Una carta de vinos con imperdibles nacionales y exquisiteces regionales completa la experiencia sensorial en el Coriandolo.  &nbsp;.\" \/>\n<meta name=\"robots\" content=\"index, follow, max-snippet:-1, max-image-preview:large, max-video-preview:-1\" \/>\n<link rel=\"canonical\" href=\"https:\/\/www.romanopalace.it\/es\/restaurantes-bar\/coriandolo\/\" \/>\n<meta property=\"og:locale\" content=\"es_ES\" \/>\n<meta property=\"og:type\" content=\"article\" \/>\n<meta property=\"og:title\" content=\"Coriandolo - Romano Palace Hotel\" \/>\n<meta property=\"og:description\" content=\"...Una antigua especia que da nombre al restaurante gourmet del Romano Palace, \u00edntimo y atmosf\u00e9rico.  Siguiendo el esp\u00edritu que impulsa todo el hotel, el Coriandolo (cilantro) ofrece una cocina de alta calidad que mezcla sabores e inspiraciones diversas, evolucionando la tradici\u00f3n regional y siendo la s\u00edntesis perfecta de antiguos sabores y nuevas experiencias.  Una carta de vinos con imperdibles nacionales y exquisiteces regionales completa la experiencia sensorial en el Coriandolo.  &nbsp;.\" \/>\n<meta property=\"og:url\" content=\"https:\/\/www.romanopalace.it\/es\/restaurantes-bar\/coriandolo\/\" \/>\n<meta property=\"og:site_name\" content=\"Romano Palace Hotel\" \/>\n<meta property=\"article:modified_time\" content=\"2026-02-25T09:54:55+00:00\" \/>\n<meta name=\"twitter:card\" content=\"summary_large_image\" \/>\n<meta name=\"twitter:label1\" content=\"Tiempo de lectura\" \/>\n\t<meta name=\"twitter:data1\" content=\"1 minuto\" \/>\n<script type=\"application\/ld+json\" class=\"yoast-schema-graph\">{\"@context\":\"https:\/\/schema.org\",\"@graph\":[{\"@type\":\"WebPage\",\"@id\":\"https:\/\/www.romanopalace.it\/es\/restaurantes-bar\/coriandolo\/\",\"url\":\"https:\/\/www.romanopalace.it\/es\/restaurantes-bar\/coriandolo\/\",\"name\":\"Coriandolo - Romano Palace Hotel\",\"isPartOf\":{\"@id\":\"https:\/\/www.romanopalace.it\/es\/#website\"},\"datePublished\":\"2023-12-22T16:04:28+00:00\",\"dateModified\":\"2026-02-25T09:54:55+00:00\",\"description\":\"...Una antigua especia que da nombre al restaurante gourmet del Romano Palace, \u00edntimo y atmosf\u00e9rico. Siguiendo el esp\u00edritu que impulsa todo el hotel, el Coriandolo (cilantro) ofrece una cocina de alta calidad que mezcla sabores e inspiraciones diversas, evolucionando la tradici\u00f3n regional y siendo la s\u00edntesis perfecta de antiguos sabores y nuevas experiencias. Una carta de vinos con imperdibles nacionales y exquisiteces regionales completa la experiencia sensorial en el Coriandolo. &nbsp;.\",\"breadcrumb\":{\"@id\":\"https:\/\/www.romanopalace.it\/es\/restaurantes-bar\/coriandolo\/#breadcrumb\"},\"inLanguage\":\"es\",\"potentialAction\":[{\"@type\":\"ReadAction\",\"target\":[\"https:\/\/www.romanopalace.it\/es\/restaurantes-bar\/coriandolo\/\"]}]},{\"@type\":\"BreadcrumbList\",\"@id\":\"https:\/\/www.romanopalace.it\/es\/restaurantes-bar\/coriandolo\/#breadcrumb\",\"itemListElement\":[{\"@type\":\"ListItem\",\"position\":1,\"name\":\"Home\",\"item\":\"https:\/\/www.romanopalace.it\/es\/\"},{\"@type\":\"ListItem\",\"position\":2,\"name\":\"Restaurantes &#038; Bar\",\"item\":\"https:\/\/www.romanopalace.it\/es\/restaurantes-bar\/\"},{\"@type\":\"ListItem\",\"position\":3,\"name\":\"Coriandolo\"}]},{\"@type\":\"WebSite\",\"@id\":\"https:\/\/www.romanopalace.it\/es\/#website\",\"url\":\"https:\/\/www.romanopalace.it\/es\/\",\"name\":\"Romano Palace Hotel\",\"description\":\"\",\"publisher\":{\"@id\":\"https:\/\/www.romanopalace.it\/es\/#organization\"},\"potentialAction\":[{\"@type\":\"SearchAction\",\"target\":{\"@type\":\"EntryPoint\",\"urlTemplate\":\"https:\/\/www.romanopalace.it\/es\/?s={search_term_string}\"},\"query-input\":\"required name=search_term_string\"}],\"inLanguage\":\"es\"},{\"@type\":\"Organization\",\"@id\":\"https:\/\/www.romanopalace.it\/es\/#organization\",\"name\":\"Romano Palace Hotel\",\"url\":\"https:\/\/www.romanopalace.it\/es\/\",\"logo\":{\"@type\":\"ImageObject\",\"inLanguage\":\"es\",\"@id\":\"https:\/\/www.romanopalace.it\/es\/#\/schema\/logo\/image\/\",\"url\":\"https:\/\/www.romanopalace.it\/wp-content\/uploads\/sites\/91\/2023\/12\/Romano-Palace-logo-OKKK.png\",\"contentUrl\":\"https:\/\/www.romanopalace.it\/wp-content\/uploads\/sites\/91\/2023\/12\/Romano-Palace-logo-OKKK.png\",\"width\":475,\"height\":497,\"caption\":\"Romano Palace Hotel\"},\"image\":{\"@id\":\"https:\/\/www.romanopalace.it\/es\/#\/schema\/logo\/image\/\"}}]}<\/script>\n<!-- \/ Yoast SEO plugin. -->","yoast_head_json":{"title":"Coriandolo - Romano Palace Hotel","description":"...Una antigua especia que da nombre al restaurante gourmet del Romano Palace, \u00edntimo y atmosf\u00e9rico.  Siguiendo el esp\u00edritu que impulsa todo el hotel, el Coriandolo (cilantro) ofrece una cocina de alta calidad que mezcla sabores e inspiraciones diversas, evolucionando la tradici\u00f3n regional y siendo la s\u00edntesis perfecta de antiguos sabores y nuevas experiencias.  Una carta de vinos con imperdibles nacionales y exquisiteces regionales completa la experiencia sensorial en el Coriandolo.  &nbsp;.","robots":{"index":"index","follow":"follow","max-snippet":"max-snippet:-1","max-image-preview":"max-image-preview:large","max-video-preview":"max-video-preview:-1"},"canonical":"https:\/\/www.romanopalace.it\/es\/restaurantes-bar\/coriandolo\/","og_locale":"es_ES","og_type":"article","og_title":"Coriandolo - Romano Palace Hotel","og_description":"...Una antigua especia que da nombre al restaurante gourmet del Romano Palace, \u00edntimo y atmosf\u00e9rico.  Siguiendo el esp\u00edritu que impulsa todo el hotel, el Coriandolo (cilantro) ofrece una cocina de alta calidad que mezcla sabores e inspiraciones diversas, evolucionando la tradici\u00f3n regional y siendo la s\u00edntesis perfecta de antiguos sabores y nuevas experiencias.  Una carta de vinos con imperdibles nacionales y exquisiteces regionales completa la experiencia sensorial en el Coriandolo.  &nbsp;.","og_url":"https:\/\/www.romanopalace.it\/es\/restaurantes-bar\/coriandolo\/","og_site_name":"Romano Palace Hotel","article_modified_time":"2026-02-25T09:54:55+00:00","twitter_card":"summary_large_image","twitter_misc":{"Tiempo de lectura":"1 minuto"},"schema":{"@context":"https:\/\/schema.org","@graph":[{"@type":"WebPage","@id":"https:\/\/www.romanopalace.it\/es\/restaurantes-bar\/coriandolo\/","url":"https:\/\/www.romanopalace.it\/es\/restaurantes-bar\/coriandolo\/","name":"Coriandolo - Romano Palace Hotel","isPartOf":{"@id":"https:\/\/www.romanopalace.it\/es\/#website"},"datePublished":"2023-12-22T16:04:28+00:00","dateModified":"2026-02-25T09:54:55+00:00","description":"...Una antigua especia que da nombre al restaurante gourmet del Romano Palace, \u00edntimo y atmosf\u00e9rico. Siguiendo el esp\u00edritu que impulsa todo el hotel, el Coriandolo (cilantro) ofrece una cocina de alta calidad que mezcla sabores e inspiraciones diversas, evolucionando la tradici\u00f3n regional y siendo la s\u00edntesis perfecta de antiguos sabores y nuevas experiencias. Una carta de vinos con imperdibles nacionales y exquisiteces regionales completa la experiencia sensorial en el Coriandolo. &nbsp;.","breadcrumb":{"@id":"https:\/\/www.romanopalace.it\/es\/restaurantes-bar\/coriandolo\/#breadcrumb"},"inLanguage":"es","potentialAction":[{"@type":"ReadAction","target":["https:\/\/www.romanopalace.it\/es\/restaurantes-bar\/coriandolo\/"]}]},{"@type":"BreadcrumbList","@id":"https:\/\/www.romanopalace.it\/es\/restaurantes-bar\/coriandolo\/#breadcrumb","itemListElement":[{"@type":"ListItem","position":1,"name":"Home","item":"https:\/\/www.romanopalace.it\/es\/"},{"@type":"ListItem","position":2,"name":"Restaurantes &#038; Bar","item":"https:\/\/www.romanopalace.it\/es\/restaurantes-bar\/"},{"@type":"ListItem","position":3,"name":"Coriandolo"}]},{"@type":"WebSite","@id":"https:\/\/www.romanopalace.it\/es\/#website","url":"https:\/\/www.romanopalace.it\/es\/","name":"Romano Palace Hotel","description":"","publisher":{"@id":"https:\/\/www.romanopalace.it\/es\/#organization"},"potentialAction":[{"@type":"SearchAction","target":{"@type":"EntryPoint","urlTemplate":"https:\/\/www.romanopalace.it\/es\/?s={search_term_string}"},"query-input":"required name=search_term_string"}],"inLanguage":"es"},{"@type":"Organization","@id":"https:\/\/www.romanopalace.it\/es\/#organization","name":"Romano Palace Hotel","url":"https:\/\/www.romanopalace.it\/es\/","logo":{"@type":"ImageObject","inLanguage":"es","@id":"https:\/\/www.romanopalace.it\/es\/#\/schema\/logo\/image\/","url":"https:\/\/www.romanopalace.it\/wp-content\/uploads\/sites\/91\/2023\/12\/Romano-Palace-logo-OKKK.png","contentUrl":"https:\/\/www.romanopalace.it\/wp-content\/uploads\/sites\/91\/2023\/12\/Romano-Palace-logo-OKKK.png","width":475,"height":497,"caption":"Romano Palace Hotel"},"image":{"@id":"https:\/\/www.romanopalace.it\/es\/#\/schema\/logo\/image\/"}}]}},"acf":[],"_links":{"self":[{"href":"https:\/\/www.romanopalace.it\/es\/wp-json\/wp\/v2\/pages\/695"}],"collection":[{"href":"https:\/\/www.romanopalace.it\/es\/wp-json\/wp\/v2\/pages"}],"about":[{"href":"https:\/\/www.romanopalace.it\/es\/wp-json\/wp\/v2\/types\/page"}],"author":[{"embeddable":true,"href":"https:\/\/www.romanopalace.it\/es\/wp-json\/wp\/v2\/users\/12"}],"replies":[{"embeddable":true,"href":"https:\/\/www.romanopalace.it\/es\/wp-json\/wp\/v2\/comments?post=695"}],"version-history":[{"count":0,"href":"https:\/\/www.romanopalace.it\/es\/wp-json\/wp\/v2\/pages\/695\/revisions"}],"up":[{"embeddable":true,"href":"https:\/\/www.romanopalace.it\/es\/wp-json\/wp\/v2\/pages\/692"}],"wp:attachment":[{"href":"https:\/\/www.romanopalace.it\/es\/wp-json\/wp\/v2\/media?parent=695"}],"curies":[{"name":"wp","href":"https:\/\/api.w.org\/{rel}","templated":true}]}}