{"id":701,"date":"2024-01-16T18:51:46","date_gmt":"2024-01-16T18:51:46","guid":{"rendered":"https:\/\/romano-palace.ms2.decms.eu\/restaurantes-bar\/papavero-blu\/"},"modified":"2024-01-31T16:25:45","modified_gmt":"2024-01-31T16:25:45","slug":"papavero-blu","status":"publish","type":"page","link":"https:\/\/www.romanopalace.it\/es\/restaurantes-bar\/papavero-blu\/","title":{"rendered":"Papavero Blu"},"content":{"rendered":"<p>&nbsp;<\/p>\n<p>Suspendido entre el azul del mar y la majestuosidad m\u00e1gica del Etna, el <strong>restaurante panor\u00e1mico Papavero Blu<\/strong> le espera desde la ma\u00f1ana con un rico desayuno buffet.<\/p>\n<p>La ubicaci\u00f3n se convierte en un espacio perfecto para sus comidas de negocios, cenas y eventos importantes.<\/p>\n","protected":false},"excerpt":{"rendered":"<p>&nbsp; Suspendido entre el azul del mar y la majestuosidad m\u00e1gica del Etna, el restaurante panor\u00e1mico Papavero Blu le espera desde la ma\u00f1ana con un rico desayuno buffet. La ubicaci\u00f3n se convierte en un espacio perfecto para sus comidas de negocios, cenas y eventos importantes.<\/p>\n","protected":false},"author":12,"featured_media":0,"parent":692,"menu_order":27,"comment_status":"closed","ping_status":"closed","template":"template-single-restaurant-v2.php","meta":{"footnotes":""},"class_list":["post-701","page","type-page","status-publish","hentry"],"yoast_head":"<!-- This site is optimized with the Yoast SEO plugin v27.3 - https:\/\/yoast.com\/product\/yoast-seo-wordpress\/ -->\n<title>Papavero Blu - Romano Palace Hotel<\/title>\n<meta name=\"description\" content=\"&nbsp;  Suspendido entre el azul del mar y la majestuosidad m\u00e1gica del Etna, el restaurante panor\u00e1mico Papavero Blu le espera desde la ma\u00f1ana con un rico desayuno buffet.  La ubicaci\u00f3n se convierte en un espacio perfecto para sus comidas de negocios, cenas y eventos importantes..\" \/>\n<meta name=\"robots\" content=\"index, follow, max-snippet:-1, max-image-preview:large, max-video-preview:-1\" \/>\n<link rel=\"canonical\" href=\"https:\/\/www.romanopalace.it\/es\/restaurantes-bar\/papavero-blu\/\" \/>\n<meta property=\"og:locale\" content=\"es_ES\" \/>\n<meta property=\"og:type\" content=\"article\" \/>\n<meta property=\"og:title\" content=\"Papavero Blu - Romano Palace Hotel\" \/>\n<meta property=\"og:description\" content=\"&nbsp;  Suspendido entre el azul del mar y la majestuosidad m\u00e1gica del Etna, el restaurante panor\u00e1mico Papavero Blu le espera desde la ma\u00f1ana con un rico desayuno buffet.  La ubicaci\u00f3n se convierte en un espacio perfecto para sus comidas de negocios, cenas y eventos importantes..\" \/>\n<meta property=\"og:url\" content=\"https:\/\/www.romanopalace.it\/es\/restaurantes-bar\/papavero-blu\/\" \/>\n<meta property=\"og:site_name\" content=\"Romano Palace Hotel\" \/>\n<meta property=\"article:modified_time\" content=\"2024-01-31T16:25:45+00:00\" \/>\n<meta name=\"twitter:card\" content=\"summary_large_image\" \/>\n<script type=\"application\/ld+json\" class=\"yoast-schema-graph\">{\"@context\":\"https:\\\/\\\/schema.org\",\"@graph\":[{\"@type\":\"WebPage\",\"@id\":\"https:\\\/\\\/www.romanopalace.it\\\/es\\\/restaurantes-bar\\\/papavero-blu\\\/\",\"url\":\"https:\\\/\\\/www.romanopalace.it\\\/es\\\/restaurantes-bar\\\/papavero-blu\\\/\",\"name\":\"Papavero Blu - Romano Palace Hotel\",\"isPartOf\":{\"@id\":\"https:\\\/\\\/www.romanopalace.it\\\/es\\\/#website\"},\"datePublished\":\"2024-01-16T18:51:46+00:00\",\"dateModified\":\"2024-01-31T16:25:45+00:00\",\"description\":\"&nbsp; Suspendido entre el azul del mar y la majestuosidad m\u00e1gica del Etna, el restaurante panor\u00e1mico Papavero Blu le espera desde la ma\u00f1ana con un rico desayuno buffet. La ubicaci\u00f3n se convierte en un espacio perfecto para sus comidas de negocios, cenas y eventos importantes..\",\"breadcrumb\":{\"@id\":\"https:\\\/\\\/www.romanopalace.it\\\/es\\\/restaurantes-bar\\\/papavero-blu\\\/#breadcrumb\"},\"inLanguage\":\"es\",\"potentialAction\":[{\"@type\":\"ReadAction\",\"target\":[\"https:\\\/\\\/www.romanopalace.it\\\/es\\\/restaurantes-bar\\\/papavero-blu\\\/\"]}]},{\"@type\":\"BreadcrumbList\",\"@id\":\"https:\\\/\\\/www.romanopalace.it\\\/es\\\/restaurantes-bar\\\/papavero-blu\\\/#breadcrumb\",\"itemListElement\":[{\"@type\":\"ListItem\",\"position\":1,\"name\":\"Home\",\"item\":\"https:\\\/\\\/www.romanopalace.it\\\/es\\\/\"},{\"@type\":\"ListItem\",\"position\":2,\"name\":\"Restaurantes &#038; Bar\",\"item\":\"https:\\\/\\\/www.romanopalace.it\\\/es\\\/restaurantes-bar\\\/\"},{\"@type\":\"ListItem\",\"position\":3,\"name\":\"Papavero Blu\"}]},{\"@type\":\"WebSite\",\"@id\":\"https:\\\/\\\/www.romanopalace.it\\\/es\\\/#website\",\"url\":\"https:\\\/\\\/www.romanopalace.it\\\/es\\\/\",\"name\":\"Romano Palace Hotel\",\"description\":\"\",\"publisher\":{\"@id\":\"https:\\\/\\\/www.romanopalace.it\\\/es\\\/#organization\"},\"potentialAction\":[{\"@type\":\"SearchAction\",\"target\":{\"@type\":\"EntryPoint\",\"urlTemplate\":\"https:\\\/\\\/www.romanopalace.it\\\/es\\\/?s={search_term_string}\"},\"query-input\":{\"@type\":\"PropertyValueSpecification\",\"valueRequired\":true,\"valueName\":\"search_term_string\"}}],\"inLanguage\":\"es\"},{\"@type\":\"Organization\",\"@id\":\"https:\\\/\\\/www.romanopalace.it\\\/es\\\/#organization\",\"name\":\"Romano Palace Hotel\",\"url\":\"https:\\\/\\\/www.romanopalace.it\\\/es\\\/\",\"logo\":{\"@type\":\"ImageObject\",\"inLanguage\":\"es\",\"@id\":\"https:\\\/\\\/www.romanopalace.it\\\/es\\\/#\\\/schema\\\/logo\\\/image\\\/\",\"url\":\"https:\\\/\\\/www.romanopalace.it\\\/wp-content\\\/uploads\\\/sites\\\/91\\\/2023\\\/12\\\/Romano-Palace-logo-OKKK.png\",\"contentUrl\":\"https:\\\/\\\/www.romanopalace.it\\\/wp-content\\\/uploads\\\/sites\\\/91\\\/2023\\\/12\\\/Romano-Palace-logo-OKKK.png\",\"width\":475,\"height\":497,\"caption\":\"Romano Palace Hotel\"},\"image\":{\"@id\":\"https:\\\/\\\/www.romanopalace.it\\\/es\\\/#\\\/schema\\\/logo\\\/image\\\/\"}}]}<\/script>\n<!-- \/ Yoast SEO plugin. -->","yoast_head_json":{"title":"Papavero Blu - Romano Palace Hotel","description":"&nbsp;  Suspendido entre el azul del mar y la majestuosidad m\u00e1gica del Etna, el restaurante panor\u00e1mico Papavero Blu le espera desde la ma\u00f1ana con un rico desayuno buffet.  La ubicaci\u00f3n se convierte en un espacio perfecto para sus comidas de negocios, cenas y eventos importantes..","robots":{"index":"index","follow":"follow","max-snippet":"max-snippet:-1","max-image-preview":"max-image-preview:large","max-video-preview":"max-video-preview:-1"},"canonical":"https:\/\/www.romanopalace.it\/es\/restaurantes-bar\/papavero-blu\/","og_locale":"es_ES","og_type":"article","og_title":"Papavero Blu - Romano Palace Hotel","og_description":"&nbsp;  Suspendido entre el azul del mar y la majestuosidad m\u00e1gica del Etna, el restaurante panor\u00e1mico Papavero Blu le espera desde la ma\u00f1ana con un rico desayuno buffet.  La ubicaci\u00f3n se convierte en un espacio perfecto para sus comidas de negocios, cenas y eventos importantes..","og_url":"https:\/\/www.romanopalace.it\/es\/restaurantes-bar\/papavero-blu\/","og_site_name":"Romano Palace Hotel","article_modified_time":"2024-01-31T16:25:45+00:00","twitter_card":"summary_large_image","schema":{"@context":"https:\/\/schema.org","@graph":[{"@type":"WebPage","@id":"https:\/\/www.romanopalace.it\/es\/restaurantes-bar\/papavero-blu\/","url":"https:\/\/www.romanopalace.it\/es\/restaurantes-bar\/papavero-blu\/","name":"Papavero Blu - Romano Palace Hotel","isPartOf":{"@id":"https:\/\/www.romanopalace.it\/es\/#website"},"datePublished":"2024-01-16T18:51:46+00:00","dateModified":"2024-01-31T16:25:45+00:00","description":"&nbsp; Suspendido entre el azul del mar y la majestuosidad m\u00e1gica del Etna, el restaurante panor\u00e1mico Papavero Blu le espera desde la ma\u00f1ana con un rico desayuno buffet. La ubicaci\u00f3n se convierte en un espacio perfecto para sus comidas de negocios, cenas y eventos importantes..","breadcrumb":{"@id":"https:\/\/www.romanopalace.it\/es\/restaurantes-bar\/papavero-blu\/#breadcrumb"},"inLanguage":"es","potentialAction":[{"@type":"ReadAction","target":["https:\/\/www.romanopalace.it\/es\/restaurantes-bar\/papavero-blu\/"]}]},{"@type":"BreadcrumbList","@id":"https:\/\/www.romanopalace.it\/es\/restaurantes-bar\/papavero-blu\/#breadcrumb","itemListElement":[{"@type":"ListItem","position":1,"name":"Home","item":"https:\/\/www.romanopalace.it\/es\/"},{"@type":"ListItem","position":2,"name":"Restaurantes &#038; Bar","item":"https:\/\/www.romanopalace.it\/es\/restaurantes-bar\/"},{"@type":"ListItem","position":3,"name":"Papavero Blu"}]},{"@type":"WebSite","@id":"https:\/\/www.romanopalace.it\/es\/#website","url":"https:\/\/www.romanopalace.it\/es\/","name":"Romano Palace Hotel","description":"","publisher":{"@id":"https:\/\/www.romanopalace.it\/es\/#organization"},"potentialAction":[{"@type":"SearchAction","target":{"@type":"EntryPoint","urlTemplate":"https:\/\/www.romanopalace.it\/es\/?s={search_term_string}"},"query-input":{"@type":"PropertyValueSpecification","valueRequired":true,"valueName":"search_term_string"}}],"inLanguage":"es"},{"@type":"Organization","@id":"https:\/\/www.romanopalace.it\/es\/#organization","name":"Romano Palace Hotel","url":"https:\/\/www.romanopalace.it\/es\/","logo":{"@type":"ImageObject","inLanguage":"es","@id":"https:\/\/www.romanopalace.it\/es\/#\/schema\/logo\/image\/","url":"https:\/\/www.romanopalace.it\/wp-content\/uploads\/sites\/91\/2023\/12\/Romano-Palace-logo-OKKK.png","contentUrl":"https:\/\/www.romanopalace.it\/wp-content\/uploads\/sites\/91\/2023\/12\/Romano-Palace-logo-OKKK.png","width":475,"height":497,"caption":"Romano Palace Hotel"},"image":{"@id":"https:\/\/www.romanopalace.it\/es\/#\/schema\/logo\/image\/"}}]}},"acf":[],"_links":{"self":[{"href":"https:\/\/www.romanopalace.it\/es\/wp-json\/wp\/v2\/pages\/701","targetHints":{"allow":["GET"]}}],"collection":[{"href":"https:\/\/www.romanopalace.it\/es\/wp-json\/wp\/v2\/pages"}],"about":[{"href":"https:\/\/www.romanopalace.it\/es\/wp-json\/wp\/v2\/types\/page"}],"author":[{"embeddable":true,"href":"https:\/\/www.romanopalace.it\/es\/wp-json\/wp\/v2\/users\/12"}],"replies":[{"embeddable":true,"href":"https:\/\/www.romanopalace.it\/es\/wp-json\/wp\/v2\/comments?post=701"}],"version-history":[{"count":0,"href":"https:\/\/www.romanopalace.it\/es\/wp-json\/wp\/v2\/pages\/701\/revisions"}],"up":[{"embeddable":true,"href":"https:\/\/www.romanopalace.it\/es\/wp-json\/wp\/v2\/pages\/692"}],"wp:attachment":[{"href":"https:\/\/www.romanopalace.it\/es\/wp-json\/wp\/v2\/media?parent=701"}],"curies":[{"name":"wp","href":"https:\/\/api.w.org\/{rel}","templated":true}]}}