{"id":707,"date":"2023-12-22T16:51:55","date_gmt":"2023-12-22T16:51:55","guid":{"rendered":"https:\/\/romano-palace.ms2.decms.eu\/restaurantes-bar\/lounge-bar\/"},"modified":"2024-01-31T16:39:17","modified_gmt":"2024-01-31T16:39:17","slug":"lounge-bar","status":"publish","type":"page","link":"https:\/\/www.romanopalace.it\/es\/restaurantes-bar\/lounge-bar\/","title":{"rendered":"Lounge Bar"},"content":{"rendered":"<p>El c\u00e1lido abrazo de\u00a0<strong>m\u00e1rmol egipcio y los mosaicos orientales<\/strong>\u00a0de otros tiempos, el estallido de los verdes jardines del\u00a0<strong>Romano Palace<\/strong>, a trav\u00e9s de los ventanales casi invade el elegante sal\u00f3n-bar.<\/p>\n<p>De la ma\u00f1ana a la noche, a disposici\u00f3n de los hu\u00e9spedes para el almuerzo y meriendas, <em>desayunos abundantes, c\u00f3cteles internacionales y una selecci\u00f3n de vinos finos<\/em>, t\u00e9s acompa\u00f1ados de deliciosos pasteles magistralmente preparados por el chef pastissire del hotel.<\/p>\n","protected":false},"excerpt":{"rendered":"<p>El c\u00e1lido abrazo de\u00a0m\u00e1rmol egipcio y los mosaicos orientales\u00a0de otros tiempos, el estallido de los verdes jardines del\u00a0Romano Palace, a trav\u00e9s de los ventanales casi invade el elegante sal\u00f3n-bar. De la ma\u00f1ana a la noche, a disposici\u00f3n de los hu\u00e9spedes para el almuerzo y meriendas, desayunos abundantes, c\u00f3cteles internacionales y una selecci\u00f3n de vinos finos, [&hellip;]<\/p>\n","protected":false},"author":12,"featured_media":0,"parent":692,"menu_order":25,"comment_status":"closed","ping_status":"closed","template":"template-single-restaurant.php","meta":{"footnotes":""},"yoast_head":"<!-- This site is optimized with the Yoast SEO plugin v22.3 - https:\/\/yoast.com\/wordpress\/plugins\/seo\/ -->\n<title>Lounge Bar - Romano Palace Hotel<\/title>\n<meta name=\"description\" content=\"El c\u00e1lido abrazo de\u00a0m\u00e1rmol egipcio y los mosaicos orientales\u00a0de otros tiempos, el estallido de los verdes jardines del\u00a0Romano Palace, a trav\u00e9s de los ventanales casi invade el elegante sal\u00f3n-bar.  De la ma\u00f1ana a la noche, a disposici\u00f3n de los hu\u00e9spedes para el almuerzo y meriendas, desayunos abundantes, c\u00f3cteles internacionales y una selecci\u00f3n de vinos finos, t\u00e9s acompa\u00f1ados de deliciosos pasteles magistralmente preparados por el chef pastissire del hotel..\" \/>\n<meta name=\"robots\" content=\"index, follow, max-snippet:-1, max-image-preview:large, max-video-preview:-1\" \/>\n<link rel=\"canonical\" href=\"https:\/\/www.romanopalace.it\/es\/restaurantes-bar\/lounge-bar\/\" \/>\n<meta property=\"og:locale\" content=\"es_ES\" \/>\n<meta property=\"og:type\" content=\"article\" \/>\n<meta property=\"og:title\" content=\"Lounge Bar - Romano Palace Hotel\" \/>\n<meta property=\"og:description\" content=\"El c\u00e1lido abrazo de\u00a0m\u00e1rmol egipcio y los mosaicos orientales\u00a0de otros tiempos, el estallido de los verdes jardines del\u00a0Romano Palace, a trav\u00e9s de los ventanales casi invade el elegante sal\u00f3n-bar.  De la ma\u00f1ana a la noche, a disposici\u00f3n de los hu\u00e9spedes para el almuerzo y meriendas, desayunos abundantes, c\u00f3cteles internacionales y una selecci\u00f3n de vinos finos, t\u00e9s acompa\u00f1ados de deliciosos pasteles magistralmente preparados por el chef pastissire del hotel..\" \/>\n<meta property=\"og:url\" content=\"https:\/\/www.romanopalace.it\/es\/restaurantes-bar\/lounge-bar\/\" \/>\n<meta property=\"og:site_name\" content=\"Romano Palace Hotel\" \/>\n<meta property=\"article:modified_time\" content=\"2024-01-31T16:39:17+00:00\" \/>\n<meta name=\"twitter:card\" content=\"summary_large_image\" \/>\n<script type=\"application\/ld+json\" class=\"yoast-schema-graph\">{\"@context\":\"https:\/\/schema.org\",\"@graph\":[{\"@type\":\"WebPage\",\"@id\":\"https:\/\/www.romanopalace.it\/es\/restaurantes-bar\/lounge-bar\/\",\"url\":\"https:\/\/www.romanopalace.it\/es\/restaurantes-bar\/lounge-bar\/\",\"name\":\"Lounge Bar - Romano Palace Hotel\",\"isPartOf\":{\"@id\":\"https:\/\/www.romanopalace.it\/es\/#website\"},\"datePublished\":\"2023-12-22T16:51:55+00:00\",\"dateModified\":\"2024-01-31T16:39:17+00:00\",\"description\":\"El c\u00e1lido abrazo de\u00a0m\u00e1rmol egipcio y los mosaicos orientales\u00a0de otros tiempos, el estallido de los verdes jardines del\u00a0Romano Palace, a trav\u00e9s de los ventanales casi invade el elegante sal\u00f3n-bar. De la ma\u00f1ana a la noche, a disposici\u00f3n de los hu\u00e9spedes para el almuerzo y meriendas, desayunos abundantes, c\u00f3cteles internacionales y una selecci\u00f3n de vinos finos, t\u00e9s acompa\u00f1ados de deliciosos pasteles magistralmente preparados por el chef pastissire del hotel..\",\"breadcrumb\":{\"@id\":\"https:\/\/www.romanopalace.it\/es\/restaurantes-bar\/lounge-bar\/#breadcrumb\"},\"inLanguage\":\"es\",\"potentialAction\":[{\"@type\":\"ReadAction\",\"target\":[\"https:\/\/www.romanopalace.it\/es\/restaurantes-bar\/lounge-bar\/\"]}]},{\"@type\":\"BreadcrumbList\",\"@id\":\"https:\/\/www.romanopalace.it\/es\/restaurantes-bar\/lounge-bar\/#breadcrumb\",\"itemListElement\":[{\"@type\":\"ListItem\",\"position\":1,\"name\":\"Home\",\"item\":\"https:\/\/www.romanopalace.it\/es\/\"},{\"@type\":\"ListItem\",\"position\":2,\"name\":\"Restaurantes &#038; Bar\",\"item\":\"https:\/\/www.romanopalace.it\/es\/restaurantes-bar\/\"},{\"@type\":\"ListItem\",\"position\":3,\"name\":\"Lounge Bar\"}]},{\"@type\":\"WebSite\",\"@id\":\"https:\/\/www.romanopalace.it\/es\/#website\",\"url\":\"https:\/\/www.romanopalace.it\/es\/\",\"name\":\"Romano Palace Hotel\",\"description\":\"\",\"publisher\":{\"@id\":\"https:\/\/www.romanopalace.it\/es\/#organization\"},\"potentialAction\":[{\"@type\":\"SearchAction\",\"target\":{\"@type\":\"EntryPoint\",\"urlTemplate\":\"https:\/\/www.romanopalace.it\/es\/?s={search_term_string}\"},\"query-input\":\"required name=search_term_string\"}],\"inLanguage\":\"es\"},{\"@type\":\"Organization\",\"@id\":\"https:\/\/www.romanopalace.it\/es\/#organization\",\"name\":\"Romano Palace Hotel\",\"url\":\"https:\/\/www.romanopalace.it\/es\/\",\"logo\":{\"@type\":\"ImageObject\",\"inLanguage\":\"es\",\"@id\":\"https:\/\/www.romanopalace.it\/es\/#\/schema\/logo\/image\/\",\"url\":\"https:\/\/www.romanopalace.it\/wp-content\/uploads\/sites\/91\/2023\/12\/Romano-Palace-logo-OKKK.png\",\"contentUrl\":\"https:\/\/www.romanopalace.it\/wp-content\/uploads\/sites\/91\/2023\/12\/Romano-Palace-logo-OKKK.png\",\"width\":475,\"height\":497,\"caption\":\"Romano Palace Hotel\"},\"image\":{\"@id\":\"https:\/\/www.romanopalace.it\/es\/#\/schema\/logo\/image\/\"}}]}<\/script>\n<!-- \/ Yoast SEO plugin. -->","yoast_head_json":{"title":"Lounge Bar - Romano Palace Hotel","description":"El c\u00e1lido abrazo de\u00a0m\u00e1rmol egipcio y los mosaicos orientales\u00a0de otros tiempos, el estallido de los verdes jardines del\u00a0Romano Palace, a trav\u00e9s de los ventanales casi invade el elegante sal\u00f3n-bar.  De la ma\u00f1ana a la noche, a disposici\u00f3n de los hu\u00e9spedes para el almuerzo y meriendas, desayunos abundantes, c\u00f3cteles internacionales y una selecci\u00f3n de vinos finos, t\u00e9s acompa\u00f1ados de deliciosos pasteles magistralmente preparados por el chef pastissire del hotel..","robots":{"index":"index","follow":"follow","max-snippet":"max-snippet:-1","max-image-preview":"max-image-preview:large","max-video-preview":"max-video-preview:-1"},"canonical":"https:\/\/www.romanopalace.it\/es\/restaurantes-bar\/lounge-bar\/","og_locale":"es_ES","og_type":"article","og_title":"Lounge Bar - Romano Palace Hotel","og_description":"El c\u00e1lido abrazo de\u00a0m\u00e1rmol egipcio y los mosaicos orientales\u00a0de otros tiempos, el estallido de los verdes jardines del\u00a0Romano Palace, a trav\u00e9s de los ventanales casi invade el elegante sal\u00f3n-bar.  De la ma\u00f1ana a la noche, a disposici\u00f3n de los hu\u00e9spedes para el almuerzo y meriendas, desayunos abundantes, c\u00f3cteles internacionales y una selecci\u00f3n de vinos finos, t\u00e9s acompa\u00f1ados de deliciosos pasteles magistralmente preparados por el chef pastissire del hotel..","og_url":"https:\/\/www.romanopalace.it\/es\/restaurantes-bar\/lounge-bar\/","og_site_name":"Romano Palace Hotel","article_modified_time":"2024-01-31T16:39:17+00:00","twitter_card":"summary_large_image","schema":{"@context":"https:\/\/schema.org","@graph":[{"@type":"WebPage","@id":"https:\/\/www.romanopalace.it\/es\/restaurantes-bar\/lounge-bar\/","url":"https:\/\/www.romanopalace.it\/es\/restaurantes-bar\/lounge-bar\/","name":"Lounge Bar - Romano Palace Hotel","isPartOf":{"@id":"https:\/\/www.romanopalace.it\/es\/#website"},"datePublished":"2023-12-22T16:51:55+00:00","dateModified":"2024-01-31T16:39:17+00:00","description":"El c\u00e1lido abrazo de\u00a0m\u00e1rmol egipcio y los mosaicos orientales\u00a0de otros tiempos, el estallido de los verdes jardines del\u00a0Romano Palace, a trav\u00e9s de los ventanales casi invade el elegante sal\u00f3n-bar. De la ma\u00f1ana a la noche, a disposici\u00f3n de los hu\u00e9spedes para el almuerzo y meriendas, desayunos abundantes, c\u00f3cteles internacionales y una selecci\u00f3n de vinos finos, t\u00e9s acompa\u00f1ados de deliciosos pasteles magistralmente preparados por el chef pastissire del hotel..","breadcrumb":{"@id":"https:\/\/www.romanopalace.it\/es\/restaurantes-bar\/lounge-bar\/#breadcrumb"},"inLanguage":"es","potentialAction":[{"@type":"ReadAction","target":["https:\/\/www.romanopalace.it\/es\/restaurantes-bar\/lounge-bar\/"]}]},{"@type":"BreadcrumbList","@id":"https:\/\/www.romanopalace.it\/es\/restaurantes-bar\/lounge-bar\/#breadcrumb","itemListElement":[{"@type":"ListItem","position":1,"name":"Home","item":"https:\/\/www.romanopalace.it\/es\/"},{"@type":"ListItem","position":2,"name":"Restaurantes &#038; Bar","item":"https:\/\/www.romanopalace.it\/es\/restaurantes-bar\/"},{"@type":"ListItem","position":3,"name":"Lounge Bar"}]},{"@type":"WebSite","@id":"https:\/\/www.romanopalace.it\/es\/#website","url":"https:\/\/www.romanopalace.it\/es\/","name":"Romano Palace Hotel","description":"","publisher":{"@id":"https:\/\/www.romanopalace.it\/es\/#organization"},"potentialAction":[{"@type":"SearchAction","target":{"@type":"EntryPoint","urlTemplate":"https:\/\/www.romanopalace.it\/es\/?s={search_term_string}"},"query-input":"required name=search_term_string"}],"inLanguage":"es"},{"@type":"Organization","@id":"https:\/\/www.romanopalace.it\/es\/#organization","name":"Romano Palace Hotel","url":"https:\/\/www.romanopalace.it\/es\/","logo":{"@type":"ImageObject","inLanguage":"es","@id":"https:\/\/www.romanopalace.it\/es\/#\/schema\/logo\/image\/","url":"https:\/\/www.romanopalace.it\/wp-content\/uploads\/sites\/91\/2023\/12\/Romano-Palace-logo-OKKK.png","contentUrl":"https:\/\/www.romanopalace.it\/wp-content\/uploads\/sites\/91\/2023\/12\/Romano-Palace-logo-OKKK.png","width":475,"height":497,"caption":"Romano Palace Hotel"},"image":{"@id":"https:\/\/www.romanopalace.it\/es\/#\/schema\/logo\/image\/"}}]}},"acf":[],"_links":{"self":[{"href":"https:\/\/www.romanopalace.it\/es\/wp-json\/wp\/v2\/pages\/707"}],"collection":[{"href":"https:\/\/www.romanopalace.it\/es\/wp-json\/wp\/v2\/pages"}],"about":[{"href":"https:\/\/www.romanopalace.it\/es\/wp-json\/wp\/v2\/types\/page"}],"author":[{"embeddable":true,"href":"https:\/\/www.romanopalace.it\/es\/wp-json\/wp\/v2\/users\/12"}],"replies":[{"embeddable":true,"href":"https:\/\/www.romanopalace.it\/es\/wp-json\/wp\/v2\/comments?post=707"}],"version-history":[{"count":0,"href":"https:\/\/www.romanopalace.it\/es\/wp-json\/wp\/v2\/pages\/707\/revisions"}],"up":[{"embeddable":true,"href":"https:\/\/www.romanopalace.it\/es\/wp-json\/wp\/v2\/pages\/692"}],"wp:attachment":[{"href":"https:\/\/www.romanopalace.it\/es\/wp-json\/wp\/v2\/media?parent=707"}],"curies":[{"name":"wp","href":"https:\/\/api.w.org\/{rel}","templated":true}]}}