{"id":723,"date":"2023-12-22T11:25:39","date_gmt":"2023-12-22T11:25:39","guid":{"rendered":"https:\/\/romano-palace.ms2.decms.eu\/habitaciones-suites\/camera-classic\/"},"modified":"2024-01-31T18:36:38","modified_gmt":"2024-01-31T18:36:38","slug":"habitacion-classica","status":"publish","type":"page","link":"https:\/\/www.romanopalace.it\/es\/habitaciones-suites\/habitacion-classica\/","title":{"rendered":"Habitaci\u00f3n Classica"},"content":{"rendered":"<p>&nbsp;<\/p>\n<p>Las habitaciones &#8216;<strong>cl\u00e1sicas<\/strong>&#8216; est\u00e1n equipadas con una <em>cama matrimonial o dos camas individuales<\/em>.<\/p>\n<p>La decoraci\u00f3n es moderna y los muebles son de estilo mediterr\u00e1neo tradicional. Algunas ofrecen un balc\u00f3n privado, otras una ventana amplia. La mayor\u00eda de las habitaciones de este tipo se encuentran en la <strong>planta baja<\/strong> y tienen <strong>vistas al patio<\/strong>.<\/p>\n<p>Aire acondicionado, conexi\u00f3n gratuita a Internet de alta velocidad con sistema de conexi\u00f3n y Wi-Fi, televisi\u00f3n v\u00eda sat\u00e9lite, tel\u00e9fono, minibar y caja fuerte. Ba\u00f1o con ducha o ba\u00f1era, juego de cortes\u00eda.<\/p>\n","protected":false},"excerpt":{"rendered":"<p>&nbsp; Las habitaciones &#8216;cl\u00e1sicas&#8216; est\u00e1n equipadas con una cama matrimonial o dos camas individuales. La decoraci\u00f3n es moderna y los muebles son de estilo mediterr\u00e1neo tradicional. Algunas ofrecen un balc\u00f3n privado, otras una ventana amplia. La mayor\u00eda de las habitaciones de este tipo se encuentran en la planta baja y tienen vistas al patio. Aire [&hellip;]<\/p>\n","protected":false},"author":12,"featured_media":0,"parent":719,"menu_order":6,"comment_status":"closed","ping_status":"closed","template":"template-single-room.php","meta":{"footnotes":""},"class_list":["post-723","page","type-page","status-publish","hentry"],"yoast_head":"<!-- This site is optimized with the Yoast SEO plugin v27.3 - https:\/\/yoast.com\/product\/yoast-seo-wordpress\/ -->\n<title>Habitaci\u00f3n Classica - Romano Palace Hotel<\/title>\n<meta name=\"description\" content=\"&nbsp;  Las habitaciones &#039;cl\u00e1sicas&#039; est\u00e1n equipadas con una cama matrimonial o dos camas individuales.  La decoraci\u00f3n es moderna y los muebles son de estilo mediterr\u00e1neo tradicional. Algunas ofrecen un balc\u00f3n privado, otras una ventana amplia\" \/>\n<meta name=\"robots\" content=\"index, follow, max-snippet:-1, max-image-preview:large, max-video-preview:-1\" \/>\n<link rel=\"canonical\" href=\"https:\/\/www.romanopalace.it\/es\/habitaciones-suites\/habitacion-classica\/\" \/>\n<meta property=\"og:locale\" content=\"es_ES\" \/>\n<meta property=\"og:type\" content=\"article\" \/>\n<meta property=\"og:title\" content=\"Habitaci\u00f3n Classica - Romano Palace Hotel\" \/>\n<meta property=\"og:description\" content=\"&nbsp;  Las habitaciones &#039;cl\u00e1sicas&#039; est\u00e1n equipadas con una cama matrimonial o dos camas individuales.  La decoraci\u00f3n es moderna y los muebles son de estilo mediterr\u00e1neo tradicional. Algunas ofrecen un balc\u00f3n privado, otras una ventana amplia\" \/>\n<meta property=\"og:url\" content=\"https:\/\/www.romanopalace.it\/es\/habitaciones-suites\/habitacion-classica\/\" \/>\n<meta property=\"og:site_name\" content=\"Romano Palace Hotel\" \/>\n<meta property=\"article:modified_time\" content=\"2024-01-31T18:36:38+00:00\" \/>\n<meta name=\"twitter:card\" content=\"summary_large_image\" \/>\n<meta name=\"twitter:label1\" content=\"Tiempo de lectura\" \/>\n\t<meta name=\"twitter:data1\" content=\"1 minuto\" \/>\n<script type=\"application\/ld+json\" class=\"yoast-schema-graph\">{\"@context\":\"https:\\\/\\\/schema.org\",\"@graph\":[{\"@type\":\"WebPage\",\"@id\":\"https:\\\/\\\/www.romanopalace.it\\\/es\\\/habitaciones-suites\\\/habitacion-classica\\\/\",\"url\":\"https:\\\/\\\/www.romanopalace.it\\\/es\\\/habitaciones-suites\\\/habitacion-classica\\\/\",\"name\":\"Habitaci\u00f3n Classica - Romano Palace Hotel\",\"isPartOf\":{\"@id\":\"https:\\\/\\\/www.romanopalace.it\\\/es\\\/#website\"},\"datePublished\":\"2023-12-22T11:25:39+00:00\",\"dateModified\":\"2024-01-31T18:36:38+00:00\",\"description\":\"&nbsp; Las habitaciones 'cl\u00e1sicas' est\u00e1n equipadas con una cama matrimonial o dos camas individuales. La decoraci\u00f3n es moderna y los muebles son de estilo mediterr\u00e1neo tradicional. Algunas ofrecen un balc\u00f3n privado, otras una ventana amplia\",\"breadcrumb\":{\"@id\":\"https:\\\/\\\/www.romanopalace.it\\\/es\\\/habitaciones-suites\\\/habitacion-classica\\\/#breadcrumb\"},\"inLanguage\":\"es\",\"potentialAction\":[{\"@type\":\"ReadAction\",\"target\":[\"https:\\\/\\\/www.romanopalace.it\\\/es\\\/habitaciones-suites\\\/habitacion-classica\\\/\"]}]},{\"@type\":\"BreadcrumbList\",\"@id\":\"https:\\\/\\\/www.romanopalace.it\\\/es\\\/habitaciones-suites\\\/habitacion-classica\\\/#breadcrumb\",\"itemListElement\":[{\"@type\":\"ListItem\",\"position\":1,\"name\":\"Home\",\"item\":\"https:\\\/\\\/www.romanopalace.it\\\/es\\\/\"},{\"@type\":\"ListItem\",\"position\":2,\"name\":\"Habitaciones Y Suites\",\"item\":\"https:\\\/\\\/www.romanopalace.it\\\/es\\\/habitaciones-suites\\\/\"},{\"@type\":\"ListItem\",\"position\":3,\"name\":\"Habitaci\u00f3n Classica\"}]},{\"@type\":\"WebSite\",\"@id\":\"https:\\\/\\\/www.romanopalace.it\\\/es\\\/#website\",\"url\":\"https:\\\/\\\/www.romanopalace.it\\\/es\\\/\",\"name\":\"Romano Palace Hotel\",\"description\":\"\",\"publisher\":{\"@id\":\"https:\\\/\\\/www.romanopalace.it\\\/es\\\/#organization\"},\"potentialAction\":[{\"@type\":\"SearchAction\",\"target\":{\"@type\":\"EntryPoint\",\"urlTemplate\":\"https:\\\/\\\/www.romanopalace.it\\\/es\\\/?s={search_term_string}\"},\"query-input\":{\"@type\":\"PropertyValueSpecification\",\"valueRequired\":true,\"valueName\":\"search_term_string\"}}],\"inLanguage\":\"es\"},{\"@type\":\"Organization\",\"@id\":\"https:\\\/\\\/www.romanopalace.it\\\/es\\\/#organization\",\"name\":\"Romano Palace Hotel\",\"url\":\"https:\\\/\\\/www.romanopalace.it\\\/es\\\/\",\"logo\":{\"@type\":\"ImageObject\",\"inLanguage\":\"es\",\"@id\":\"https:\\\/\\\/www.romanopalace.it\\\/es\\\/#\\\/schema\\\/logo\\\/image\\\/\",\"url\":\"https:\\\/\\\/www.romanopalace.it\\\/wp-content\\\/uploads\\\/sites\\\/91\\\/2023\\\/12\\\/Romano-Palace-logo-OKKK.png\",\"contentUrl\":\"https:\\\/\\\/www.romanopalace.it\\\/wp-content\\\/uploads\\\/sites\\\/91\\\/2023\\\/12\\\/Romano-Palace-logo-OKKK.png\",\"width\":475,\"height\":497,\"caption\":\"Romano Palace Hotel\"},\"image\":{\"@id\":\"https:\\\/\\\/www.romanopalace.it\\\/es\\\/#\\\/schema\\\/logo\\\/image\\\/\"}}]}<\/script>\n<!-- \/ Yoast SEO plugin. -->","yoast_head_json":{"title":"Habitaci\u00f3n Classica - Romano Palace Hotel","description":"&nbsp;  Las habitaciones 'cl\u00e1sicas' est\u00e1n equipadas con una cama matrimonial o dos camas individuales.  La decoraci\u00f3n es moderna y los muebles son de estilo mediterr\u00e1neo tradicional. Algunas ofrecen un balc\u00f3n privado, otras una ventana amplia","robots":{"index":"index","follow":"follow","max-snippet":"max-snippet:-1","max-image-preview":"max-image-preview:large","max-video-preview":"max-video-preview:-1"},"canonical":"https:\/\/www.romanopalace.it\/es\/habitaciones-suites\/habitacion-classica\/","og_locale":"es_ES","og_type":"article","og_title":"Habitaci\u00f3n Classica - Romano Palace Hotel","og_description":"&nbsp;  Las habitaciones 'cl\u00e1sicas' est\u00e1n equipadas con una cama matrimonial o dos camas individuales.  La decoraci\u00f3n es moderna y los muebles son de estilo mediterr\u00e1neo tradicional. Algunas ofrecen un balc\u00f3n privado, otras una ventana amplia","og_url":"https:\/\/www.romanopalace.it\/es\/habitaciones-suites\/habitacion-classica\/","og_site_name":"Romano Palace Hotel","article_modified_time":"2024-01-31T18:36:38+00:00","twitter_card":"summary_large_image","twitter_misc":{"Tiempo de lectura":"1 minuto"},"schema":{"@context":"https:\/\/schema.org","@graph":[{"@type":"WebPage","@id":"https:\/\/www.romanopalace.it\/es\/habitaciones-suites\/habitacion-classica\/","url":"https:\/\/www.romanopalace.it\/es\/habitaciones-suites\/habitacion-classica\/","name":"Habitaci\u00f3n Classica - Romano Palace Hotel","isPartOf":{"@id":"https:\/\/www.romanopalace.it\/es\/#website"},"datePublished":"2023-12-22T11:25:39+00:00","dateModified":"2024-01-31T18:36:38+00:00","description":"&nbsp; Las habitaciones 'cl\u00e1sicas' est\u00e1n equipadas con una cama matrimonial o dos camas individuales. La decoraci\u00f3n es moderna y los muebles son de estilo mediterr\u00e1neo tradicional. Algunas ofrecen un balc\u00f3n privado, otras una ventana amplia","breadcrumb":{"@id":"https:\/\/www.romanopalace.it\/es\/habitaciones-suites\/habitacion-classica\/#breadcrumb"},"inLanguage":"es","potentialAction":[{"@type":"ReadAction","target":["https:\/\/www.romanopalace.it\/es\/habitaciones-suites\/habitacion-classica\/"]}]},{"@type":"BreadcrumbList","@id":"https:\/\/www.romanopalace.it\/es\/habitaciones-suites\/habitacion-classica\/#breadcrumb","itemListElement":[{"@type":"ListItem","position":1,"name":"Home","item":"https:\/\/www.romanopalace.it\/es\/"},{"@type":"ListItem","position":2,"name":"Habitaciones Y Suites","item":"https:\/\/www.romanopalace.it\/es\/habitaciones-suites\/"},{"@type":"ListItem","position":3,"name":"Habitaci\u00f3n Classica"}]},{"@type":"WebSite","@id":"https:\/\/www.romanopalace.it\/es\/#website","url":"https:\/\/www.romanopalace.it\/es\/","name":"Romano Palace Hotel","description":"","publisher":{"@id":"https:\/\/www.romanopalace.it\/es\/#organization"},"potentialAction":[{"@type":"SearchAction","target":{"@type":"EntryPoint","urlTemplate":"https:\/\/www.romanopalace.it\/es\/?s={search_term_string}"},"query-input":{"@type":"PropertyValueSpecification","valueRequired":true,"valueName":"search_term_string"}}],"inLanguage":"es"},{"@type":"Organization","@id":"https:\/\/www.romanopalace.it\/es\/#organization","name":"Romano Palace Hotel","url":"https:\/\/www.romanopalace.it\/es\/","logo":{"@type":"ImageObject","inLanguage":"es","@id":"https:\/\/www.romanopalace.it\/es\/#\/schema\/logo\/image\/","url":"https:\/\/www.romanopalace.it\/wp-content\/uploads\/sites\/91\/2023\/12\/Romano-Palace-logo-OKKK.png","contentUrl":"https:\/\/www.romanopalace.it\/wp-content\/uploads\/sites\/91\/2023\/12\/Romano-Palace-logo-OKKK.png","width":475,"height":497,"caption":"Romano Palace Hotel"},"image":{"@id":"https:\/\/www.romanopalace.it\/es\/#\/schema\/logo\/image\/"}}]}},"acf":[],"_links":{"self":[{"href":"https:\/\/www.romanopalace.it\/es\/wp-json\/wp\/v2\/pages\/723","targetHints":{"allow":["GET"]}}],"collection":[{"href":"https:\/\/www.romanopalace.it\/es\/wp-json\/wp\/v2\/pages"}],"about":[{"href":"https:\/\/www.romanopalace.it\/es\/wp-json\/wp\/v2\/types\/page"}],"author":[{"embeddable":true,"href":"https:\/\/www.romanopalace.it\/es\/wp-json\/wp\/v2\/users\/12"}],"replies":[{"embeddable":true,"href":"https:\/\/www.romanopalace.it\/es\/wp-json\/wp\/v2\/comments?post=723"}],"version-history":[{"count":0,"href":"https:\/\/www.romanopalace.it\/es\/wp-json\/wp\/v2\/pages\/723\/revisions"}],"up":[{"embeddable":true,"href":"https:\/\/www.romanopalace.it\/es\/wp-json\/wp\/v2\/pages\/719"}],"wp:attachment":[{"href":"https:\/\/www.romanopalace.it\/es\/wp-json\/wp\/v2\/media?parent=723"}],"curies":[{"name":"wp","href":"https:\/\/api.w.org\/{rel}","templated":true}]}}