{"id":735,"date":"2023-12-22T14:29:18","date_gmt":"2023-12-22T14:29:18","guid":{"rendered":"https:\/\/romano-palace.ms2.decms.eu\/habitaciones-suites\/camera-tripla\/"},"modified":"2024-01-31T18:38:47","modified_gmt":"2024-01-31T18:38:47","slug":"habitacion-triple","status":"publish","type":"page","link":"https:\/\/www.romanopalace.it\/es\/habitaciones-suites\/habitacion-triple\/","title":{"rendered":"Habitaci\u00f3n triple"},"content":{"rendered":"<p>&nbsp;<\/p>\n<p>Las <strong>habitaciones triples<\/strong> Classic ofrecen un ambiente acogedor con una c\u00f3moda cama matrimonial y una cama individual, tres camas individuales o una cama matrimonial y un sof\u00e1 cama, mobiliario de dise\u00f1o moderno y un estilo tradicional mediterr\u00e1neo.<\/p>\n<p>Muchas de ellas cuentan con un balc\u00f3n privado o ventana amplia, la mayor\u00eda ubicadas en la planta baja con <strong>vistas al patio y al Boschetto Playa<\/strong>.<\/p>\n<p>Todas est\u00e1n equipadas con aire acondicionado, conexi\u00f3n a Internet de alta velocidad con sistema plug-in y Wi-Fi, televisi\u00f3n satelital, tel\u00e9fono, minibar y caja fuerte para asegurar una estad\u00eda completa. El ba\u00f1o, con ducha o ba\u00f1era, incluye amenities.<\/p>\n<p>&nbsp;<\/p>\n","protected":false},"excerpt":{"rendered":"<p>&nbsp; Las habitaciones triples Classic ofrecen un ambiente acogedor con una c\u00f3moda cama matrimonial y una cama individual, tres camas individuales o una cama matrimonial y un sof\u00e1 cama, mobiliario de dise\u00f1o moderno y un estilo tradicional mediterr\u00e1neo. Muchas de ellas cuentan con un balc\u00f3n privado o ventana amplia, la mayor\u00eda ubicadas en la planta [&hellip;]<\/p>\n","protected":false},"author":12,"featured_media":0,"parent":719,"menu_order":10,"comment_status":"closed","ping_status":"closed","template":"template-single-room.php","meta":{"footnotes":""},"yoast_head":"<!-- This site is optimized with the Yoast SEO plugin v22.3 - https:\/\/yoast.com\/wordpress\/plugins\/seo\/ -->\n<title>Habitaci\u00f3n triple - Romano Palace Hotel<\/title>\n<meta name=\"description\" content=\"&nbsp;  Las habitaciones triples Classic ofrecen un ambiente acogedor con una c\u00f3moda cama matrimonial y una cama individual, tres camas individuales o una cama matrimonial y un sof\u00e1 cama, mobiliario de dise\u00f1o moderno y un estilo tradicional mediterr\u00e1neo.  Muchas de ellas cuentan con un balc\u00f3n privado o ventana amplia, la mayor\u00eda ubicadas en la planta baja con vistas al patio y al Boschetto Playa.  Todas est\u00e1n equipadas con aire acondicionado, conexi\u00f3n a Internet de alta velocidad con sistema plug-in y Wi-Fi, televisi\u00f3n satelital, tel\u00e9fono, minibar y caja fuerte para asegurar una estad\u00eda completa. El ba\u00f1o, con ducha o ba\u00f1era, incluye amenities.  &nbsp;\" \/>\n<meta name=\"robots\" content=\"index, follow, max-snippet:-1, max-image-preview:large, max-video-preview:-1\" \/>\n<link rel=\"canonical\" href=\"https:\/\/www.romanopalace.it\/es\/habitaciones-suites\/habitacion-triple\/\" \/>\n<meta property=\"og:locale\" content=\"es_ES\" \/>\n<meta property=\"og:type\" content=\"article\" \/>\n<meta property=\"og:title\" content=\"Habitaci\u00f3n triple - Romano Palace Hotel\" \/>\n<meta property=\"og:description\" content=\"&nbsp;  Las habitaciones triples Classic ofrecen un ambiente acogedor con una c\u00f3moda cama matrimonial y una cama individual, tres camas individuales o una cama matrimonial y un sof\u00e1 cama, mobiliario de dise\u00f1o moderno y un estilo tradicional mediterr\u00e1neo.  Muchas de ellas cuentan con un balc\u00f3n privado o ventana amplia, la mayor\u00eda ubicadas en la planta baja con vistas al patio y al Boschetto Playa.  Todas est\u00e1n equipadas con aire acondicionado, conexi\u00f3n a Internet de alta velocidad con sistema plug-in y Wi-Fi, televisi\u00f3n satelital, tel\u00e9fono, minibar y caja fuerte para asegurar una estad\u00eda completa. El ba\u00f1o, con ducha o ba\u00f1era, incluye amenities.  &nbsp;\" \/>\n<meta property=\"og:url\" content=\"https:\/\/www.romanopalace.it\/es\/habitaciones-suites\/habitacion-triple\/\" \/>\n<meta property=\"og:site_name\" content=\"Romano Palace Hotel\" \/>\n<meta property=\"article:modified_time\" content=\"2024-01-31T18:38:47+00:00\" \/>\n<meta name=\"twitter:card\" content=\"summary_large_image\" \/>\n<meta name=\"twitter:label1\" content=\"Tiempo de lectura\" \/>\n\t<meta name=\"twitter:data1\" content=\"1 minuto\" \/>\n<script type=\"application\/ld+json\" class=\"yoast-schema-graph\">{\"@context\":\"https:\/\/schema.org\",\"@graph\":[{\"@type\":\"WebPage\",\"@id\":\"https:\/\/www.romanopalace.it\/es\/habitaciones-suites\/habitacion-triple\/\",\"url\":\"https:\/\/www.romanopalace.it\/es\/habitaciones-suites\/habitacion-triple\/\",\"name\":\"Habitaci\u00f3n triple - Romano Palace Hotel\",\"isPartOf\":{\"@id\":\"https:\/\/www.romanopalace.it\/es\/#website\"},\"datePublished\":\"2023-12-22T14:29:18+00:00\",\"dateModified\":\"2024-01-31T18:38:47+00:00\",\"description\":\"&nbsp; Las habitaciones triples Classic ofrecen un ambiente acogedor con una c\u00f3moda cama matrimonial y una cama individual, tres camas individuales o una cama matrimonial y un sof\u00e1 cama, mobiliario de dise\u00f1o moderno y un estilo tradicional mediterr\u00e1neo. Muchas de ellas cuentan con un balc\u00f3n privado o ventana amplia, la mayor\u00eda ubicadas en la planta baja con vistas al patio y al Boschetto Playa. Todas est\u00e1n equipadas con aire acondicionado, conexi\u00f3n a Internet de alta velocidad con sistema plug-in y Wi-Fi, televisi\u00f3n satelital, tel\u00e9fono, minibar y caja fuerte para asegurar una estad\u00eda completa. El ba\u00f1o, con ducha o ba\u00f1era, incluye amenities. &nbsp;\",\"breadcrumb\":{\"@id\":\"https:\/\/www.romanopalace.it\/es\/habitaciones-suites\/habitacion-triple\/#breadcrumb\"},\"inLanguage\":\"es\",\"potentialAction\":[{\"@type\":\"ReadAction\",\"target\":[\"https:\/\/www.romanopalace.it\/es\/habitaciones-suites\/habitacion-triple\/\"]}]},{\"@type\":\"BreadcrumbList\",\"@id\":\"https:\/\/www.romanopalace.it\/es\/habitaciones-suites\/habitacion-triple\/#breadcrumb\",\"itemListElement\":[{\"@type\":\"ListItem\",\"position\":1,\"name\":\"Home\",\"item\":\"https:\/\/www.romanopalace.it\/es\/\"},{\"@type\":\"ListItem\",\"position\":2,\"name\":\"Habitaciones Y Suites\",\"item\":\"https:\/\/www.romanopalace.it\/es\/habitaciones-suites\/\"},{\"@type\":\"ListItem\",\"position\":3,\"name\":\"Habitaci\u00f3n triple\"}]},{\"@type\":\"WebSite\",\"@id\":\"https:\/\/www.romanopalace.it\/es\/#website\",\"url\":\"https:\/\/www.romanopalace.it\/es\/\",\"name\":\"Romano Palace Hotel\",\"description\":\"\",\"publisher\":{\"@id\":\"https:\/\/www.romanopalace.it\/es\/#organization\"},\"potentialAction\":[{\"@type\":\"SearchAction\",\"target\":{\"@type\":\"EntryPoint\",\"urlTemplate\":\"https:\/\/www.romanopalace.it\/es\/?s={search_term_string}\"},\"query-input\":\"required name=search_term_string\"}],\"inLanguage\":\"es\"},{\"@type\":\"Organization\",\"@id\":\"https:\/\/www.romanopalace.it\/es\/#organization\",\"name\":\"Romano Palace Hotel\",\"url\":\"https:\/\/www.romanopalace.it\/es\/\",\"logo\":{\"@type\":\"ImageObject\",\"inLanguage\":\"es\",\"@id\":\"https:\/\/www.romanopalace.it\/es\/#\/schema\/logo\/image\/\",\"url\":\"https:\/\/www.romanopalace.it\/wp-content\/uploads\/sites\/91\/2023\/12\/Romano-Palace-logo-OKKK.png\",\"contentUrl\":\"https:\/\/www.romanopalace.it\/wp-content\/uploads\/sites\/91\/2023\/12\/Romano-Palace-logo-OKKK.png\",\"width\":475,\"height\":497,\"caption\":\"Romano Palace Hotel\"},\"image\":{\"@id\":\"https:\/\/www.romanopalace.it\/es\/#\/schema\/logo\/image\/\"}}]}<\/script>\n<!-- \/ Yoast SEO plugin. -->","yoast_head_json":{"title":"Habitaci\u00f3n triple - Romano Palace Hotel","description":"&nbsp;  Las habitaciones triples Classic ofrecen un ambiente acogedor con una c\u00f3moda cama matrimonial y una cama individual, tres camas individuales o una cama matrimonial y un sof\u00e1 cama, mobiliario de dise\u00f1o moderno y un estilo tradicional mediterr\u00e1neo.  Muchas de ellas cuentan con un balc\u00f3n privado o ventana amplia, la mayor\u00eda ubicadas en la planta baja con vistas al patio y al Boschetto Playa.  Todas est\u00e1n equipadas con aire acondicionado, conexi\u00f3n a Internet de alta velocidad con sistema plug-in y Wi-Fi, televisi\u00f3n satelital, tel\u00e9fono, minibar y caja fuerte para asegurar una estad\u00eda completa. El ba\u00f1o, con ducha o ba\u00f1era, incluye amenities.  &nbsp;","robots":{"index":"index","follow":"follow","max-snippet":"max-snippet:-1","max-image-preview":"max-image-preview:large","max-video-preview":"max-video-preview:-1"},"canonical":"https:\/\/www.romanopalace.it\/es\/habitaciones-suites\/habitacion-triple\/","og_locale":"es_ES","og_type":"article","og_title":"Habitaci\u00f3n triple - Romano Palace Hotel","og_description":"&nbsp;  Las habitaciones triples Classic ofrecen un ambiente acogedor con una c\u00f3moda cama matrimonial y una cama individual, tres camas individuales o una cama matrimonial y un sof\u00e1 cama, mobiliario de dise\u00f1o moderno y un estilo tradicional mediterr\u00e1neo.  Muchas de ellas cuentan con un balc\u00f3n privado o ventana amplia, la mayor\u00eda ubicadas en la planta baja con vistas al patio y al Boschetto Playa.  Todas est\u00e1n equipadas con aire acondicionado, conexi\u00f3n a Internet de alta velocidad con sistema plug-in y Wi-Fi, televisi\u00f3n satelital, tel\u00e9fono, minibar y caja fuerte para asegurar una estad\u00eda completa. El ba\u00f1o, con ducha o ba\u00f1era, incluye amenities.  &nbsp;","og_url":"https:\/\/www.romanopalace.it\/es\/habitaciones-suites\/habitacion-triple\/","og_site_name":"Romano Palace Hotel","article_modified_time":"2024-01-31T18:38:47+00:00","twitter_card":"summary_large_image","twitter_misc":{"Tiempo de lectura":"1 minuto"},"schema":{"@context":"https:\/\/schema.org","@graph":[{"@type":"WebPage","@id":"https:\/\/www.romanopalace.it\/es\/habitaciones-suites\/habitacion-triple\/","url":"https:\/\/www.romanopalace.it\/es\/habitaciones-suites\/habitacion-triple\/","name":"Habitaci\u00f3n triple - Romano Palace Hotel","isPartOf":{"@id":"https:\/\/www.romanopalace.it\/es\/#website"},"datePublished":"2023-12-22T14:29:18+00:00","dateModified":"2024-01-31T18:38:47+00:00","description":"&nbsp; Las habitaciones triples Classic ofrecen un ambiente acogedor con una c\u00f3moda cama matrimonial y una cama individual, tres camas individuales o una cama matrimonial y un sof\u00e1 cama, mobiliario de dise\u00f1o moderno y un estilo tradicional mediterr\u00e1neo. Muchas de ellas cuentan con un balc\u00f3n privado o ventana amplia, la mayor\u00eda ubicadas en la planta baja con vistas al patio y al Boschetto Playa. Todas est\u00e1n equipadas con aire acondicionado, conexi\u00f3n a Internet de alta velocidad con sistema plug-in y Wi-Fi, televisi\u00f3n satelital, tel\u00e9fono, minibar y caja fuerte para asegurar una estad\u00eda completa. El ba\u00f1o, con ducha o ba\u00f1era, incluye amenities. &nbsp;","breadcrumb":{"@id":"https:\/\/www.romanopalace.it\/es\/habitaciones-suites\/habitacion-triple\/#breadcrumb"},"inLanguage":"es","potentialAction":[{"@type":"ReadAction","target":["https:\/\/www.romanopalace.it\/es\/habitaciones-suites\/habitacion-triple\/"]}]},{"@type":"BreadcrumbList","@id":"https:\/\/www.romanopalace.it\/es\/habitaciones-suites\/habitacion-triple\/#breadcrumb","itemListElement":[{"@type":"ListItem","position":1,"name":"Home","item":"https:\/\/www.romanopalace.it\/es\/"},{"@type":"ListItem","position":2,"name":"Habitaciones Y Suites","item":"https:\/\/www.romanopalace.it\/es\/habitaciones-suites\/"},{"@type":"ListItem","position":3,"name":"Habitaci\u00f3n triple"}]},{"@type":"WebSite","@id":"https:\/\/www.romanopalace.it\/es\/#website","url":"https:\/\/www.romanopalace.it\/es\/","name":"Romano Palace Hotel","description":"","publisher":{"@id":"https:\/\/www.romanopalace.it\/es\/#organization"},"potentialAction":[{"@type":"SearchAction","target":{"@type":"EntryPoint","urlTemplate":"https:\/\/www.romanopalace.it\/es\/?s={search_term_string}"},"query-input":"required name=search_term_string"}],"inLanguage":"es"},{"@type":"Organization","@id":"https:\/\/www.romanopalace.it\/es\/#organization","name":"Romano Palace Hotel","url":"https:\/\/www.romanopalace.it\/es\/","logo":{"@type":"ImageObject","inLanguage":"es","@id":"https:\/\/www.romanopalace.it\/es\/#\/schema\/logo\/image\/","url":"https:\/\/www.romanopalace.it\/wp-content\/uploads\/sites\/91\/2023\/12\/Romano-Palace-logo-OKKK.png","contentUrl":"https:\/\/www.romanopalace.it\/wp-content\/uploads\/sites\/91\/2023\/12\/Romano-Palace-logo-OKKK.png","width":475,"height":497,"caption":"Romano Palace Hotel"},"image":{"@id":"https:\/\/www.romanopalace.it\/es\/#\/schema\/logo\/image\/"}}]}},"acf":[],"_links":{"self":[{"href":"https:\/\/www.romanopalace.it\/es\/wp-json\/wp\/v2\/pages\/735"}],"collection":[{"href":"https:\/\/www.romanopalace.it\/es\/wp-json\/wp\/v2\/pages"}],"about":[{"href":"https:\/\/www.romanopalace.it\/es\/wp-json\/wp\/v2\/types\/page"}],"author":[{"embeddable":true,"href":"https:\/\/www.romanopalace.it\/es\/wp-json\/wp\/v2\/users\/12"}],"replies":[{"embeddable":true,"href":"https:\/\/www.romanopalace.it\/es\/wp-json\/wp\/v2\/comments?post=735"}],"version-history":[{"count":0,"href":"https:\/\/www.romanopalace.it\/es\/wp-json\/wp\/v2\/pages\/735\/revisions"}],"up":[{"embeddable":true,"href":"https:\/\/www.romanopalace.it\/es\/wp-json\/wp\/v2\/pages\/719"}],"wp:attachment":[{"href":"https:\/\/www.romanopalace.it\/es\/wp-json\/wp\/v2\/media?parent=735"}],"curies":[{"name":"wp","href":"https:\/\/api.w.org\/{rel}","templated":true}]}}